{"id":33219,"date":"2024-03-26T08:16:27","date_gmt":"2024-03-26T08:16:27","guid":{"rendered":""},"modified":"2025-10-17T10:00:22","modified_gmt":"2025-10-17T10:00:22","slug":"der-kress-mission-mega-maehroboter-bewaeltigt-rasenflaechen-von-bis-zu-4-400-m%c2%b2-kr133e","status":"publish","type":"product","link":"https:\/\/www.kress.com\/de-de\/der-kress-mission-mega-maehroboter-bewaeltigt-rasenflaechen-von-bis-zu-4-400-m%c2%b2-kr133e\/","title":{"rendered":"Der Kress Mission Mega M\u00e4hroboter bew\u00e4ltigt Rasenfl\u00e4chen bis zu 4.400 m\u00b2 mit OAS (Obstacle Avoidance System)"},"content":{"rendered":"<p>Der Kress Mission Mega wurde f\u00fcr gro\u00dfe Rasenfl\u00e4chen entwickelt und verf\u00fcgt \u00fcber eine breitere Doppelscheibe, und INTIVA sorgt f\u00fcr eine schnellere Abdeckung der M\u00e4hfl\u00e4che. Durch die Kombination von Effizienz, Intelligenz und Zuverl\u00e4ssigkeit setzt er einen neuen Standard in der Rasenpflege.<\/p>\n","protected":false},"excerpt":{"rendered":"<p>Der Kress Mission Mega wurde f\u00fcr gro\u00dfe Rasenfl\u00e4chen entwickelt und verf\u00fcgt \u00fcber eine breitere Doppelscheibe, und INTIVA sorgt f\u00fcr eine schnellere Abdeckung der M\u00e4hfl\u00e4che. Durch die Kombination von Effizienz, Intelligenz und Zuverl\u00e4ssigkeit setzt er einen neuen Standard in der Rasenpflege.<\/p>\n","protected":false},"featured_media":407896,"template":"","meta":{"_acf_changed":false},"product_brand":[],"product_cat":[],"product_tag":[],"class_list":{"0":"post-33219","1":"product","2":"type-product","3":"status-publish","4":"has-post-thumbnail","7":"first","8":"instock","9":"shipping-taxable","10":"purchasable","11":"product-type-simple"},"acf":[],"yoast_head":"<!-- This site is optimized with the Yoast SEO Premium plugin v26.5 (Yoast SEO v27.0) - https:\/\/yoast.com\/product\/yoast-seo-premium-wordpress\/ -->\n<title>Der Kress Mission Mega M\u00e4hroboter bew\u00e4ltigt Rasenfl\u00e4chen bis zu 4.400 m\u00b2 mit OAS (Obstacle Avoidance System) | Kress<\/title>\n<meta name=\"robots\" content=\"index, follow, max-snippet:-1, max-image-preview:large, max-video-preview:-1\" \/>\n<meta property=\"og:locale\" content=\"de_DE\" \/>\n<meta property=\"og:type\" content=\"article\" \/>\n<meta property=\"og:title\" content=\"Der Kress Mission Mega M\u00e4hroboter bew\u00e4ltigt Rasenfl\u00e4chen bis zu 4.400 m\u00b2 mit OAS (Obstacle Avoidance System)\" \/>\n<meta property=\"og:description\" content=\"Der Kress Mission Mega wurde f\u00fcr gro\u00dfe Rasenfl\u00e4chen entwickelt und verf\u00fcgt \u00fcber eine breitere Doppelscheibe, und INTIVA sorgt f\u00fcr eine schnellere Abdeckung der M\u00e4hfl\u00e4che. Durch die Kombination von Effizienz, Intelligenz und Zuverl\u00e4ssigkeit setzt er einen neuen Standard in der Rasenpflege.\" \/>\n<meta property=\"og:url\" content=\"https:\/\/www.kress.com\/de-de\/der-kress-mission-mega-maehroboter-bewaeltigt-rasenflaechen-von-bis-zu-4-400-m\u00b2-kr133e\/\" \/>\n<meta property=\"og:site_name\" content=\"Kress\" \/>\n<meta property=\"article:modified_time\" content=\"2025-10-17T10:00:22+00:00\" \/>\n<meta property=\"og:image\" content=\"https:\/\/www.kress.com\/wp-content\/uploads\/2024\/02\/logo_long.png\" \/>\n\t<meta property=\"og:image:width\" content=\"1200\" \/>\n\t<meta property=\"og:image:height\" content=\"675\" \/>\n\t<meta property=\"og:image:type\" content=\"image\/png\" \/>\n<meta name=\"twitter:card\" content=\"summary_large_image\" \/>\n<script type=\"application\/ld+json\" class=\"yoast-schema-graph\">{\"@context\":\"https:\/\/schema.org\",\"@graph\":[{\"@type\":\"WebPage\",\"@id\":\"https:\/\/www.kress.com\/de-de\/der-kress-mission-mega-maehroboter-bewaeltigt-rasenflaechen-von-bis-zu-4-400-m%c2%b2-kr133e\/\",\"url\":\"https:\/\/www.kress.com\/de-de\/der-kress-mission-mega-maehroboter-bewaeltigt-rasenflaechen-von-bis-zu-4-400-m%c2%b2-kr133e\/\",\"name\":\"Der Kress Mission Mega M\u00e4hroboter bew\u00e4ltigt Rasenfl\u00e4chen bis zu 4.400 m\u00b2 mit OAS (Obstacle Avoidance System) | Kress\",\"isPartOf\":{\"@id\":\"https:\/\/www.kress.com\/de-de\/#website\"},\"primaryImageOfPage\":{\"@id\":\"https:\/\/www.kress.com\/de-de\/der-kress-mission-mega-maehroboter-bewaeltigt-rasenflaechen-von-bis-zu-4-400-m%c2%b2-kr133e\/#primaryimage\"},\"image\":{\"@id\":\"https:\/\/www.kress.com\/de-de\/der-kress-mission-mega-maehroboter-bewaeltigt-rasenflaechen-von-bis-zu-4-400-m%c2%b2-kr133e\/#primaryimage\"},\"thumbnailUrl\":\"https:\/\/www.kress.com\/wp-content\/uploads\/onpage\/op_image_c822a9e606c39b1104c54ef9118fd503c3bbe16a.1980x.webp\",\"datePublished\":\"2024-03-26T08:16:27+00:00\",\"dateModified\":\"2025-10-17T10:00:22+00:00\",\"breadcrumb\":{\"@id\":\"https:\/\/www.kress.com\/de-de\/der-kress-mission-mega-maehroboter-bewaeltigt-rasenflaechen-von-bis-zu-4-400-m%c2%b2-kr133e\/#breadcrumb\"},\"inLanguage\":\"de\",\"potentialAction\":[{\"@type\":\"ReadAction\",\"target\":[\"https:\/\/www.kress.com\/de-de\/der-kress-mission-mega-maehroboter-bewaeltigt-rasenflaechen-von-bis-zu-4-400-m%c2%b2-kr133e\/\"]}]},{\"@type\":\"ImageObject\",\"inLanguage\":\"de\",\"@id\":\"https:\/\/www.kress.com\/de-de\/der-kress-mission-mega-maehroboter-bewaeltigt-rasenflaechen-von-bis-zu-4-400-m%c2%b2-kr133e\/#primaryimage\",\"url\":\"https:\/\/www.kress.com\/wp-content\/uploads\/onpage\/op_image_c822a9e606c39b1104c54ef9118fd503c3bbe16a.1980x.webp\",\"contentUrl\":\"https:\/\/www.kress.com\/wp-content\/uploads\/onpage\/op_image_c822a9e606c39b1104c54ef9118fd503c3bbe16a.1980x.webp\",\"width\":1980,\"height\":1980},{\"@type\":\"BreadcrumbList\",\"@id\":\"https:\/\/www.kress.com\/de-de\/der-kress-mission-mega-maehroboter-bewaeltigt-rasenflaechen-von-bis-zu-4-400-m%c2%b2-kr133e\/#breadcrumb\",\"itemListElement\":[{\"@type\":\"ListItem\",\"position\":1,\"name\":\"Home\",\"item\":\"https:\/\/www.kress.com\/de-de\/\"},{\"@type\":\"ListItem\",\"position\":2,\"name\":\"Produits\",\"item\":\"https:\/\/www.kress.com\/fr-fr\/shop\/\"},{\"@type\":\"ListItem\",\"position\":3,\"name\":\"Der Kress Mission Mega M\u00e4hroboter bew\u00e4ltigt Rasenfl\u00e4chen von bis zu 4.400 m\u00b2\"}]},{\"@type\":\"WebSite\",\"@id\":\"https:\/\/www.kress.com\/de-de\/#website\",\"url\":\"https:\/\/www.kress.com\/de-de\/\",\"name\":\"Kress\",\"description\":\"\",\"publisher\":{\"@id\":\"https:\/\/www.kress.com\/de-de\/#organization\"},\"potentialAction\":[{\"@type\":\"SearchAction\",\"target\":{\"@type\":\"EntryPoint\",\"urlTemplate\":\"https:\/\/www.kress.com\/de-de\/?s={search_term_string}\"},\"query-input\":{\"@type\":\"PropertyValueSpecification\",\"valueRequired\":true,\"valueName\":\"search_term_string\"}}],\"inLanguage\":\"de\"},{\"@type\":\"Organization\",\"@id\":\"https:\/\/www.kress.com\/de-de\/#organization\",\"name\":\"Kress\",\"url\":\"https:\/\/www.kress.com\/de-de\/\",\"logo\":{\"@type\":\"ImageObject\",\"inLanguage\":\"de\",\"@id\":\"https:\/\/www.kress.com\/de-de\/#\/schema\/logo\/image\/\",\"url\":\"https:\/\/www.kress.com\/wp-content\/uploads\/2024\/02\/logo.png\",\"contentUrl\":\"https:\/\/www.kress.com\/wp-content\/uploads\/2024\/02\/logo.png\",\"width\":696,\"height\":696,\"caption\":\"Kress\"},\"image\":{\"@id\":\"https:\/\/www.kress.com\/de-de\/#\/schema\/logo\/image\/\"}}]}<\/script>\n<!-- \/ Yoast SEO Premium plugin. -->","yoast_head_json":{"title":"Der Kress Mission Mega M\u00e4hroboter bew\u00e4ltigt Rasenfl\u00e4chen bis zu 4.400 m\u00b2 mit OAS (Obstacle Avoidance System) | Kress","robots":{"index":"index","follow":"follow","max-snippet":"max-snippet:-1","max-image-preview":"max-image-preview:large","max-video-preview":"max-video-preview:-1"},"og_locale":"de_DE","og_type":"article","og_title":"Der Kress Mission Mega M\u00e4hroboter bew\u00e4ltigt Rasenfl\u00e4chen bis zu 4.400 m\u00b2 mit OAS (Obstacle Avoidance System)","og_description":"Der Kress Mission Mega wurde f\u00fcr gro\u00dfe Rasenfl\u00e4chen entwickelt und verf\u00fcgt \u00fcber eine breitere Doppelscheibe, und INTIVA sorgt f\u00fcr eine schnellere Abdeckung der M\u00e4hfl\u00e4che. Durch die Kombination von Effizienz, Intelligenz und Zuverl\u00e4ssigkeit setzt er einen neuen Standard in der Rasenpflege.","og_url":"https:\/\/www.kress.com\/de-de\/der-kress-mission-mega-maehroboter-bewaeltigt-rasenflaechen-von-bis-zu-4-400-m\u00b2-kr133e\/","og_site_name":"Kress","article_modified_time":"2025-10-17T10:00:22+00:00","og_image":[{"width":1200,"height":675,"url":"https:\/\/www.kress.com\/wp-content\/uploads\/2024\/02\/logo_long.png","type":"image\/png"}],"twitter_card":"summary_large_image","schema":{"@context":"https:\/\/schema.org","@graph":[{"@type":"WebPage","@id":"https:\/\/www.kress.com\/de-de\/der-kress-mission-mega-maehroboter-bewaeltigt-rasenflaechen-von-bis-zu-4-400-m%c2%b2-kr133e\/","url":"https:\/\/www.kress.com\/de-de\/der-kress-mission-mega-maehroboter-bewaeltigt-rasenflaechen-von-bis-zu-4-400-m%c2%b2-kr133e\/","name":"Der Kress Mission Mega M\u00e4hroboter bew\u00e4ltigt Rasenfl\u00e4chen bis zu 4.400 m\u00b2 mit OAS (Obstacle Avoidance System) | Kress","isPartOf":{"@id":"https:\/\/www.kress.com\/de-de\/#website"},"primaryImageOfPage":{"@id":"https:\/\/www.kress.com\/de-de\/der-kress-mission-mega-maehroboter-bewaeltigt-rasenflaechen-von-bis-zu-4-400-m%c2%b2-kr133e\/#primaryimage"},"image":{"@id":"https:\/\/www.kress.com\/de-de\/der-kress-mission-mega-maehroboter-bewaeltigt-rasenflaechen-von-bis-zu-4-400-m%c2%b2-kr133e\/#primaryimage"},"thumbnailUrl":"https:\/\/www.kress.com\/wp-content\/uploads\/onpage\/op_image_c822a9e606c39b1104c54ef9118fd503c3bbe16a.1980x.webp","datePublished":"2024-03-26T08:16:27+00:00","dateModified":"2025-10-17T10:00:22+00:00","breadcrumb":{"@id":"https:\/\/www.kress.com\/de-de\/der-kress-mission-mega-maehroboter-bewaeltigt-rasenflaechen-von-bis-zu-4-400-m%c2%b2-kr133e\/#breadcrumb"},"inLanguage":"de","potentialAction":[{"@type":"ReadAction","target":["https:\/\/www.kress.com\/de-de\/der-kress-mission-mega-maehroboter-bewaeltigt-rasenflaechen-von-bis-zu-4-400-m%c2%b2-kr133e\/"]}]},{"@type":"ImageObject","inLanguage":"de","@id":"https:\/\/www.kress.com\/de-de\/der-kress-mission-mega-maehroboter-bewaeltigt-rasenflaechen-von-bis-zu-4-400-m%c2%b2-kr133e\/#primaryimage","url":"https:\/\/www.kress.com\/wp-content\/uploads\/onpage\/op_image_c822a9e606c39b1104c54ef9118fd503c3bbe16a.1980x.webp","contentUrl":"https:\/\/www.kress.com\/wp-content\/uploads\/onpage\/op_image_c822a9e606c39b1104c54ef9118fd503c3bbe16a.1980x.webp","width":1980,"height":1980},{"@type":"BreadcrumbList","@id":"https:\/\/www.kress.com\/de-de\/der-kress-mission-mega-maehroboter-bewaeltigt-rasenflaechen-von-bis-zu-4-400-m%c2%b2-kr133e\/#breadcrumb","itemListElement":[{"@type":"ListItem","position":1,"name":"Home","item":"https:\/\/www.kress.com\/de-de\/"},{"@type":"ListItem","position":2,"name":"Produits","item":"https:\/\/www.kress.com\/fr-fr\/shop\/"},{"@type":"ListItem","position":3,"name":"Der Kress Mission Mega M\u00e4hroboter bew\u00e4ltigt Rasenfl\u00e4chen von bis zu 4.400 m\u00b2"}]},{"@type":"WebSite","@id":"https:\/\/www.kress.com\/de-de\/#website","url":"https:\/\/www.kress.com\/de-de\/","name":"Kress","description":"","publisher":{"@id":"https:\/\/www.kress.com\/de-de\/#organization"},"potentialAction":[{"@type":"SearchAction","target":{"@type":"EntryPoint","urlTemplate":"https:\/\/www.kress.com\/de-de\/?s={search_term_string}"},"query-input":{"@type":"PropertyValueSpecification","valueRequired":true,"valueName":"search_term_string"}}],"inLanguage":"de"},{"@type":"Organization","@id":"https:\/\/www.kress.com\/de-de\/#organization","name":"Kress","url":"https:\/\/www.kress.com\/de-de\/","logo":{"@type":"ImageObject","inLanguage":"de","@id":"https:\/\/www.kress.com\/de-de\/#\/schema\/logo\/image\/","url":"https:\/\/www.kress.com\/wp-content\/uploads\/2024\/02\/logo.png","contentUrl":"https:\/\/www.kress.com\/wp-content\/uploads\/2024\/02\/logo.png","width":696,"height":696,"caption":"Kress"},"image":{"@id":"https:\/\/www.kress.com\/de-de\/#\/schema\/logo\/image\/"}}]}},"_links":{"self":[{"href":"https:\/\/www.kress.com\/de-de\/wp-json\/wp\/v2\/product\/33219","targetHints":{"allow":["GET"]}}],"collection":[{"href":"https:\/\/www.kress.com\/de-de\/wp-json\/wp\/v2\/product"}],"about":[{"href":"https:\/\/www.kress.com\/de-de\/wp-json\/wp\/v2\/types\/product"}],"wp:featuredmedia":[{"embeddable":true,"href":"https:\/\/www.kress.com\/de-de\/wp-json\/wp\/v2\/media\/407896"}],"wp:attachment":[{"href":"https:\/\/www.kress.com\/de-de\/wp-json\/wp\/v2\/media?parent=33219"}],"wp:term":[{"taxonomy":"product_brand","embeddable":true,"href":"https:\/\/www.kress.com\/de-de\/wp-json\/wp\/v2\/product_brand?post=33219"},{"taxonomy":"product_cat","embeddable":true,"href":"https:\/\/www.kress.com\/de-de\/wp-json\/wp\/v2\/product_cat?post=33219"},{"taxonomy":"product_tag","embeddable":true,"href":"https:\/\/www.kress.com\/de-de\/wp-json\/wp\/v2\/product_tag?post=33219"}],"curies":[{"name":"wp","href":"https:\/\/api.w.org\/{rel}","templated":true}]}}