{"id":1929,"date":"2022-06-01T11:10:55","date_gmt":"2022-06-01T09:10:55","guid":{"rendered":"https:\/\/www.kress.com\/warranty-statement\/"},"modified":"2022-09-13T16:29:31","modified_gmt":"2022-09-13T14:29:31","slug":"garantieerklaerung","status":"publish","type":"page","link":"https:\/\/www.kress.com\/de-de\/garantieerklaerung\/","title":{"rendered":"GARANTIEERKL\u00c4RUNG"},"content":{"rendered":"<div class=\"simple-page\">\r\n<p>Sollte sich Ihr KRESS Mission<sup>TM<\/sup> Ger\u00e4t innerhalb von 3 Jahren ab dem Kaufdatum aufgrund von Material- oder Ausf\u00fchrungsm\u00e4ngeln als fehlerhaft erweisen, gew\u00e4hren wir Ihnen folgende Garantien:<br \/>\u2022 Kostenloser Ersatz oder kostenlose Reparatur aller fehlerhaften Teile, oder<br \/>\u2022 Kostenlose Reparatur der Produkte, oder<br \/>\u2022 Kostenloser Ersatz des Ger\u00e4ts durch ein neues oder general\u00fcberholtes Ger\u00e4t.<\/p>\r\n\r\n\r\n\r\n<p>Ihre Garantie unterliegt den folgenden Bedingungen:<br \/>\u2022 Registrierung im Internet www.kress.com innerhalb von 30 Tagen nach dem Kauf. (ohne Registrierung gelten f\u00fcr Verbraucher, d.h. Personen, die das Ger\u00e4t f\u00fcr den privaten Gebrauch nutzen, nur 24 Monate Garantie)<br \/>\u2022 F\u00fcr Mission<sup>TM<\/sup> MEGA RTKn Produkte gew\u00e4hren wir neben der oben genannten Garantie f\u00fcr den privaten Gebrauch auch eine 12-monatige Garantie f\u00fcr den professionellen Gebrauch, unabh\u00e4ngig von einer Online-Registrierung.<br \/>\u2022 F\u00fcr Akkupacks gilt eine Garantie von 12 Monaten, unabh\u00e4ngig von der Online-Registrierung und der Kundenkategorie.<br \/>\u2022 Das Ger\u00e4t wurde nicht falsch verwendet, missbraucht, vernachl\u00e4ssigt, ver\u00e4ndert, modifiziert oder nicht von einem autorisierten Kundendienst repariert.<br \/>\u2022 Nur originale KRESS Mission<sup>TM<\/sup>-Zubeh\u00f6rteile und Einzelteile wurden am oder zusammen mit dem Produkt verwendet.<br \/>\u2022 Das Ger\u00e4t war einer angemessenen Abnutzung ausgesetzt.<br \/>\u2022 Das Ger\u00e4t wurde nicht gegen eine Geb\u00fchr ausgeliehen.<br \/>\u2022 Das Ger\u00e4t wurde nicht von Fremdgegenst\u00e4nden, Substanzen oder aufgrund von Unf\u00e4llen besch\u00e4digt.<br \/>\u2022 Der Akku\/das Produkt muss bei Au\u00dfentemperaturen unter 0\u00b0C frostfrei gelagert werden (in Innenr\u00e4umen).<\/p>\r\n\r\n\r\n\r\n<p>Ihre Garantie deckt folgende Sachverhalte nicht ab:<br \/>\u2022 Bauteile, die sich w\u00e4hrend anweisungsgem\u00e4\u00dfer Handhabung auf nat\u00fcrliche Weise abgenutzt haben.<br \/>\u2022 Unerlaubte\/falsche Wartung\/Handhabung oder \u00dcberlastung von Zubeh\u00f6rteilen ist von dieser Garantie nicht abgedeckt, z. B. Gl\u00fchbirnen, Klingen und Bohrspitzen usw.<br \/>\u2022 Sch\u00e4den, Fehlfunktionen oder Fehlfunktionen, die durch Hochdruckreiniger verursacht werden. Verwenden Sie Dampf oder Leitungswasser, um das Produkt zu reinigen.<\/p>\r\n<p>Um Garantieanspr\u00fcche geltend zu machen, m\u00fcssen Sie ein Registrierungsdokument und den Kaufbeleg in Form eines g\u00fcltigen Kassenzettels vorlegen, auf dem das Kaufdatum und der Kaufort vermerkt sind.<br \/>Diese Garantieerkl\u00e4rung ersetzt nicht Ihre gesetzlich festgelegten Rechte, sondern erg\u00e4nzt diese. Die Garantie gilt nicht f\u00fcr Zubeh\u00f6rteile.<br \/>Die Garantie ist nur f\u00fcr den urspr\u00fcnglichen K\u00e4ufer g\u00fcltig und kann nicht \u00fcbertragen werden.<br \/>Garantieleistungen bewirken weder eine Verl\u00e4ngerung der Garantiefrist, noch bewirken sie den Beginn einer neuen Garantiefrist.<\/p>\r\n<p><br \/><strong>Explosionszeichnung und Teileliste finden Sie unter: www.kress.com<\/strong><\/p>\r\n\r\n\r\n<\/div>","protected":false},"excerpt":{"rendered":"<p>Sollte sich Ihr KRESS MissionTM Ger\u00e4t innerhalb von 3 Jahren ab dem Kaufdatum aufgrund von Material- oder Ausf\u00fchrungsm\u00e4ngeln als fehlerhaft erweisen, gew\u00e4hren wir Ihnen folgende Garantien:\u2022 Kostenloser Ersatz oder kostenlose Reparatur aller fehlerhaften Teile, oder\u2022 Kostenlose Reparatur der Produkte, oder\u2022 Kostenloser Ersatz des Ger\u00e4ts durch ein neues oder general\u00fcberholtes Ger\u00e4t. Ihre Garantie unterliegt den folgenden [&hellip;]<\/p>\n","protected":false},"author":18,"featured_media":0,"parent":0,"menu_order":0,"comment_status":"closed","ping_status":"closed","template":"template-warranty-statement.php","meta":{"_acf_changed":false,"footnotes":""},"class_list":["post-1929","page","type-page","status-publish","hentry"],"acf":[],"yoast_head":"<!-- This site is optimized with the Yoast SEO Premium plugin v26.5 (Yoast SEO v27.0) - https:\/\/yoast.com\/product\/yoast-seo-premium-wordpress\/ -->\n<title>GARANTIEERKL\u00c4RUNG | Kress<\/title>\n<meta name=\"robots\" content=\"index, follow, max-snippet:-1, max-image-preview:large, max-video-preview:-1\" \/>\n<meta property=\"og:locale\" content=\"de_DE\" \/>\n<meta property=\"og:type\" content=\"article\" \/>\n<meta property=\"og:title\" content=\"GARANTIEERKL\u00c4RUNG\" \/>\n<meta property=\"og:description\" content=\"Sollte sich Ihr KRESS MissionTM Ger\u00e4t innerhalb von 3 Jahren ab dem Kaufdatum aufgrund von Material- oder Ausf\u00fchrungsm\u00e4ngeln als fehlerhaft erweisen, gew\u00e4hren wir Ihnen folgende Garantien:\u2022 Kostenloser Ersatz oder kostenlose Reparatur aller fehlerhaften Teile, oder\u2022 Kostenlose Reparatur der Produkte, oder\u2022 Kostenloser Ersatz des Ger\u00e4ts durch ein neues oder general\u00fcberholtes Ger\u00e4t. Ihre Garantie unterliegt den folgenden [&hellip;]\" \/>\n<meta property=\"og:url\" content=\"https:\/\/www.kress.com\/de-de\/garantieerklaerung\/\" \/>\n<meta property=\"og:site_name\" content=\"Kress\" \/>\n<meta property=\"article:modified_time\" content=\"2022-09-13T14:29:31+00:00\" \/>\n<meta property=\"og:image\" content=\"https:\/\/www.kress.com\/wp-content\/uploads\/2024\/02\/logo_long.png\" \/>\n\t<meta property=\"og:image:width\" content=\"1200\" \/>\n\t<meta property=\"og:image:height\" content=\"675\" \/>\n\t<meta property=\"og:image:type\" content=\"image\/png\" \/>\n<meta name=\"twitter:card\" content=\"summary_large_image\" \/>\n<meta name=\"twitter:label1\" content=\"Gesch\u00e4tzte Lesezeit\" \/>\n\t<meta name=\"twitter:data1\" content=\"2\u00a0Minuten\" \/>\n<script type=\"application\/ld+json\" class=\"yoast-schema-graph\">{\"@context\":\"https:\/\/schema.org\",\"@graph\":[{\"@type\":\"WebPage\",\"@id\":\"https:\/\/www.kress.com\/de-de\/garantieerklaerung\/\",\"url\":\"https:\/\/www.kress.com\/de-de\/garantieerklaerung\/\",\"name\":\"GARANTIEERKL\u00c4RUNG | Kress\",\"isPartOf\":{\"@id\":\"https:\/\/www.kress.com\/de-de\/#website\"},\"datePublished\":\"2022-06-01T09:10:55+00:00\",\"dateModified\":\"2022-09-13T14:29:31+00:00\",\"breadcrumb\":{\"@id\":\"https:\/\/www.kress.com\/de-de\/garantieerklaerung\/#breadcrumb\"},\"inLanguage\":\"de\",\"potentialAction\":[{\"@type\":\"ReadAction\",\"target\":[\"https:\/\/www.kress.com\/de-de\/garantieerklaerung\/\"]}]},{\"@type\":\"BreadcrumbList\",\"@id\":\"https:\/\/www.kress.com\/de-de\/garantieerklaerung\/#breadcrumb\",\"itemListElement\":[{\"@type\":\"ListItem\",\"position\":1,\"name\":\"Home\",\"item\":\"https:\/\/www.kress.com\/de-de\/\"},{\"@type\":\"ListItem\",\"position\":2,\"name\":\"GARANTIEERKL\u00c4RUNG\"}]},{\"@type\":\"WebSite\",\"@id\":\"https:\/\/www.kress.com\/de-de\/#website\",\"url\":\"https:\/\/www.kress.com\/de-de\/\",\"name\":\"Kress\",\"description\":\"\",\"publisher\":{\"@id\":\"https:\/\/www.kress.com\/de-de\/#organization\"},\"potentialAction\":[{\"@type\":\"SearchAction\",\"target\":{\"@type\":\"EntryPoint\",\"urlTemplate\":\"https:\/\/www.kress.com\/de-de\/?s={search_term_string}\"},\"query-input\":{\"@type\":\"PropertyValueSpecification\",\"valueRequired\":true,\"valueName\":\"search_term_string\"}}],\"inLanguage\":\"de\"},{\"@type\":\"Organization\",\"@id\":\"https:\/\/www.kress.com\/de-de\/#organization\",\"name\":\"Kress\",\"url\":\"https:\/\/www.kress.com\/de-de\/\",\"logo\":{\"@type\":\"ImageObject\",\"inLanguage\":\"de\",\"@id\":\"https:\/\/www.kress.com\/de-de\/#\/schema\/logo\/image\/\",\"url\":\"https:\/\/www.kress.com\/wp-content\/uploads\/2024\/02\/logo.png\",\"contentUrl\":\"https:\/\/www.kress.com\/wp-content\/uploads\/2024\/02\/logo.png\",\"width\":696,\"height\":696,\"caption\":\"Kress\"},\"image\":{\"@id\":\"https:\/\/www.kress.com\/de-de\/#\/schema\/logo\/image\/\"}}]}<\/script>\n<!-- \/ Yoast SEO Premium plugin. -->","yoast_head_json":{"title":"GARANTIEERKL\u00c4RUNG | Kress","robots":{"index":"index","follow":"follow","max-snippet":"max-snippet:-1","max-image-preview":"max-image-preview:large","max-video-preview":"max-video-preview:-1"},"og_locale":"de_DE","og_type":"article","og_title":"GARANTIEERKL\u00c4RUNG","og_description":"Sollte sich Ihr KRESS MissionTM Ger\u00e4t innerhalb von 3 Jahren ab dem Kaufdatum aufgrund von Material- oder Ausf\u00fchrungsm\u00e4ngeln als fehlerhaft erweisen, gew\u00e4hren wir Ihnen folgende Garantien:\u2022 Kostenloser Ersatz oder kostenlose Reparatur aller fehlerhaften Teile, oder\u2022 Kostenlose Reparatur der Produkte, oder\u2022 Kostenloser Ersatz des Ger\u00e4ts durch ein neues oder general\u00fcberholtes Ger\u00e4t. Ihre Garantie unterliegt den folgenden [&hellip;]","og_url":"https:\/\/www.kress.com\/de-de\/garantieerklaerung\/","og_site_name":"Kress","article_modified_time":"2022-09-13T14:29:31+00:00","og_image":[{"width":1200,"height":675,"url":"https:\/\/www.kress.com\/wp-content\/uploads\/2024\/02\/logo_long.png","type":"image\/png"}],"twitter_card":"summary_large_image","twitter_misc":{"Gesch\u00e4tzte Lesezeit":"2\u00a0Minuten"},"schema":{"@context":"https:\/\/schema.org","@graph":[{"@type":"WebPage","@id":"https:\/\/www.kress.com\/de-de\/garantieerklaerung\/","url":"https:\/\/www.kress.com\/de-de\/garantieerklaerung\/","name":"GARANTIEERKL\u00c4RUNG | Kress","isPartOf":{"@id":"https:\/\/www.kress.com\/de-de\/#website"},"datePublished":"2022-06-01T09:10:55+00:00","dateModified":"2022-09-13T14:29:31+00:00","breadcrumb":{"@id":"https:\/\/www.kress.com\/de-de\/garantieerklaerung\/#breadcrumb"},"inLanguage":"de","potentialAction":[{"@type":"ReadAction","target":["https:\/\/www.kress.com\/de-de\/garantieerklaerung\/"]}]},{"@type":"BreadcrumbList","@id":"https:\/\/www.kress.com\/de-de\/garantieerklaerung\/#breadcrumb","itemListElement":[{"@type":"ListItem","position":1,"name":"Home","item":"https:\/\/www.kress.com\/de-de\/"},{"@type":"ListItem","position":2,"name":"GARANTIEERKL\u00c4RUNG"}]},{"@type":"WebSite","@id":"https:\/\/www.kress.com\/de-de\/#website","url":"https:\/\/www.kress.com\/de-de\/","name":"Kress","description":"","publisher":{"@id":"https:\/\/www.kress.com\/de-de\/#organization"},"potentialAction":[{"@type":"SearchAction","target":{"@type":"EntryPoint","urlTemplate":"https:\/\/www.kress.com\/de-de\/?s={search_term_string}"},"query-input":{"@type":"PropertyValueSpecification","valueRequired":true,"valueName":"search_term_string"}}],"inLanguage":"de"},{"@type":"Organization","@id":"https:\/\/www.kress.com\/de-de\/#organization","name":"Kress","url":"https:\/\/www.kress.com\/de-de\/","logo":{"@type":"ImageObject","inLanguage":"de","@id":"https:\/\/www.kress.com\/de-de\/#\/schema\/logo\/image\/","url":"https:\/\/www.kress.com\/wp-content\/uploads\/2024\/02\/logo.png","contentUrl":"https:\/\/www.kress.com\/wp-content\/uploads\/2024\/02\/logo.png","width":696,"height":696,"caption":"Kress"},"image":{"@id":"https:\/\/www.kress.com\/de-de\/#\/schema\/logo\/image\/"}}]}},"_links":{"self":[{"href":"https:\/\/www.kress.com\/de-de\/wp-json\/wp\/v2\/pages\/1929","targetHints":{"allow":["GET"]}}],"collection":[{"href":"https:\/\/www.kress.com\/de-de\/wp-json\/wp\/v2\/pages"}],"about":[{"href":"https:\/\/www.kress.com\/de-de\/wp-json\/wp\/v2\/types\/page"}],"author":[{"embeddable":true,"href":"https:\/\/www.kress.com\/de-de\/wp-json\/wp\/v2\/users\/18"}],"replies":[{"embeddable":true,"href":"https:\/\/www.kress.com\/de-de\/wp-json\/wp\/v2\/comments?post=1929"}],"version-history":[{"count":8,"href":"https:\/\/www.kress.com\/de-de\/wp-json\/wp\/v2\/pages\/1929\/revisions"}],"predecessor-version":[{"id":6795,"href":"https:\/\/www.kress.com\/de-de\/wp-json\/wp\/v2\/pages\/1929\/revisions\/6795"}],"wp:attachment":[{"href":"https:\/\/www.kress.com\/de-de\/wp-json\/wp\/v2\/media?parent=1929"}],"curies":[{"name":"wp","href":"https:\/\/api.w.org\/{rel}","templated":true}]}}