{"id":1755,"date":"2022-05-19T16:06:32","date_gmt":"2022-05-19T14:06:32","guid":{"rendered":"https:\/\/dev.kress.com\/push-lawn-mowers-page\/"},"modified":"2023-05-31T22:00:28","modified_gmt":"2023-05-31T20:00:28","slug":"den-richtigen-rasenmaeher-waehlen","status":"publish","type":"page","link":"https:\/\/www.kress.com\/de-de\/den-richtigen-rasenmaeher-waehlen\/","title":{"rendered":"Rasenm\u00e4her"},"content":{"rendered":"","protected":false},"excerpt":{"rendered":"","protected":false},"author":18,"featured_media":0,"parent":0,"menu_order":0,"comment_status":"closed","ping_status":"closed","template":"template-push-lawn-mowers.php","meta":{"_acf_changed":false,"footnotes":""},"class_list":["post-1755","page","type-page","status-publish","hentry"],"acf":[],"yoast_head":"<!-- This site is optimized with the Yoast SEO Premium plugin v26.5 (Yoast SEO v27.0) - https:\/\/yoast.com\/product\/yoast-seo-premium-wordpress\/ -->\n<title>Welcher ist der beste Rasenm\u00e4her? Die Profi-Auswahlkriterien<\/title>\n<meta name=\"description\" content=\"Wie w\u00e4hlt man den richtigen Rasenm\u00e4her? Zum Schieben oder selbstfahrend, mit Vorder- oder Hinterradantrieb? Es gibt viele Merkmale zu beachten.\" \/>\n<meta name=\"robots\" content=\"index, follow, max-snippet:-1, max-image-preview:large, max-video-preview:-1\" \/>\n<meta property=\"og:locale\" content=\"de_DE\" \/>\n<meta property=\"og:type\" content=\"article\" \/>\n<meta property=\"og:title\" content=\"Rasenm\u00e4her\" \/>\n<meta property=\"og:description\" content=\"Wie w\u00e4hlt man den richtigen Rasenm\u00e4her? Zum Schieben oder selbstfahrend, mit Vorder- oder Hinterradantrieb? Es gibt viele Merkmale zu beachten.\" \/>\n<meta property=\"og:url\" content=\"https:\/\/www.kress.com\/de-de\/den-richtigen-rasenmaeher-waehlen\/\" \/>\n<meta property=\"og:site_name\" content=\"Kress\" \/>\n<meta property=\"article:modified_time\" content=\"2023-05-31T20:00:28+00:00\" \/>\n<meta property=\"og:image\" content=\"https:\/\/www.kress.com\/wp-content\/uploads\/2024\/02\/logo_long.png\" \/>\n\t<meta property=\"og:image:width\" content=\"1200\" \/>\n\t<meta property=\"og:image:height\" content=\"675\" \/>\n\t<meta property=\"og:image:type\" content=\"image\/png\" \/>\n<meta name=\"twitter:card\" content=\"summary_large_image\" \/>\n<script type=\"application\/ld+json\" class=\"yoast-schema-graph\">{\"@context\":\"https:\/\/schema.org\",\"@graph\":[{\"@type\":\"WebPage\",\"@id\":\"https:\/\/www.kress.com\/de-de\/den-richtigen-rasenmaeher-waehlen\/\",\"url\":\"https:\/\/www.kress.com\/de-de\/den-richtigen-rasenmaeher-waehlen\/\",\"name\":\"Welcher ist der beste Rasenm\u00e4her? Die Profi-Auswahlkriterien\",\"isPartOf\":{\"@id\":\"https:\/\/www.kress.com\/de-de\/#website\"},\"datePublished\":\"2022-05-19T14:06:32+00:00\",\"dateModified\":\"2023-05-31T20:00:28+00:00\",\"description\":\"Wie w\u00e4hlt man den richtigen Rasenm\u00e4her? Zum Schieben oder selbstfahrend, mit Vorder- oder Hinterradantrieb? Es gibt viele Merkmale zu beachten.\",\"breadcrumb\":{\"@id\":\"https:\/\/www.kress.com\/de-de\/den-richtigen-rasenmaeher-waehlen\/#breadcrumb\"},\"inLanguage\":\"de\",\"potentialAction\":[{\"@type\":\"ReadAction\",\"target\":[\"https:\/\/www.kress.com\/de-de\/den-richtigen-rasenmaeher-waehlen\/\"]}]},{\"@type\":\"BreadcrumbList\",\"@id\":\"https:\/\/www.kress.com\/de-de\/den-richtigen-rasenmaeher-waehlen\/#breadcrumb\",\"itemListElement\":[{\"@type\":\"ListItem\",\"position\":1,\"name\":\"Home\",\"item\":\"https:\/\/www.kress.com\/de-de\/\"},{\"@type\":\"ListItem\",\"position\":2,\"name\":\"Rasenm\u00e4her\"}]},{\"@type\":\"WebSite\",\"@id\":\"https:\/\/www.kress.com\/de-de\/#website\",\"url\":\"https:\/\/www.kress.com\/de-de\/\",\"name\":\"Kress\",\"description\":\"\",\"publisher\":{\"@id\":\"https:\/\/www.kress.com\/de-de\/#organization\"},\"potentialAction\":[{\"@type\":\"SearchAction\",\"target\":{\"@type\":\"EntryPoint\",\"urlTemplate\":\"https:\/\/www.kress.com\/de-de\/?s={search_term_string}\"},\"query-input\":{\"@type\":\"PropertyValueSpecification\",\"valueRequired\":true,\"valueName\":\"search_term_string\"}}],\"inLanguage\":\"de\"},{\"@type\":\"Organization\",\"@id\":\"https:\/\/www.kress.com\/de-de\/#organization\",\"name\":\"Kress\",\"url\":\"https:\/\/www.kress.com\/de-de\/\",\"logo\":{\"@type\":\"ImageObject\",\"inLanguage\":\"de\",\"@id\":\"https:\/\/www.kress.com\/de-de\/#\/schema\/logo\/image\/\",\"url\":\"https:\/\/www.kress.com\/wp-content\/uploads\/2024\/02\/logo.png\",\"contentUrl\":\"https:\/\/www.kress.com\/wp-content\/uploads\/2024\/02\/logo.png\",\"width\":696,\"height\":696,\"caption\":\"Kress\"},\"image\":{\"@id\":\"https:\/\/www.kress.com\/de-de\/#\/schema\/logo\/image\/\"}}]}<\/script>\n<!-- \/ Yoast SEO Premium plugin. -->","yoast_head_json":{"title":"Welcher ist der beste Rasenm\u00e4her? Die Profi-Auswahlkriterien","description":"Wie w\u00e4hlt man den richtigen Rasenm\u00e4her? Zum Schieben oder selbstfahrend, mit Vorder- oder Hinterradantrieb? Es gibt viele Merkmale zu beachten.","robots":{"index":"index","follow":"follow","max-snippet":"max-snippet:-1","max-image-preview":"max-image-preview:large","max-video-preview":"max-video-preview:-1"},"og_locale":"de_DE","og_type":"article","og_title":"Rasenm\u00e4her","og_description":"Wie w\u00e4hlt man den richtigen Rasenm\u00e4her? Zum Schieben oder selbstfahrend, mit Vorder- oder Hinterradantrieb? Es gibt viele Merkmale zu beachten.","og_url":"https:\/\/www.kress.com\/de-de\/den-richtigen-rasenmaeher-waehlen\/","og_site_name":"Kress","article_modified_time":"2023-05-31T20:00:28+00:00","og_image":[{"width":1200,"height":675,"url":"https:\/\/www.kress.com\/wp-content\/uploads\/2024\/02\/logo_long.png","type":"image\/png"}],"twitter_card":"summary_large_image","schema":{"@context":"https:\/\/schema.org","@graph":[{"@type":"WebPage","@id":"https:\/\/www.kress.com\/de-de\/den-richtigen-rasenmaeher-waehlen\/","url":"https:\/\/www.kress.com\/de-de\/den-richtigen-rasenmaeher-waehlen\/","name":"Welcher ist der beste Rasenm\u00e4her? Die Profi-Auswahlkriterien","isPartOf":{"@id":"https:\/\/www.kress.com\/de-de\/#website"},"datePublished":"2022-05-19T14:06:32+00:00","dateModified":"2023-05-31T20:00:28+00:00","description":"Wie w\u00e4hlt man den richtigen Rasenm\u00e4her? Zum Schieben oder selbstfahrend, mit Vorder- oder Hinterradantrieb? Es gibt viele Merkmale zu beachten.","breadcrumb":{"@id":"https:\/\/www.kress.com\/de-de\/den-richtigen-rasenmaeher-waehlen\/#breadcrumb"},"inLanguage":"de","potentialAction":[{"@type":"ReadAction","target":["https:\/\/www.kress.com\/de-de\/den-richtigen-rasenmaeher-waehlen\/"]}]},{"@type":"BreadcrumbList","@id":"https:\/\/www.kress.com\/de-de\/den-richtigen-rasenmaeher-waehlen\/#breadcrumb","itemListElement":[{"@type":"ListItem","position":1,"name":"Home","item":"https:\/\/www.kress.com\/de-de\/"},{"@type":"ListItem","position":2,"name":"Rasenm\u00e4her"}]},{"@type":"WebSite","@id":"https:\/\/www.kress.com\/de-de\/#website","url":"https:\/\/www.kress.com\/de-de\/","name":"Kress","description":"","publisher":{"@id":"https:\/\/www.kress.com\/de-de\/#organization"},"potentialAction":[{"@type":"SearchAction","target":{"@type":"EntryPoint","urlTemplate":"https:\/\/www.kress.com\/de-de\/?s={search_term_string}"},"query-input":{"@type":"PropertyValueSpecification","valueRequired":true,"valueName":"search_term_string"}}],"inLanguage":"de"},{"@type":"Organization","@id":"https:\/\/www.kress.com\/de-de\/#organization","name":"Kress","url":"https:\/\/www.kress.com\/de-de\/","logo":{"@type":"ImageObject","inLanguage":"de","@id":"https:\/\/www.kress.com\/de-de\/#\/schema\/logo\/image\/","url":"https:\/\/www.kress.com\/wp-content\/uploads\/2024\/02\/logo.png","contentUrl":"https:\/\/www.kress.com\/wp-content\/uploads\/2024\/02\/logo.png","width":696,"height":696,"caption":"Kress"},"image":{"@id":"https:\/\/www.kress.com\/de-de\/#\/schema\/logo\/image\/"}}]}},"_links":{"self":[{"href":"https:\/\/www.kress.com\/de-de\/wp-json\/wp\/v2\/pages\/1755","targetHints":{"allow":["GET"]}}],"collection":[{"href":"https:\/\/www.kress.com\/de-de\/wp-json\/wp\/v2\/pages"}],"about":[{"href":"https:\/\/www.kress.com\/de-de\/wp-json\/wp\/v2\/types\/page"}],"author":[{"embeddable":true,"href":"https:\/\/www.kress.com\/de-de\/wp-json\/wp\/v2\/users\/18"}],"replies":[{"embeddable":true,"href":"https:\/\/www.kress.com\/de-de\/wp-json\/wp\/v2\/comments?post=1755"}],"version-history":[{"count":1,"href":"https:\/\/www.kress.com\/de-de\/wp-json\/wp\/v2\/pages\/1755\/revisions"}],"predecessor-version":[{"id":5622,"href":"https:\/\/www.kress.com\/de-de\/wp-json\/wp\/v2\/pages\/1755\/revisions\/5622"}],"wp:attachment":[{"href":"https:\/\/www.kress.com\/de-de\/wp-json\/wp\/v2\/media?parent=1755"}],"curies":[{"name":"wp","href":"https:\/\/api.w.org\/{rel}","templated":true}]}}