{"id":482024,"date":"2025-12-02T10:03:46","date_gmt":"2025-12-02T10:03:46","guid":{"rendered":""},"modified":"2025-12-02T10:00:28","modified_gmt":"2025-12-02T10:00:28","slug":"kr285e","status":"publish","type":"product","link":"https:\/\/www.kress.com\/de-ch\/kr285e\/","title":{"rendered":"Kress EyePilot\u00ae 4\u00d74 RTK\u207f 5000 m\u00b2 M\u00e4hroboter"},"content":{"rendered":"<p>Dise\u00f1ado para terrenos exigentes, el Kress EyePilot\u00ae 4\u00d74 RTK\u207f KR285E combina el posicionamiento por sat\u00e9lite RTK\u207f con la percepci\u00f3n basada en la visi\u00f3n y un aut\u00e9ntico sistema de tracci\u00f3n a las cuatro ruedas para ofrecer una navegaci\u00f3n precisa y estable en terrenos complejos, sin necesidad de hardware adicional. <\/p>\n<p>Un sistema de tracci\u00f3n de cuatro motores con control de par en tiempo real mantiene la tracci\u00f3n y la direcci\u00f3n en pendientes de hasta el 84 % (\u224840\u00b0), mientras que los ejes independientes y la carrocer\u00eda articulada mantienen las cuatro ruedas en contacto con el suelo y garantizan un plano de corte uniforme incluso en terrenos irregulares.<\/p>\n<p>La direcci\u00f3n en las ruedas delanteras permite realizar giros suaves sin da\u00f1ar el c\u00e9sped, mientras que la altura libre sobre el suelo de 6 cm permite a la cortac\u00e9sped superar bordes elevados y transiciones con total seguridad.<\/p>\n<p>La correcci\u00f3n RTK\u207f se transmite de forma inal\u00e1mbrica y cuenta con el respaldo de una arquitectura de posicionamiento redundante que garantiza una precisi\u00f3n fiable, incluso cuando la se\u00f1al de los sat\u00e9lites es d\u00e9bil. La conectividad a trav\u00e9s de Wi-Fi o 4G integrado asegura un funcionamiento continuo, sin costes adicionales: la tarjeta SIM y el servicio de datos est\u00e1n incluidos desde el primer momento.<\/p>\n<p>RTK\u207f-Korrekturdaten werden drahtlos \u00fcbertragen und durch eine redundante Positionsarchitektur abgesichert, um auch bei eingeschr\u00e4nktem Satellitensignal h\u00f6chste Genauigkeit zu gew\u00e4hrleisten. Konnektivit\u00e4t \u00fcber WLAN oder integriertes 4G gew\u00e4hrleistet einen kontinuierlichen Betrieb \u2013 ohne zus\u00e4tzliche Geb\u00fchren: SIM-Karte und Datenservice sind enthalten.<\/p>\n","protected":false},"excerpt":{"rendered":"<p>Dise\u00f1ado para terrenos exigentes, el Kress EyePilot\u00ae 4\u00d74 RTK\u207f KR285E combina el posicionamiento por sat\u00e9lite RTK\u207f con la percepci\u00f3n basada en la visi\u00f3n y un aut\u00e9ntico sistema de tracci\u00f3n a las cuatro ruedas para ofrecer una navegaci\u00f3n precisa y estable en terrenos complejos, sin necesidad de hardware adicional. Un sistema de tracci\u00f3n de cuatro motores [&hellip;]<\/p>\n","protected":false},"featured_media":522570,"template":"","meta":{"_acf_changed":false},"product_brand":[],"product_cat":[],"product_tag":[],"class_list":{"0":"post-482024","1":"product","2":"type-product","3":"status-publish","4":"has-post-thumbnail","7":"first","8":"instock","9":"shipping-taxable","10":"purchasable","11":"product-type-simple"},"acf":[],"yoast_head":"<!-- This site is optimized with the Yoast SEO Premium plugin v26.5 (Yoast SEO v27.0) - https:\/\/yoast.com\/product\/yoast-seo-premium-wordpress\/ -->\n<title>Kress EyePilot\u00ae 4\u00d74 RTK\u207f 5000 m\u00b2 M\u00e4hroboter | Kress<\/title>\n<meta name=\"robots\" content=\"index, follow, max-snippet:-1, max-image-preview:large, max-video-preview:-1\" \/>\n<meta property=\"og:locale\" content=\"de_DE\" \/>\n<meta property=\"og:type\" content=\"article\" \/>\n<meta property=\"og:title\" content=\"Kress EyePilot\u00ae 4\u00d74 RTK\u207f 5000 m\u00b2 M\u00e4hroboter\" \/>\n<meta property=\"og:description\" content=\"Dise\u00f1ado para terrenos exigentes, el Kress EyePilot\u00ae 4\u00d74 RTK\u207f KR285E combina el posicionamiento por sat\u00e9lite RTK\u207f con la percepci\u00f3n basada en la visi\u00f3n y un aut\u00e9ntico sistema de tracci\u00f3n a las cuatro ruedas para ofrecer una navegaci\u00f3n precisa y estable en terrenos complejos, sin necesidad de hardware adicional. Un sistema de tracci\u00f3n de cuatro motores [&hellip;]\" \/>\n<meta property=\"og:url\" content=\"https:\/\/www.kress.com\/en-gb\/?post_type=product&amp;p=482007\" \/>\n<meta property=\"og:site_name\" content=\"Kress\" \/>\n<meta property=\"og:image\" content=\"https:\/\/www.kress.com\/wp-content\/uploads\/2024\/02\/logo_long.png\" \/>\n\t<meta property=\"og:image:width\" content=\"1200\" \/>\n\t<meta property=\"og:image:height\" content=\"675\" \/>\n\t<meta property=\"og:image:type\" content=\"image\/png\" \/>\n<meta name=\"twitter:card\" content=\"summary_large_image\" \/>\n<meta name=\"twitter:label1\" content=\"Gesch\u00e4tzte Lesezeit\" \/>\n\t<meta name=\"twitter:data1\" content=\"1\u00a0Minute\" \/>\n<script type=\"application\/ld+json\" class=\"yoast-schema-graph\">{\"@context\":\"https:\/\/schema.org\",\"@graph\":[{\"@type\":\"WebPage\",\"@id\":\"https:\/\/www.kress.com\/en-gb\/?post_type=product&p=482007\",\"url\":\"https:\/\/www.kress.com\/en-gb\/?post_type=product&p=482007\",\"name\":\"Kress EyePilot\u00ae 4\u00d74 RTK\u207f 5000 m\u00b2 M\u00e4hroboter | Kress\",\"isPartOf\":{\"@id\":\"https:\/\/www.kress.com\/de-de\/#website\"},\"primaryImageOfPage\":{\"@id\":\"https:\/\/www.kress.com\/en-gb\/?post_type=product&p=482007#primaryimage\"},\"image\":{\"@id\":\"https:\/\/www.kress.com\/en-gb\/?post_type=product&p=482007#primaryimage\"},\"thumbnailUrl\":\"https:\/\/www.kress.com\/wp-content\/uploads\/onpage\/op_image_8b395b2651412d1cfe66cc6d6ec6e537e3ec5938.1980x.webp\",\"datePublished\":\"2025-12-02T10:03:46+00:00\",\"breadcrumb\":{\"@id\":\"https:\/\/www.kress.com\/en-gb\/?post_type=product&p=482007#breadcrumb\"},\"inLanguage\":\"de-CH\",\"potentialAction\":[{\"@type\":\"ReadAction\",\"target\":[\"https:\/\/www.kress.com\/en-gb\/?post_type=product&p=482007\"]}]},{\"@type\":\"ImageObject\",\"inLanguage\":\"de-CH\",\"@id\":\"https:\/\/www.kress.com\/en-gb\/?post_type=product&p=482007#primaryimage\",\"url\":\"https:\/\/www.kress.com\/wp-content\/uploads\/onpage\/op_image_8b395b2651412d1cfe66cc6d6ec6e537e3ec5938.1980x.webp\",\"contentUrl\":\"https:\/\/www.kress.com\/wp-content\/uploads\/onpage\/op_image_8b395b2651412d1cfe66cc6d6ec6e537e3ec5938.1980x.webp\",\"width\":1980,\"height\":1980},{\"@type\":\"BreadcrumbList\",\"@id\":\"https:\/\/www.kress.com\/en-gb\/?post_type=product&p=482007#breadcrumb\",\"itemListElement\":[{\"@type\":\"ListItem\",\"position\":1,\"name\":\"Home\",\"item\":\"https:\/\/www.kress.com\/de-ch\/\"},{\"@type\":\"ListItem\",\"position\":2,\"name\":\"Produits\",\"item\":\"https:\/\/www.kress.com\/fr-fr\/shop\/\"},{\"@type\":\"ListItem\",\"position\":3,\"name\":\"KR285E\"}]},{\"@type\":\"WebSite\",\"@id\":\"https:\/\/www.kress.com\/de-de\/#website\",\"url\":\"https:\/\/www.kress.com\/de-de\/\",\"name\":\"Kress\",\"description\":\"\",\"publisher\":{\"@id\":\"https:\/\/www.kress.com\/de-de\/#organization\"},\"potentialAction\":[{\"@type\":\"SearchAction\",\"target\":{\"@type\":\"EntryPoint\",\"urlTemplate\":\"https:\/\/www.kress.com\/de-de\/?s={search_term_string}\"},\"query-input\":{\"@type\":\"PropertyValueSpecification\",\"valueRequired\":true,\"valueName\":\"search_term_string\"}}],\"inLanguage\":\"de-CH\"},{\"@type\":\"Organization\",\"@id\":\"https:\/\/www.kress.com\/de-de\/#organization\",\"name\":\"Kress\",\"url\":\"https:\/\/www.kress.com\/de-de\/\",\"logo\":{\"@type\":\"ImageObject\",\"inLanguage\":\"de-CH\",\"@id\":\"https:\/\/www.kress.com\/de-de\/#\/schema\/logo\/image\/\",\"url\":\"https:\/\/www.kress.com\/wp-content\/uploads\/2024\/02\/logo.png\",\"contentUrl\":\"https:\/\/www.kress.com\/wp-content\/uploads\/2024\/02\/logo.png\",\"width\":696,\"height\":696,\"caption\":\"Kress\"},\"image\":{\"@id\":\"https:\/\/www.kress.com\/de-de\/#\/schema\/logo\/image\/\"}}]}<\/script>\n<!-- \/ Yoast SEO Premium plugin. -->","yoast_head_json":{"title":"Kress EyePilot\u00ae 4\u00d74 RTK\u207f 5000 m\u00b2 M\u00e4hroboter | Kress","robots":{"index":"index","follow":"follow","max-snippet":"max-snippet:-1","max-image-preview":"max-image-preview:large","max-video-preview":"max-video-preview:-1"},"og_locale":"de_DE","og_type":"article","og_title":"Kress EyePilot\u00ae 4\u00d74 RTK\u207f 5000 m\u00b2 M\u00e4hroboter","og_description":"Dise\u00f1ado para terrenos exigentes, el Kress EyePilot\u00ae 4\u00d74 RTK\u207f KR285E combina el posicionamiento por sat\u00e9lite RTK\u207f con la percepci\u00f3n basada en la visi\u00f3n y un aut\u00e9ntico sistema de tracci\u00f3n a las cuatro ruedas para ofrecer una navegaci\u00f3n precisa y estable en terrenos complejos, sin necesidad de hardware adicional. Un sistema de tracci\u00f3n de cuatro motores [&hellip;]","og_url":"https:\/\/www.kress.com\/en-gb\/?post_type=product&p=482007","og_site_name":"Kress","og_image":[{"width":1200,"height":675,"url":"https:\/\/www.kress.com\/wp-content\/uploads\/2024\/02\/logo_long.png","type":"image\/png"}],"twitter_card":"summary_large_image","twitter_misc":{"Gesch\u00e4tzte Lesezeit":"1\u00a0Minute"},"schema":{"@context":"https:\/\/schema.org","@graph":[{"@type":"WebPage","@id":"https:\/\/www.kress.com\/en-gb\/?post_type=product&p=482007","url":"https:\/\/www.kress.com\/en-gb\/?post_type=product&p=482007","name":"Kress EyePilot\u00ae 4\u00d74 RTK\u207f 5000 m\u00b2 M\u00e4hroboter | Kress","isPartOf":{"@id":"https:\/\/www.kress.com\/de-de\/#website"},"primaryImageOfPage":{"@id":"https:\/\/www.kress.com\/en-gb\/?post_type=product&p=482007#primaryimage"},"image":{"@id":"https:\/\/www.kress.com\/en-gb\/?post_type=product&p=482007#primaryimage"},"thumbnailUrl":"https:\/\/www.kress.com\/wp-content\/uploads\/onpage\/op_image_8b395b2651412d1cfe66cc6d6ec6e537e3ec5938.1980x.webp","datePublished":"2025-12-02T10:03:46+00:00","breadcrumb":{"@id":"https:\/\/www.kress.com\/en-gb\/?post_type=product&p=482007#breadcrumb"},"inLanguage":"de-CH","potentialAction":[{"@type":"ReadAction","target":["https:\/\/www.kress.com\/en-gb\/?post_type=product&p=482007"]}]},{"@type":"ImageObject","inLanguage":"de-CH","@id":"https:\/\/www.kress.com\/en-gb\/?post_type=product&p=482007#primaryimage","url":"https:\/\/www.kress.com\/wp-content\/uploads\/onpage\/op_image_8b395b2651412d1cfe66cc6d6ec6e537e3ec5938.1980x.webp","contentUrl":"https:\/\/www.kress.com\/wp-content\/uploads\/onpage\/op_image_8b395b2651412d1cfe66cc6d6ec6e537e3ec5938.1980x.webp","width":1980,"height":1980},{"@type":"BreadcrumbList","@id":"https:\/\/www.kress.com\/en-gb\/?post_type=product&p=482007#breadcrumb","itemListElement":[{"@type":"ListItem","position":1,"name":"Home","item":"https:\/\/www.kress.com\/de-ch\/"},{"@type":"ListItem","position":2,"name":"Produits","item":"https:\/\/www.kress.com\/fr-fr\/shop\/"},{"@type":"ListItem","position":3,"name":"KR285E"}]},{"@type":"WebSite","@id":"https:\/\/www.kress.com\/de-de\/#website","url":"https:\/\/www.kress.com\/de-de\/","name":"Kress","description":"","publisher":{"@id":"https:\/\/www.kress.com\/de-de\/#organization"},"potentialAction":[{"@type":"SearchAction","target":{"@type":"EntryPoint","urlTemplate":"https:\/\/www.kress.com\/de-de\/?s={search_term_string}"},"query-input":{"@type":"PropertyValueSpecification","valueRequired":true,"valueName":"search_term_string"}}],"inLanguage":"de-CH"},{"@type":"Organization","@id":"https:\/\/www.kress.com\/de-de\/#organization","name":"Kress","url":"https:\/\/www.kress.com\/de-de\/","logo":{"@type":"ImageObject","inLanguage":"de-CH","@id":"https:\/\/www.kress.com\/de-de\/#\/schema\/logo\/image\/","url":"https:\/\/www.kress.com\/wp-content\/uploads\/2024\/02\/logo.png","contentUrl":"https:\/\/www.kress.com\/wp-content\/uploads\/2024\/02\/logo.png","width":696,"height":696,"caption":"Kress"},"image":{"@id":"https:\/\/www.kress.com\/de-de\/#\/schema\/logo\/image\/"}}]}},"_links":{"self":[{"href":"https:\/\/www.kress.com\/de-ch\/wp-json\/wp\/v2\/product\/482024","targetHints":{"allow":["GET"]}}],"collection":[{"href":"https:\/\/www.kress.com\/de-ch\/wp-json\/wp\/v2\/product"}],"about":[{"href":"https:\/\/www.kress.com\/de-ch\/wp-json\/wp\/v2\/types\/product"}],"wp:featuredmedia":[{"embeddable":true,"href":"https:\/\/www.kress.com\/de-ch\/wp-json\/wp\/v2\/media\/522570"}],"wp:attachment":[{"href":"https:\/\/www.kress.com\/de-ch\/wp-json\/wp\/v2\/media?parent=482024"}],"wp:term":[{"taxonomy":"product_brand","embeddable":true,"href":"https:\/\/www.kress.com\/de-ch\/wp-json\/wp\/v2\/product_brand?post=482024"},{"taxonomy":"product_cat","embeddable":true,"href":"https:\/\/www.kress.com\/de-ch\/wp-json\/wp\/v2\/product_cat?post=482024"},{"taxonomy":"product_tag","embeddable":true,"href":"https:\/\/www.kress.com\/de-ch\/wp-json\/wp\/v2\/product_tag?post=482024"}],"curies":[{"name":"wp","href":"https:\/\/api.w.org\/{rel}","templated":true}]}}