{"id":43117,"date":"2024-03-26T08:17:16","date_gmt":"2024-03-26T08:17:16","guid":{"rendered":""},"modified":"2025-10-17T10:00:22","modified_gmt":"2025-10-17T10:00:22","slug":"kress-commercial-4-port-erweitertes-ladegehaeuse-kac843","status":"publish","type":"product","link":"https:\/\/www.kress.com\/de-ch\/kress-commercial-4-port-erweitertes-ladegehaeuse-kac843\/","title":{"rendered":"Kress Commercial 4-Port erweitertes Ladegeh\u00e4use"},"content":{"rendered":"<p>Der erweiterte Ladekoffer mit 4 Anschl\u00fcssen von Kress ist eine robuste L\u00f6sung f\u00fcr stromintensive Aufgaben und wurde entwickelt, um die F\u00e4higkeiten der kommerziellen Ladeger\u00e4te von Kress zu erweitern. Mit insgesamt vier Ladeanschl\u00fcssen kann er vier Rucksack-\/Bordbatterien aufnehmen und so den sequenziellen Ladeprozess rationalisieren.<\/p>\n","protected":false},"excerpt":{"rendered":"<p>Der erweiterte Ladekoffer mit 4 Anschl\u00fcssen von Kress ist eine robuste L\u00f6sung f\u00fcr stromintensive Aufgaben und wurde entwickelt, um die F\u00e4higkeiten der kommerziellen Ladeger\u00e4te von Kress zu erweitern. Mit insgesamt vier Ladeanschl\u00fcssen kann er vier Rucksack-\/Bordbatterien aufnehmen und so den sequenziellen Ladeprozess rationalisieren.<\/p>\n","protected":false},"featured_media":410824,"template":"","meta":{"_acf_changed":false},"product_brand":[],"product_cat":[],"product_tag":[],"class_list":{"0":"post-43117","1":"product","2":"type-product","3":"status-publish","4":"has-post-thumbnail","7":"first","8":"instock","9":"shipping-taxable","10":"purchasable","11":"product-type-simple"},"acf":[],"yoast_head":"<!-- This site is optimized with the Yoast SEO Premium plugin v26.5 (Yoast SEO v27.0) - https:\/\/yoast.com\/product\/yoast-seo-premium-wordpress\/ -->\n<title>Kress Commercial 4-Port erweitertes Ladegeh\u00e4use | Kress<\/title>\n<meta name=\"robots\" content=\"index, follow, max-snippet:-1, max-image-preview:large, max-video-preview:-1\" \/>\n<meta property=\"og:locale\" content=\"de_DE\" \/>\n<meta property=\"og:type\" content=\"article\" \/>\n<meta property=\"og:title\" content=\"Kress Commercial 4-Port erweitertes Ladegeh\u00e4use\" \/>\n<meta property=\"og:description\" content=\"Der erweiterte Ladekoffer mit 4 Anschl\u00fcssen von Kress ist eine robuste L\u00f6sung f\u00fcr stromintensive Aufgaben und wurde entwickelt, um die F\u00e4higkeiten der kommerziellen Ladeger\u00e4te von Kress zu erweitern. Mit insgesamt vier Ladeanschl\u00fcssen kann er vier Rucksack-\/Bordbatterien aufnehmen und so den sequenziellen Ladeprozess rationalisieren.\" \/>\n<meta property=\"og:url\" content=\"https:\/\/www.kress.com\/de-ch\/kress-commercial-4-port-erweitertes-ladegehaeuse-kac843\/\" \/>\n<meta property=\"og:site_name\" content=\"Kress\" \/>\n<meta property=\"article:modified_time\" content=\"2025-10-17T10:00:22+00:00\" \/>\n<meta property=\"og:image\" content=\"https:\/\/www.kress.com\/wp-content\/uploads\/onpage\/op_image_49b635aa2eddcce1fd7dfd7fb9fc021dbf49acf2.1980x.webp\" \/>\n\t<meta property=\"og:image:width\" content=\"1980\" \/>\n\t<meta property=\"og:image:height\" content=\"1980\" \/>\n\t<meta property=\"og:image:type\" content=\"image\/webp\" \/>\n<meta name=\"twitter:card\" content=\"summary_large_image\" \/>\n<script type=\"application\/ld+json\" class=\"yoast-schema-graph\">{\"@context\":\"https:\/\/schema.org\",\"@graph\":[{\"@type\":\"WebPage\",\"@id\":\"https:\/\/www.kress.com\/de-ch\/kress-commercial-4-port-erweitertes-ladegehaeuse-kac843\/\",\"url\":\"https:\/\/www.kress.com\/de-ch\/kress-commercial-4-port-erweitertes-ladegehaeuse-kac843\/\",\"name\":\"Kress Commercial 4-Port erweitertes Ladegeh\u00e4use | Kress\",\"isPartOf\":{\"@id\":\"https:\/\/www.kress.com\/de-de\/#website\"},\"primaryImageOfPage\":{\"@id\":\"https:\/\/www.kress.com\/de-ch\/kress-commercial-4-port-erweitertes-ladegehaeuse-kac843\/#primaryimage\"},\"image\":{\"@id\":\"https:\/\/www.kress.com\/de-ch\/kress-commercial-4-port-erweitertes-ladegehaeuse-kac843\/#primaryimage\"},\"thumbnailUrl\":\"https:\/\/www.kress.com\/wp-content\/uploads\/onpage\/op_image_49b635aa2eddcce1fd7dfd7fb9fc021dbf49acf2.1980x.webp\",\"datePublished\":\"2024-03-26T08:17:16+00:00\",\"dateModified\":\"2025-10-17T10:00:22+00:00\",\"breadcrumb\":{\"@id\":\"https:\/\/www.kress.com\/de-ch\/kress-commercial-4-port-erweitertes-ladegehaeuse-kac843\/#breadcrumb\"},\"inLanguage\":\"de-CH\",\"potentialAction\":[{\"@type\":\"ReadAction\",\"target\":[\"https:\/\/www.kress.com\/de-ch\/kress-commercial-4-port-erweitertes-ladegehaeuse-kac843\/\"]}]},{\"@type\":\"ImageObject\",\"inLanguage\":\"de-CH\",\"@id\":\"https:\/\/www.kress.com\/de-ch\/kress-commercial-4-port-erweitertes-ladegehaeuse-kac843\/#primaryimage\",\"url\":\"https:\/\/www.kress.com\/wp-content\/uploads\/onpage\/op_image_49b635aa2eddcce1fd7dfd7fb9fc021dbf49acf2.1980x.webp\",\"contentUrl\":\"https:\/\/www.kress.com\/wp-content\/uploads\/onpage\/op_image_49b635aa2eddcce1fd7dfd7fb9fc021dbf49acf2.1980x.webp\",\"width\":1980,\"height\":1980},{\"@type\":\"BreadcrumbList\",\"@id\":\"https:\/\/www.kress.com\/de-ch\/kress-commercial-4-port-erweitertes-ladegehaeuse-kac843\/#breadcrumb\",\"itemListElement\":[{\"@type\":\"ListItem\",\"position\":1,\"name\":\"Home\",\"item\":\"https:\/\/www.kress.com\/de-ch\/\"},{\"@type\":\"ListItem\",\"position\":2,\"name\":\"Produits\",\"item\":\"https:\/\/www.kress.com\/fr-fr\/shop\/\"},{\"@type\":\"ListItem\",\"position\":3,\"name\":\"Kress Commercial 4-Port erweitertes Ladegeh\u00e4use\"}]},{\"@type\":\"WebSite\",\"@id\":\"https:\/\/www.kress.com\/de-de\/#website\",\"url\":\"https:\/\/www.kress.com\/de-de\/\",\"name\":\"Kress\",\"description\":\"\",\"publisher\":{\"@id\":\"https:\/\/www.kress.com\/de-de\/#organization\"},\"potentialAction\":[{\"@type\":\"SearchAction\",\"target\":{\"@type\":\"EntryPoint\",\"urlTemplate\":\"https:\/\/www.kress.com\/de-de\/?s={search_term_string}\"},\"query-input\":{\"@type\":\"PropertyValueSpecification\",\"valueRequired\":true,\"valueName\":\"search_term_string\"}}],\"inLanguage\":\"de-CH\"},{\"@type\":\"Organization\",\"@id\":\"https:\/\/www.kress.com\/de-de\/#organization\",\"name\":\"Kress\",\"url\":\"https:\/\/www.kress.com\/de-de\/\",\"logo\":{\"@type\":\"ImageObject\",\"inLanguage\":\"de-CH\",\"@id\":\"https:\/\/www.kress.com\/de-de\/#\/schema\/logo\/image\/\",\"url\":\"https:\/\/www.kress.com\/wp-content\/uploads\/2024\/02\/logo.png\",\"contentUrl\":\"https:\/\/www.kress.com\/wp-content\/uploads\/2024\/02\/logo.png\",\"width\":696,\"height\":696,\"caption\":\"Kress\"},\"image\":{\"@id\":\"https:\/\/www.kress.com\/de-de\/#\/schema\/logo\/image\/\"}}]}<\/script>\n<!-- \/ Yoast SEO Premium plugin. -->","yoast_head_json":{"title":"Kress Commercial 4-Port erweitertes Ladegeh\u00e4use | Kress","robots":{"index":"index","follow":"follow","max-snippet":"max-snippet:-1","max-image-preview":"max-image-preview:large","max-video-preview":"max-video-preview:-1"},"og_locale":"de_DE","og_type":"article","og_title":"Kress Commercial 4-Port erweitertes Ladegeh\u00e4use","og_description":"Der erweiterte Ladekoffer mit 4 Anschl\u00fcssen von Kress ist eine robuste L\u00f6sung f\u00fcr stromintensive Aufgaben und wurde entwickelt, um die F\u00e4higkeiten der kommerziellen Ladeger\u00e4te von Kress zu erweitern. Mit insgesamt vier Ladeanschl\u00fcssen kann er vier Rucksack-\/Bordbatterien aufnehmen und so den sequenziellen Ladeprozess rationalisieren.","og_url":"https:\/\/www.kress.com\/de-ch\/kress-commercial-4-port-erweitertes-ladegehaeuse-kac843\/","og_site_name":"Kress","article_modified_time":"2025-10-17T10:00:22+00:00","og_image":[{"width":1980,"height":1980,"url":"https:\/\/www.kress.com\/wp-content\/uploads\/onpage\/op_image_49b635aa2eddcce1fd7dfd7fb9fc021dbf49acf2.1980x.webp","type":"image\/webp"}],"twitter_card":"summary_large_image","schema":{"@context":"https:\/\/schema.org","@graph":[{"@type":"WebPage","@id":"https:\/\/www.kress.com\/de-ch\/kress-commercial-4-port-erweitertes-ladegehaeuse-kac843\/","url":"https:\/\/www.kress.com\/de-ch\/kress-commercial-4-port-erweitertes-ladegehaeuse-kac843\/","name":"Kress Commercial 4-Port erweitertes Ladegeh\u00e4use | Kress","isPartOf":{"@id":"https:\/\/www.kress.com\/de-de\/#website"},"primaryImageOfPage":{"@id":"https:\/\/www.kress.com\/de-ch\/kress-commercial-4-port-erweitertes-ladegehaeuse-kac843\/#primaryimage"},"image":{"@id":"https:\/\/www.kress.com\/de-ch\/kress-commercial-4-port-erweitertes-ladegehaeuse-kac843\/#primaryimage"},"thumbnailUrl":"https:\/\/www.kress.com\/wp-content\/uploads\/onpage\/op_image_49b635aa2eddcce1fd7dfd7fb9fc021dbf49acf2.1980x.webp","datePublished":"2024-03-26T08:17:16+00:00","dateModified":"2025-10-17T10:00:22+00:00","breadcrumb":{"@id":"https:\/\/www.kress.com\/de-ch\/kress-commercial-4-port-erweitertes-ladegehaeuse-kac843\/#breadcrumb"},"inLanguage":"de-CH","potentialAction":[{"@type":"ReadAction","target":["https:\/\/www.kress.com\/de-ch\/kress-commercial-4-port-erweitertes-ladegehaeuse-kac843\/"]}]},{"@type":"ImageObject","inLanguage":"de-CH","@id":"https:\/\/www.kress.com\/de-ch\/kress-commercial-4-port-erweitertes-ladegehaeuse-kac843\/#primaryimage","url":"https:\/\/www.kress.com\/wp-content\/uploads\/onpage\/op_image_49b635aa2eddcce1fd7dfd7fb9fc021dbf49acf2.1980x.webp","contentUrl":"https:\/\/www.kress.com\/wp-content\/uploads\/onpage\/op_image_49b635aa2eddcce1fd7dfd7fb9fc021dbf49acf2.1980x.webp","width":1980,"height":1980},{"@type":"BreadcrumbList","@id":"https:\/\/www.kress.com\/de-ch\/kress-commercial-4-port-erweitertes-ladegehaeuse-kac843\/#breadcrumb","itemListElement":[{"@type":"ListItem","position":1,"name":"Home","item":"https:\/\/www.kress.com\/de-ch\/"},{"@type":"ListItem","position":2,"name":"Produits","item":"https:\/\/www.kress.com\/fr-fr\/shop\/"},{"@type":"ListItem","position":3,"name":"Kress Commercial 4-Port erweitertes Ladegeh\u00e4use"}]},{"@type":"WebSite","@id":"https:\/\/www.kress.com\/de-de\/#website","url":"https:\/\/www.kress.com\/de-de\/","name":"Kress","description":"","publisher":{"@id":"https:\/\/www.kress.com\/de-de\/#organization"},"potentialAction":[{"@type":"SearchAction","target":{"@type":"EntryPoint","urlTemplate":"https:\/\/www.kress.com\/de-de\/?s={search_term_string}"},"query-input":{"@type":"PropertyValueSpecification","valueRequired":true,"valueName":"search_term_string"}}],"inLanguage":"de-CH"},{"@type":"Organization","@id":"https:\/\/www.kress.com\/de-de\/#organization","name":"Kress","url":"https:\/\/www.kress.com\/de-de\/","logo":{"@type":"ImageObject","inLanguage":"de-CH","@id":"https:\/\/www.kress.com\/de-de\/#\/schema\/logo\/image\/","url":"https:\/\/www.kress.com\/wp-content\/uploads\/2024\/02\/logo.png","contentUrl":"https:\/\/www.kress.com\/wp-content\/uploads\/2024\/02\/logo.png","width":696,"height":696,"caption":"Kress"},"image":{"@id":"https:\/\/www.kress.com\/de-de\/#\/schema\/logo\/image\/"}}]}},"_links":{"self":[{"href":"https:\/\/www.kress.com\/de-ch\/wp-json\/wp\/v2\/product\/43117","targetHints":{"allow":["GET"]}}],"collection":[{"href":"https:\/\/www.kress.com\/de-ch\/wp-json\/wp\/v2\/product"}],"about":[{"href":"https:\/\/www.kress.com\/de-ch\/wp-json\/wp\/v2\/types\/product"}],"wp:featuredmedia":[{"embeddable":true,"href":"https:\/\/www.kress.com\/de-ch\/wp-json\/wp\/v2\/media\/410824"}],"wp:attachment":[{"href":"https:\/\/www.kress.com\/de-ch\/wp-json\/wp\/v2\/media?parent=43117"}],"wp:term":[{"taxonomy":"product_brand","embeddable":true,"href":"https:\/\/www.kress.com\/de-ch\/wp-json\/wp\/v2\/product_brand?post=43117"},{"taxonomy":"product_cat","embeddable":true,"href":"https:\/\/www.kress.com\/de-ch\/wp-json\/wp\/v2\/product_cat?post=43117"},{"taxonomy":"product_tag","embeddable":true,"href":"https:\/\/www.kress.com\/de-ch\/wp-json\/wp\/v2\/product_tag?post=43117"}],"curies":[{"name":"wp","href":"https:\/\/api.w.org\/{rel}","templated":true}]}}