{"id":39393,"date":"2024-03-26T08:16:59","date_gmt":"2024-03-26T08:16:59","guid":{"rendered":""},"modified":"2025-10-17T10:00:22","modified_gmt":"2025-10-17T10:00:22","slug":"tragbare-powerstation-fuer-den-gewerblichen-einsatz-kac877e","status":"publish","type":"product","link":"https:\/\/www.kress.com\/de-ch\/tragbare-powerstation-fuer-den-gewerblichen-einsatz-kac877e\/","title":{"rendered":"Tragbares Kraftwerk f\u00fcr den gewerblichen Einsatz"},"content":{"rendered":"<p>Dieses 8-min\u00fctige CyberSytem DC-DC-Ladeger\u00e4t liefert die n\u00f6tige Energie, um jedes Kress 60 V oder Kress 60 V CyberPack einen ganzen Tag lang zu laden. Laden Sie es nach der Arbeit in der Werkstatt oder in der Garage auf und vergessen Sie, dass Sie wieder Geld f\u00fcr Kraftstoff ausgeben m\u00fcssen!<\/p>\n","protected":false},"excerpt":{"rendered":"<p>Dieses 8-min\u00fctige CyberSytem DC-DC-Ladeger\u00e4t liefert die n\u00f6tige Energie, um jedes Kress 60 V oder Kress 60 V CyberPack einen ganzen Tag lang zu laden. Laden Sie es nach der Arbeit in der Werkstatt oder in der Garage auf und vergessen Sie, dass Sie wieder Geld f\u00fcr Kraftstoff ausgeben m\u00fcssen!<\/p>\n","protected":false},"featured_media":409552,"template":"","meta":{"_acf_changed":false},"product_brand":[],"product_cat":[],"product_tag":[],"class_list":{"0":"post-39393","1":"product","2":"type-product","3":"status-publish","4":"has-post-thumbnail","7":"first","8":"instock","9":"shipping-taxable","10":"purchasable","11":"product-type-simple"},"acf":[],"yoast_head":"<!-- This site is optimized with the Yoast SEO Premium plugin v26.5 (Yoast SEO v27.0) - https:\/\/yoast.com\/product\/yoast-seo-premium-wordpress\/ -->\n<title>Tragbares Kraftwerk f\u00fcr den gewerblichen Einsatz | Kress<\/title>\n<meta name=\"robots\" content=\"index, follow, max-snippet:-1, max-image-preview:large, max-video-preview:-1\" \/>\n<meta property=\"og:locale\" content=\"de_DE\" \/>\n<meta property=\"og:type\" content=\"article\" \/>\n<meta property=\"og:title\" content=\"Tragbares Kraftwerk f\u00fcr den gewerblichen Einsatz\" \/>\n<meta property=\"og:description\" content=\"Dieses 8-min\u00fctige CyberSytem DC-DC-Ladeger\u00e4t liefert die n\u00f6tige Energie, um jedes Kress 60 V oder Kress 60 V CyberPack einen ganzen Tag lang zu laden. Laden Sie es nach der Arbeit in der Werkstatt oder in der Garage auf und vergessen Sie, dass Sie wieder Geld f\u00fcr Kraftstoff ausgeben m\u00fcssen!\" \/>\n<meta property=\"og:url\" content=\"https:\/\/www.kress.com\/de-ch\/tragbare-powerstation-fuer-den-gewerblichen-einsatz-kac877e\/\" \/>\n<meta property=\"og:site_name\" content=\"Kress\" \/>\n<meta property=\"article:modified_time\" content=\"2025-10-17T10:00:22+00:00\" \/>\n<meta property=\"og:image\" content=\"https:\/\/www.kress.com\/wp-content\/uploads\/onpage\/op_image_4b6733e79836435da9c8900d8c89414df613f1ec.1980x.webp\" \/>\n\t<meta property=\"og:image:width\" content=\"1980\" \/>\n\t<meta property=\"og:image:height\" content=\"1980\" \/>\n\t<meta property=\"og:image:type\" content=\"image\/webp\" \/>\n<meta name=\"twitter:card\" content=\"summary_large_image\" \/>\n<script type=\"application\/ld+json\" class=\"yoast-schema-graph\">{\"@context\":\"https:\/\/schema.org\",\"@graph\":[{\"@type\":\"WebPage\",\"@id\":\"https:\/\/www.kress.com\/de-ch\/tragbare-powerstation-fuer-den-gewerblichen-einsatz-kac877e\/\",\"url\":\"https:\/\/www.kress.com\/de-ch\/tragbare-powerstation-fuer-den-gewerblichen-einsatz-kac877e\/\",\"name\":\"Tragbares Kraftwerk f\u00fcr den gewerblichen Einsatz | Kress\",\"isPartOf\":{\"@id\":\"https:\/\/www.kress.com\/de-de\/#website\"},\"primaryImageOfPage\":{\"@id\":\"https:\/\/www.kress.com\/de-ch\/tragbare-powerstation-fuer-den-gewerblichen-einsatz-kac877e\/#primaryimage\"},\"image\":{\"@id\":\"https:\/\/www.kress.com\/de-ch\/tragbare-powerstation-fuer-den-gewerblichen-einsatz-kac877e\/#primaryimage\"},\"thumbnailUrl\":\"https:\/\/www.kress.com\/wp-content\/uploads\/onpage\/op_image_4b6733e79836435da9c8900d8c89414df613f1ec.1980x.webp\",\"datePublished\":\"2024-03-26T08:16:59+00:00\",\"dateModified\":\"2025-10-17T10:00:22+00:00\",\"breadcrumb\":{\"@id\":\"https:\/\/www.kress.com\/de-ch\/tragbare-powerstation-fuer-den-gewerblichen-einsatz-kac877e\/#breadcrumb\"},\"inLanguage\":\"de-CH\",\"potentialAction\":[{\"@type\":\"ReadAction\",\"target\":[\"https:\/\/www.kress.com\/de-ch\/tragbare-powerstation-fuer-den-gewerblichen-einsatz-kac877e\/\"]}]},{\"@type\":\"ImageObject\",\"inLanguage\":\"de-CH\",\"@id\":\"https:\/\/www.kress.com\/de-ch\/tragbare-powerstation-fuer-den-gewerblichen-einsatz-kac877e\/#primaryimage\",\"url\":\"https:\/\/www.kress.com\/wp-content\/uploads\/onpage\/op_image_4b6733e79836435da9c8900d8c89414df613f1ec.1980x.webp\",\"contentUrl\":\"https:\/\/www.kress.com\/wp-content\/uploads\/onpage\/op_image_4b6733e79836435da9c8900d8c89414df613f1ec.1980x.webp\",\"width\":1980,\"height\":1980},{\"@type\":\"BreadcrumbList\",\"@id\":\"https:\/\/www.kress.com\/de-ch\/tragbare-powerstation-fuer-den-gewerblichen-einsatz-kac877e\/#breadcrumb\",\"itemListElement\":[{\"@type\":\"ListItem\",\"position\":1,\"name\":\"Home\",\"item\":\"https:\/\/www.kress.com\/de-ch\/\"},{\"@type\":\"ListItem\",\"position\":2,\"name\":\"Produits\",\"item\":\"https:\/\/www.kress.com\/fr-fr\/shop\/\"},{\"@type\":\"ListItem\",\"position\":3,\"name\":\"Tragbare Powerstation f\u00fcr den gewerblichen Einsatz\"}]},{\"@type\":\"WebSite\",\"@id\":\"https:\/\/www.kress.com\/de-de\/#website\",\"url\":\"https:\/\/www.kress.com\/de-de\/\",\"name\":\"Kress\",\"description\":\"\",\"publisher\":{\"@id\":\"https:\/\/www.kress.com\/de-de\/#organization\"},\"potentialAction\":[{\"@type\":\"SearchAction\",\"target\":{\"@type\":\"EntryPoint\",\"urlTemplate\":\"https:\/\/www.kress.com\/de-de\/?s={search_term_string}\"},\"query-input\":{\"@type\":\"PropertyValueSpecification\",\"valueRequired\":true,\"valueName\":\"search_term_string\"}}],\"inLanguage\":\"de-CH\"},{\"@type\":\"Organization\",\"@id\":\"https:\/\/www.kress.com\/de-de\/#organization\",\"name\":\"Kress\",\"url\":\"https:\/\/www.kress.com\/de-de\/\",\"logo\":{\"@type\":\"ImageObject\",\"inLanguage\":\"de-CH\",\"@id\":\"https:\/\/www.kress.com\/de-de\/#\/schema\/logo\/image\/\",\"url\":\"https:\/\/www.kress.com\/wp-content\/uploads\/2024\/02\/logo.png\",\"contentUrl\":\"https:\/\/www.kress.com\/wp-content\/uploads\/2024\/02\/logo.png\",\"width\":696,\"height\":696,\"caption\":\"Kress\"},\"image\":{\"@id\":\"https:\/\/www.kress.com\/de-de\/#\/schema\/logo\/image\/\"}}]}<\/script>\n<!-- \/ Yoast SEO Premium plugin. -->","yoast_head_json":{"title":"Tragbares Kraftwerk f\u00fcr den gewerblichen Einsatz | Kress","robots":{"index":"index","follow":"follow","max-snippet":"max-snippet:-1","max-image-preview":"max-image-preview:large","max-video-preview":"max-video-preview:-1"},"og_locale":"de_DE","og_type":"article","og_title":"Tragbares Kraftwerk f\u00fcr den gewerblichen Einsatz","og_description":"Dieses 8-min\u00fctige CyberSytem DC-DC-Ladeger\u00e4t liefert die n\u00f6tige Energie, um jedes Kress 60 V oder Kress 60 V CyberPack einen ganzen Tag lang zu laden. Laden Sie es nach der Arbeit in der Werkstatt oder in der Garage auf und vergessen Sie, dass Sie wieder Geld f\u00fcr Kraftstoff ausgeben m\u00fcssen!","og_url":"https:\/\/www.kress.com\/de-ch\/tragbare-powerstation-fuer-den-gewerblichen-einsatz-kac877e\/","og_site_name":"Kress","article_modified_time":"2025-10-17T10:00:22+00:00","og_image":[{"width":1980,"height":1980,"url":"https:\/\/www.kress.com\/wp-content\/uploads\/onpage\/op_image_4b6733e79836435da9c8900d8c89414df613f1ec.1980x.webp","type":"image\/webp"}],"twitter_card":"summary_large_image","schema":{"@context":"https:\/\/schema.org","@graph":[{"@type":"WebPage","@id":"https:\/\/www.kress.com\/de-ch\/tragbare-powerstation-fuer-den-gewerblichen-einsatz-kac877e\/","url":"https:\/\/www.kress.com\/de-ch\/tragbare-powerstation-fuer-den-gewerblichen-einsatz-kac877e\/","name":"Tragbares Kraftwerk f\u00fcr den gewerblichen Einsatz | Kress","isPartOf":{"@id":"https:\/\/www.kress.com\/de-de\/#website"},"primaryImageOfPage":{"@id":"https:\/\/www.kress.com\/de-ch\/tragbare-powerstation-fuer-den-gewerblichen-einsatz-kac877e\/#primaryimage"},"image":{"@id":"https:\/\/www.kress.com\/de-ch\/tragbare-powerstation-fuer-den-gewerblichen-einsatz-kac877e\/#primaryimage"},"thumbnailUrl":"https:\/\/www.kress.com\/wp-content\/uploads\/onpage\/op_image_4b6733e79836435da9c8900d8c89414df613f1ec.1980x.webp","datePublished":"2024-03-26T08:16:59+00:00","dateModified":"2025-10-17T10:00:22+00:00","breadcrumb":{"@id":"https:\/\/www.kress.com\/de-ch\/tragbare-powerstation-fuer-den-gewerblichen-einsatz-kac877e\/#breadcrumb"},"inLanguage":"de-CH","potentialAction":[{"@type":"ReadAction","target":["https:\/\/www.kress.com\/de-ch\/tragbare-powerstation-fuer-den-gewerblichen-einsatz-kac877e\/"]}]},{"@type":"ImageObject","inLanguage":"de-CH","@id":"https:\/\/www.kress.com\/de-ch\/tragbare-powerstation-fuer-den-gewerblichen-einsatz-kac877e\/#primaryimage","url":"https:\/\/www.kress.com\/wp-content\/uploads\/onpage\/op_image_4b6733e79836435da9c8900d8c89414df613f1ec.1980x.webp","contentUrl":"https:\/\/www.kress.com\/wp-content\/uploads\/onpage\/op_image_4b6733e79836435da9c8900d8c89414df613f1ec.1980x.webp","width":1980,"height":1980},{"@type":"BreadcrumbList","@id":"https:\/\/www.kress.com\/de-ch\/tragbare-powerstation-fuer-den-gewerblichen-einsatz-kac877e\/#breadcrumb","itemListElement":[{"@type":"ListItem","position":1,"name":"Home","item":"https:\/\/www.kress.com\/de-ch\/"},{"@type":"ListItem","position":2,"name":"Produits","item":"https:\/\/www.kress.com\/fr-fr\/shop\/"},{"@type":"ListItem","position":3,"name":"Tragbare Powerstation f\u00fcr den gewerblichen Einsatz"}]},{"@type":"WebSite","@id":"https:\/\/www.kress.com\/de-de\/#website","url":"https:\/\/www.kress.com\/de-de\/","name":"Kress","description":"","publisher":{"@id":"https:\/\/www.kress.com\/de-de\/#organization"},"potentialAction":[{"@type":"SearchAction","target":{"@type":"EntryPoint","urlTemplate":"https:\/\/www.kress.com\/de-de\/?s={search_term_string}"},"query-input":{"@type":"PropertyValueSpecification","valueRequired":true,"valueName":"search_term_string"}}],"inLanguage":"de-CH"},{"@type":"Organization","@id":"https:\/\/www.kress.com\/de-de\/#organization","name":"Kress","url":"https:\/\/www.kress.com\/de-de\/","logo":{"@type":"ImageObject","inLanguage":"de-CH","@id":"https:\/\/www.kress.com\/de-de\/#\/schema\/logo\/image\/","url":"https:\/\/www.kress.com\/wp-content\/uploads\/2024\/02\/logo.png","contentUrl":"https:\/\/www.kress.com\/wp-content\/uploads\/2024\/02\/logo.png","width":696,"height":696,"caption":"Kress"},"image":{"@id":"https:\/\/www.kress.com\/de-de\/#\/schema\/logo\/image\/"}}]}},"_links":{"self":[{"href":"https:\/\/www.kress.com\/de-ch\/wp-json\/wp\/v2\/product\/39393","targetHints":{"allow":["GET"]}}],"collection":[{"href":"https:\/\/www.kress.com\/de-ch\/wp-json\/wp\/v2\/product"}],"about":[{"href":"https:\/\/www.kress.com\/de-ch\/wp-json\/wp\/v2\/types\/product"}],"wp:featuredmedia":[{"embeddable":true,"href":"https:\/\/www.kress.com\/de-ch\/wp-json\/wp\/v2\/media\/409552"}],"wp:attachment":[{"href":"https:\/\/www.kress.com\/de-ch\/wp-json\/wp\/v2\/media?parent=39393"}],"wp:term":[{"taxonomy":"product_brand","embeddable":true,"href":"https:\/\/www.kress.com\/de-ch\/wp-json\/wp\/v2\/product_brand?post=39393"},{"taxonomy":"product_cat","embeddable":true,"href":"https:\/\/www.kress.com\/de-ch\/wp-json\/wp\/v2\/product_cat?post=39393"},{"taxonomy":"product_tag","embeddable":true,"href":"https:\/\/www.kress.com\/de-ch\/wp-json\/wp\/v2\/product_tag?post=39393"}],"curies":[{"name":"wp","href":"https:\/\/api.w.org\/{rel}","templated":true}]}}