{"id":34325,"date":"2024-03-26T08:16:32","date_gmt":"2024-03-26T07:16:32","guid":{"rendered":""},"modified":"2025-10-17T10:00:22","modified_gmt":"2025-10-17T10:00:22","slug":"handelsueblicher-60-v-cyberpack-akku-kac810","status":"publish","type":"product","link":"https:\/\/www.kress.com\/de-ch\/handelsueblicher-60-v-cyberpack-akku-kac810\/","title":{"rendered":"Handels\u00fcblicher 60 V CyberPack-Akku"},"content":{"rendered":"<p>Als erwachsene Version des 8-min\u00fctigen 240-Wh-CyberPack ist dieser Akku mit gro\u00dfer Kapazit\u00e4t die perfekte Energiequelle f\u00fcr kommerzielle Anwendungen, bei denen eine verl\u00e4ngerte Laufzeit unerl\u00e4sslich ist. Wie sein kleinerer Bruder bietet der Akku un\u00fcbertroffene Leistung, extreme Langlebigkeit und eine beispiellose 8-min\u00fctige <sup>Ladezeit1<\/sup>. Ideal f\u00fcr den Einsatz auf dem M\u00e4her oder als Rucksackbatterie in Kombination mit dem ultrabequemen, ergonomischen Tragegurt.<\/p>\n<p><sup>1<\/sup> bei Aufladung mit dem CyberTank-Ladeger\u00e4t im Boost-Modus.<\/p>\n","protected":false},"excerpt":{"rendered":"<p>Als erwachsene Version des 8-min\u00fctigen 240-Wh-CyberPack ist dieser Akku mit gro\u00dfer Kapazit\u00e4t die perfekte Energiequelle f\u00fcr kommerzielle Anwendungen, bei denen eine verl\u00e4ngerte Laufzeit unerl\u00e4sslich ist. Wie sein kleinerer Bruder bietet der Akku un\u00fcbertroffene Leistung, extreme Langlebigkeit und eine beispiellose 8-min\u00fctige Ladezeit1. Ideal f\u00fcr den Einsatz auf dem M\u00e4her oder als Rucksackbatterie in Kombination mit dem [&hellip;]<\/p>\n","protected":false},"featured_media":434576,"template":"","meta":{"_acf_changed":false},"product_brand":[],"product_cat":[],"product_tag":[],"class_list":{"0":"post-34325","1":"product","2":"type-product","3":"status-publish","4":"has-post-thumbnail","7":"first","8":"instock","9":"shipping-taxable","10":"purchasable","11":"product-type-simple"},"acf":[],"yoast_head":"<!-- This site is optimized with the Yoast SEO Premium plugin v26.5 (Yoast SEO v27.0) - https:\/\/yoast.com\/product\/yoast-seo-premium-wordpress\/ -->\n<title>Handels\u00fcblicher 60 V CyberPack-Akku | Kress<\/title>\n<meta name=\"robots\" content=\"index, follow, max-snippet:-1, max-image-preview:large, max-video-preview:-1\" \/>\n<meta property=\"og:locale\" content=\"de_DE\" \/>\n<meta property=\"og:type\" content=\"article\" \/>\n<meta property=\"og:title\" content=\"Handels\u00fcblicher 60 V CyberPack-Akku\" \/>\n<meta property=\"og:description\" content=\"Als erwachsene Version des 8-min\u00fctigen 240-Wh-CyberPack ist dieser Akku mit gro\u00dfer Kapazit\u00e4t die perfekte Energiequelle f\u00fcr kommerzielle Anwendungen, bei denen eine verl\u00e4ngerte Laufzeit unerl\u00e4sslich ist. Wie sein kleinerer Bruder bietet der Akku un\u00fcbertroffene Leistung, extreme Langlebigkeit und eine beispiellose 8-min\u00fctige Ladezeit1. Ideal f\u00fcr den Einsatz auf dem M\u00e4her oder als Rucksackbatterie in Kombination mit dem [&hellip;]\" \/>\n<meta property=\"og:url\" content=\"https:\/\/www.kress.com\/de-ch\/handelsueblicher-60-v-cyberpack-akku-kac810\/\" \/>\n<meta property=\"og:site_name\" content=\"Kress\" \/>\n<meta property=\"article:modified_time\" content=\"2025-10-17T10:00:22+00:00\" \/>\n<meta property=\"og:image\" content=\"https:\/\/www.kress.com\/wp-content\/uploads\/onpage\/op_image_636e141a7b34e64edcce0a309b020c6675421681.1980x.webp\" \/>\n\t<meta property=\"og:image:width\" content=\"1980\" \/>\n\t<meta property=\"og:image:height\" content=\"1980\" \/>\n\t<meta property=\"og:image:type\" content=\"image\/webp\" \/>\n<meta name=\"twitter:card\" content=\"summary_large_image\" \/>\n<script type=\"application\/ld+json\" class=\"yoast-schema-graph\">{\"@context\":\"https:\/\/schema.org\",\"@graph\":[{\"@type\":\"WebPage\",\"@id\":\"https:\/\/www.kress.com\/de-ch\/handelsueblicher-60-v-cyberpack-akku-kac810\/\",\"url\":\"https:\/\/www.kress.com\/de-ch\/handelsueblicher-60-v-cyberpack-akku-kac810\/\",\"name\":\"Handels\u00fcblicher 60 V CyberPack-Akku | Kress\",\"isPartOf\":{\"@id\":\"https:\/\/www.kress.com\/de-de\/#website\"},\"primaryImageOfPage\":{\"@id\":\"https:\/\/www.kress.com\/de-ch\/handelsueblicher-60-v-cyberpack-akku-kac810\/#primaryimage\"},\"image\":{\"@id\":\"https:\/\/www.kress.com\/de-ch\/handelsueblicher-60-v-cyberpack-akku-kac810\/#primaryimage\"},\"thumbnailUrl\":\"https:\/\/www.kress.com\/wp-content\/uploads\/onpage\/op_image_636e141a7b34e64edcce0a309b020c6675421681.1980x.webp\",\"datePublished\":\"2024-03-26T07:16:32+00:00\",\"dateModified\":\"2025-10-17T10:00:22+00:00\",\"breadcrumb\":{\"@id\":\"https:\/\/www.kress.com\/de-ch\/handelsueblicher-60-v-cyberpack-akku-kac810\/#breadcrumb\"},\"inLanguage\":\"de-CH\",\"potentialAction\":[{\"@type\":\"ReadAction\",\"target\":[\"https:\/\/www.kress.com\/de-ch\/handelsueblicher-60-v-cyberpack-akku-kac810\/\"]}]},{\"@type\":\"ImageObject\",\"inLanguage\":\"de-CH\",\"@id\":\"https:\/\/www.kress.com\/de-ch\/handelsueblicher-60-v-cyberpack-akku-kac810\/#primaryimage\",\"url\":\"https:\/\/www.kress.com\/wp-content\/uploads\/onpage\/op_image_636e141a7b34e64edcce0a309b020c6675421681.1980x.webp\",\"contentUrl\":\"https:\/\/www.kress.com\/wp-content\/uploads\/onpage\/op_image_636e141a7b34e64edcce0a309b020c6675421681.1980x.webp\",\"width\":1980,\"height\":1980},{\"@type\":\"BreadcrumbList\",\"@id\":\"https:\/\/www.kress.com\/de-ch\/handelsueblicher-60-v-cyberpack-akku-kac810\/#breadcrumb\",\"itemListElement\":[{\"@type\":\"ListItem\",\"position\":1,\"name\":\"Home\",\"item\":\"https:\/\/www.kress.com\/de-ch\/\"},{\"@type\":\"ListItem\",\"position\":2,\"name\":\"Produits\",\"item\":\"https:\/\/www.kress.com\/fr-fr\/shop\/\"},{\"@type\":\"ListItem\",\"position\":3,\"name\":\"Handels\u00fcblicher 60 V CyberPack-Akku\"}]},{\"@type\":\"WebSite\",\"@id\":\"https:\/\/www.kress.com\/de-de\/#website\",\"url\":\"https:\/\/www.kress.com\/de-de\/\",\"name\":\"Kress\",\"description\":\"\",\"publisher\":{\"@id\":\"https:\/\/www.kress.com\/de-de\/#organization\"},\"potentialAction\":[{\"@type\":\"SearchAction\",\"target\":{\"@type\":\"EntryPoint\",\"urlTemplate\":\"https:\/\/www.kress.com\/de-de\/?s={search_term_string}\"},\"query-input\":{\"@type\":\"PropertyValueSpecification\",\"valueRequired\":true,\"valueName\":\"search_term_string\"}}],\"inLanguage\":\"de-CH\"},{\"@type\":\"Organization\",\"@id\":\"https:\/\/www.kress.com\/de-de\/#organization\",\"name\":\"Kress\",\"url\":\"https:\/\/www.kress.com\/de-de\/\",\"logo\":{\"@type\":\"ImageObject\",\"inLanguage\":\"de-CH\",\"@id\":\"https:\/\/www.kress.com\/de-de\/#\/schema\/logo\/image\/\",\"url\":\"https:\/\/www.kress.com\/wp-content\/uploads\/2024\/02\/logo.png\",\"contentUrl\":\"https:\/\/www.kress.com\/wp-content\/uploads\/2024\/02\/logo.png\",\"width\":696,\"height\":696,\"caption\":\"Kress\"},\"image\":{\"@id\":\"https:\/\/www.kress.com\/de-de\/#\/schema\/logo\/image\/\"}}]}<\/script>\n<!-- \/ Yoast SEO Premium plugin. -->","yoast_head_json":{"title":"Handels\u00fcblicher 60 V CyberPack-Akku | Kress","robots":{"index":"index","follow":"follow","max-snippet":"max-snippet:-1","max-image-preview":"max-image-preview:large","max-video-preview":"max-video-preview:-1"},"og_locale":"de_DE","og_type":"article","og_title":"Handels\u00fcblicher 60 V CyberPack-Akku","og_description":"Als erwachsene Version des 8-min\u00fctigen 240-Wh-CyberPack ist dieser Akku mit gro\u00dfer Kapazit\u00e4t die perfekte Energiequelle f\u00fcr kommerzielle Anwendungen, bei denen eine verl\u00e4ngerte Laufzeit unerl\u00e4sslich ist. Wie sein kleinerer Bruder bietet der Akku un\u00fcbertroffene Leistung, extreme Langlebigkeit und eine beispiellose 8-min\u00fctige Ladezeit1. Ideal f\u00fcr den Einsatz auf dem M\u00e4her oder als Rucksackbatterie in Kombination mit dem [&hellip;]","og_url":"https:\/\/www.kress.com\/de-ch\/handelsueblicher-60-v-cyberpack-akku-kac810\/","og_site_name":"Kress","article_modified_time":"2025-10-17T10:00:22+00:00","og_image":[{"width":1980,"height":1980,"url":"https:\/\/www.kress.com\/wp-content\/uploads\/onpage\/op_image_636e141a7b34e64edcce0a309b020c6675421681.1980x.webp","type":"image\/webp"}],"twitter_card":"summary_large_image","schema":{"@context":"https:\/\/schema.org","@graph":[{"@type":"WebPage","@id":"https:\/\/www.kress.com\/de-ch\/handelsueblicher-60-v-cyberpack-akku-kac810\/","url":"https:\/\/www.kress.com\/de-ch\/handelsueblicher-60-v-cyberpack-akku-kac810\/","name":"Handels\u00fcblicher 60 V CyberPack-Akku | Kress","isPartOf":{"@id":"https:\/\/www.kress.com\/de-de\/#website"},"primaryImageOfPage":{"@id":"https:\/\/www.kress.com\/de-ch\/handelsueblicher-60-v-cyberpack-akku-kac810\/#primaryimage"},"image":{"@id":"https:\/\/www.kress.com\/de-ch\/handelsueblicher-60-v-cyberpack-akku-kac810\/#primaryimage"},"thumbnailUrl":"https:\/\/www.kress.com\/wp-content\/uploads\/onpage\/op_image_636e141a7b34e64edcce0a309b020c6675421681.1980x.webp","datePublished":"2024-03-26T07:16:32+00:00","dateModified":"2025-10-17T10:00:22+00:00","breadcrumb":{"@id":"https:\/\/www.kress.com\/de-ch\/handelsueblicher-60-v-cyberpack-akku-kac810\/#breadcrumb"},"inLanguage":"de-CH","potentialAction":[{"@type":"ReadAction","target":["https:\/\/www.kress.com\/de-ch\/handelsueblicher-60-v-cyberpack-akku-kac810\/"]}]},{"@type":"ImageObject","inLanguage":"de-CH","@id":"https:\/\/www.kress.com\/de-ch\/handelsueblicher-60-v-cyberpack-akku-kac810\/#primaryimage","url":"https:\/\/www.kress.com\/wp-content\/uploads\/onpage\/op_image_636e141a7b34e64edcce0a309b020c6675421681.1980x.webp","contentUrl":"https:\/\/www.kress.com\/wp-content\/uploads\/onpage\/op_image_636e141a7b34e64edcce0a309b020c6675421681.1980x.webp","width":1980,"height":1980},{"@type":"BreadcrumbList","@id":"https:\/\/www.kress.com\/de-ch\/handelsueblicher-60-v-cyberpack-akku-kac810\/#breadcrumb","itemListElement":[{"@type":"ListItem","position":1,"name":"Home","item":"https:\/\/www.kress.com\/de-ch\/"},{"@type":"ListItem","position":2,"name":"Produits","item":"https:\/\/www.kress.com\/fr-fr\/shop\/"},{"@type":"ListItem","position":3,"name":"Handels\u00fcblicher 60 V CyberPack-Akku"}]},{"@type":"WebSite","@id":"https:\/\/www.kress.com\/de-de\/#website","url":"https:\/\/www.kress.com\/de-de\/","name":"Kress","description":"","publisher":{"@id":"https:\/\/www.kress.com\/de-de\/#organization"},"potentialAction":[{"@type":"SearchAction","target":{"@type":"EntryPoint","urlTemplate":"https:\/\/www.kress.com\/de-de\/?s={search_term_string}"},"query-input":{"@type":"PropertyValueSpecification","valueRequired":true,"valueName":"search_term_string"}}],"inLanguage":"de-CH"},{"@type":"Organization","@id":"https:\/\/www.kress.com\/de-de\/#organization","name":"Kress","url":"https:\/\/www.kress.com\/de-de\/","logo":{"@type":"ImageObject","inLanguage":"de-CH","@id":"https:\/\/www.kress.com\/de-de\/#\/schema\/logo\/image\/","url":"https:\/\/www.kress.com\/wp-content\/uploads\/2024\/02\/logo.png","contentUrl":"https:\/\/www.kress.com\/wp-content\/uploads\/2024\/02\/logo.png","width":696,"height":696,"caption":"Kress"},"image":{"@id":"https:\/\/www.kress.com\/de-de\/#\/schema\/logo\/image\/"}}]}},"_links":{"self":[{"href":"https:\/\/www.kress.com\/de-ch\/wp-json\/wp\/v2\/product\/34325","targetHints":{"allow":["GET"]}}],"collection":[{"href":"https:\/\/www.kress.com\/de-ch\/wp-json\/wp\/v2\/product"}],"about":[{"href":"https:\/\/www.kress.com\/de-ch\/wp-json\/wp\/v2\/types\/product"}],"wp:featuredmedia":[{"embeddable":true,"href":"https:\/\/www.kress.com\/de-ch\/wp-json\/wp\/v2\/media\/434576"}],"wp:attachment":[{"href":"https:\/\/www.kress.com\/de-ch\/wp-json\/wp\/v2\/media?parent=34325"}],"wp:term":[{"taxonomy":"product_brand","embeddable":true,"href":"https:\/\/www.kress.com\/de-ch\/wp-json\/wp\/v2\/product_brand?post=34325"},{"taxonomy":"product_cat","embeddable":true,"href":"https:\/\/www.kress.com\/de-ch\/wp-json\/wp\/v2\/product_cat?post=34325"},{"taxonomy":"product_tag","embeddable":true,"href":"https:\/\/www.kress.com\/de-ch\/wp-json\/wp\/v2\/product_tag?post=34325"}],"curies":[{"name":"wp","href":"https:\/\/api.w.org\/{rel}","templated":true}]}}