{"id":482023,"date":"2025-12-02T10:03:46","date_gmt":"2025-12-02T10:03:46","guid":{"rendered":""},"modified":"2025-12-02T10:00:28","modified_gmt":"2025-12-02T10:00:28","slug":"kr285e","status":"publish","type":"product","link":"https:\/\/www.kress.com\/de-at\/kr285e\/","title":{"rendered":"Kress EyePilot\u00ae 4\u00d74 RTK\u207f 5000 m\u00b2 M\u00e4hroboter"},"content":{"rendered":"<p>Eigens f\u00fcr anspruchsvolle Landschaften entwickelt, kombiniert der Kress EyePilot\u00ae 4\u00d74 RTK\u207f KR285E die RTK\u207f-Satellitenpositionierung mit visueller Umfelderkennung und einem echten Allradantrieb, um eine pr\u00e4zise und stabile Navigation auf komplexem Gel\u00e4nde zu gew\u00e4hrleisten \u2013 ganz ohne zus\u00e4tzliche Hardware.<\/p>\n<p>Ein Allrad-Antrieb mit pr\u00e4ziser Drehmomentregelung gew\u00e4hrleistet Traktion und Spurtreue an Steigungen bis zu 84 % (\u224840\u00b0). Unabh\u00e4ngige Achsen und ein artikulierter Aufbau halten alle vier R\u00e4der am Boden und sorgen f\u00fcr eine konstante Schnittebene auf unebenem Terrain.<\/p>\n<p>Die Vorderradlenkung erm\u00f6glicht enge Wendeman\u00f6ver ohne Rasensch\u00e4den, w\u00e4hrend eine vertikale Hindernis\u00fcberwindung von bis zu 6 cm sichere \u00dcberg\u00e4nge gew\u00e4hrleistet.<\/p>\n<p>RTK\u207f-Korrekturdaten werden drahtlos \u00fcbertragen und durch eine redundante Positionsarchitektur abgesichert, um auch bei eingeschr\u00e4nktem Satellitensignal h\u00f6chste Genauigkeit zu gew\u00e4hrleisten. WLAN oder integriertes 4G erm\u00f6glichen einen reibungslosen Betrieb \u2013 ohne laufende Kosten und inklusive einer kostenlosen 5-j\u00e4hrigen 4G-Verbindung.       <\/p>\n","protected":false},"excerpt":{"rendered":"<p>Eigens f\u00fcr anspruchsvolle Landschaften entwickelt, kombiniert der Kress EyePilot\u00ae 4\u00d74 RTK\u207f KR285E die RTK\u207f-Satellitenpositionierung mit visueller Umfelderkennung und einem echten Allradantrieb, um eine pr\u00e4zise und stabile Navigation auf komplexem Gel\u00e4nde zu gew\u00e4hrleisten \u2013 ganz ohne zus\u00e4tzliche Hardware. Ein Allrad-Antrieb mit pr\u00e4ziser Drehmomentregelung gew\u00e4hrleistet Traktion und Spurtreue an Steigungen bis zu 84 % (\u224840\u00b0). Unabh\u00e4ngige Achsen [&hellip;]<\/p>\n","protected":false},"featured_media":522570,"template":"","meta":{"_acf_changed":false},"product_brand":[],"product_cat":[],"product_tag":[],"class_list":{"0":"post-482023","1":"product","2":"type-product","3":"status-publish","4":"has-post-thumbnail","7":"first","8":"instock","9":"shipping-taxable","10":"purchasable","11":"product-type-simple"},"acf":[],"yoast_head":"<!-- This site is optimized with the Yoast SEO Premium plugin v26.5 (Yoast SEO v27.0) - https:\/\/yoast.com\/product\/yoast-seo-premium-wordpress\/ -->\n<title>Kress EyePilot\u00ae 4\u00d74 RTK\u207f 5000 m\u00b2 M\u00e4hroboter | Kress<\/title>\n<meta name=\"robots\" content=\"index, follow, max-snippet:-1, max-image-preview:large, max-video-preview:-1\" \/>\n<meta property=\"og:locale\" content=\"de_DE\" \/>\n<meta property=\"og:type\" content=\"article\" \/>\n<meta property=\"og:title\" content=\"Kress EyePilot\u00ae 4\u00d74 RTK\u207f 5000 m\u00b2 M\u00e4hroboter\" \/>\n<meta property=\"og:description\" content=\"Eigens f\u00fcr anspruchsvolle Landschaften entwickelt, kombiniert der Kress EyePilot\u00ae 4\u00d74 RTK\u207f KR285E die RTK\u207f-Satellitenpositionierung mit visueller Umfelderkennung und einem echten Allradantrieb, um eine pr\u00e4zise und stabile Navigation auf komplexem Gel\u00e4nde zu gew\u00e4hrleisten \u2013 ganz ohne zus\u00e4tzliche Hardware. Ein Allrad-Antrieb mit pr\u00e4ziser Drehmomentregelung gew\u00e4hrleistet Traktion und Spurtreue an Steigungen bis zu 84 % (\u224840\u00b0). Unabh\u00e4ngige Achsen [&hellip;]\" \/>\n<meta property=\"og:url\" content=\"https:\/\/www.kress.com\/en-gb\/?post_type=product&amp;p=482007\" \/>\n<meta property=\"og:site_name\" content=\"Kress\" \/>\n<meta property=\"og:image\" content=\"https:\/\/www.kress.com\/wp-content\/uploads\/2024\/02\/logo_long.png\" \/>\n\t<meta property=\"og:image:width\" content=\"1200\" \/>\n\t<meta property=\"og:image:height\" content=\"675\" \/>\n\t<meta property=\"og:image:type\" content=\"image\/png\" \/>\n<meta name=\"twitter:card\" content=\"summary_large_image\" \/>\n<meta name=\"twitter:label1\" content=\"Gesch\u00e4tzte Lesezeit\" \/>\n\t<meta name=\"twitter:data1\" content=\"1 Minute\" \/>\n<script type=\"application\/ld+json\" class=\"yoast-schema-graph\">{\"@context\":\"https:\/\/schema.org\",\"@graph\":[{\"@type\":\"WebPage\",\"@id\":\"https:\/\/www.kress.com\/en-gb\/?post_type=product&p=482007\",\"url\":\"https:\/\/www.kress.com\/en-gb\/?post_type=product&p=482007\",\"name\":\"Kress EyePilot\u00ae 4\u00d74 RTK\u207f 5000 m\u00b2 M\u00e4hroboter | Kress\",\"isPartOf\":{\"@id\":\"https:\/\/www.kress.com\/de-de\/#website\"},\"primaryImageOfPage\":{\"@id\":\"https:\/\/www.kress.com\/en-gb\/?post_type=product&p=482007#primaryimage\"},\"image\":{\"@id\":\"https:\/\/www.kress.com\/en-gb\/?post_type=product&p=482007#primaryimage\"},\"thumbnailUrl\":\"https:\/\/www.kress.com\/wp-content\/uploads\/onpage\/op_image_8b395b2651412d1cfe66cc6d6ec6e537e3ec5938.1980x.webp\",\"datePublished\":\"2025-12-02T10:03:46+00:00\",\"breadcrumb\":{\"@id\":\"https:\/\/www.kress.com\/en-gb\/?post_type=product&p=482007#breadcrumb\"},\"inLanguage\":\"de-AT\",\"potentialAction\":[{\"@type\":\"ReadAction\",\"target\":[\"https:\/\/www.kress.com\/en-gb\/?post_type=product&p=482007\"]}]},{\"@type\":\"ImageObject\",\"inLanguage\":\"de-AT\",\"@id\":\"https:\/\/www.kress.com\/en-gb\/?post_type=product&p=482007#primaryimage\",\"url\":\"https:\/\/www.kress.com\/wp-content\/uploads\/onpage\/op_image_8b395b2651412d1cfe66cc6d6ec6e537e3ec5938.1980x.webp\",\"contentUrl\":\"https:\/\/www.kress.com\/wp-content\/uploads\/onpage\/op_image_8b395b2651412d1cfe66cc6d6ec6e537e3ec5938.1980x.webp\",\"width\":1980,\"height\":1980},{\"@type\":\"BreadcrumbList\",\"@id\":\"https:\/\/www.kress.com\/en-gb\/?post_type=product&p=482007#breadcrumb\",\"itemListElement\":[{\"@type\":\"ListItem\",\"position\":1,\"name\":\"Home\",\"item\":\"https:\/\/www.kress.com\/de-at\/\"},{\"@type\":\"ListItem\",\"position\":2,\"name\":\"Produits\",\"item\":\"https:\/\/www.kress.com\/fr-fr\/shop\/\"},{\"@type\":\"ListItem\",\"position\":3,\"name\":\"KR285E\"}]},{\"@type\":\"WebSite\",\"@id\":\"https:\/\/www.kress.com\/de-de\/#website\",\"url\":\"https:\/\/www.kress.com\/de-de\/\",\"name\":\"Kress\",\"description\":\"\",\"publisher\":{\"@id\":\"https:\/\/www.kress.com\/de-de\/#organization\"},\"potentialAction\":[{\"@type\":\"SearchAction\",\"target\":{\"@type\":\"EntryPoint\",\"urlTemplate\":\"https:\/\/www.kress.com\/de-de\/?s={search_term_string}\"},\"query-input\":{\"@type\":\"PropertyValueSpecification\",\"valueRequired\":true,\"valueName\":\"search_term_string\"}}],\"inLanguage\":\"de-AT\"},{\"@type\":\"Organization\",\"@id\":\"https:\/\/www.kress.com\/de-de\/#organization\",\"name\":\"Kress\",\"url\":\"https:\/\/www.kress.com\/de-de\/\",\"logo\":{\"@type\":\"ImageObject\",\"inLanguage\":\"de-AT\",\"@id\":\"https:\/\/www.kress.com\/de-de\/#\/schema\/logo\/image\/\",\"url\":\"https:\/\/www.kress.com\/wp-content\/uploads\/2024\/02\/logo.png\",\"contentUrl\":\"https:\/\/www.kress.com\/wp-content\/uploads\/2024\/02\/logo.png\",\"width\":696,\"height\":696,\"caption\":\"Kress\"},\"image\":{\"@id\":\"https:\/\/www.kress.com\/de-de\/#\/schema\/logo\/image\/\"}}]}<\/script>\n<!-- \/ Yoast SEO Premium plugin. -->","yoast_head_json":{"title":"Kress EyePilot\u00ae 4\u00d74 RTK\u207f 5000 m\u00b2 M\u00e4hroboter | Kress","robots":{"index":"index","follow":"follow","max-snippet":"max-snippet:-1","max-image-preview":"max-image-preview:large","max-video-preview":"max-video-preview:-1"},"og_locale":"de_DE","og_type":"article","og_title":"Kress EyePilot\u00ae 4\u00d74 RTK\u207f 5000 m\u00b2 M\u00e4hroboter","og_description":"Eigens f\u00fcr anspruchsvolle Landschaften entwickelt, kombiniert der Kress EyePilot\u00ae 4\u00d74 RTK\u207f KR285E die RTK\u207f-Satellitenpositionierung mit visueller Umfelderkennung und einem echten Allradantrieb, um eine pr\u00e4zise und stabile Navigation auf komplexem Gel\u00e4nde zu gew\u00e4hrleisten \u2013 ganz ohne zus\u00e4tzliche Hardware. Ein Allrad-Antrieb mit pr\u00e4ziser Drehmomentregelung gew\u00e4hrleistet Traktion und Spurtreue an Steigungen bis zu 84 % (\u224840\u00b0). Unabh\u00e4ngige Achsen [&hellip;]","og_url":"https:\/\/www.kress.com\/en-gb\/?post_type=product&p=482007","og_site_name":"Kress","og_image":[{"width":1200,"height":675,"url":"https:\/\/www.kress.com\/wp-content\/uploads\/2024\/02\/logo_long.png","type":"image\/png"}],"twitter_card":"summary_large_image","twitter_misc":{"Gesch\u00e4tzte Lesezeit":"1 Minute"},"schema":{"@context":"https:\/\/schema.org","@graph":[{"@type":"WebPage","@id":"https:\/\/www.kress.com\/en-gb\/?post_type=product&p=482007","url":"https:\/\/www.kress.com\/en-gb\/?post_type=product&p=482007","name":"Kress EyePilot\u00ae 4\u00d74 RTK\u207f 5000 m\u00b2 M\u00e4hroboter | Kress","isPartOf":{"@id":"https:\/\/www.kress.com\/de-de\/#website"},"primaryImageOfPage":{"@id":"https:\/\/www.kress.com\/en-gb\/?post_type=product&p=482007#primaryimage"},"image":{"@id":"https:\/\/www.kress.com\/en-gb\/?post_type=product&p=482007#primaryimage"},"thumbnailUrl":"https:\/\/www.kress.com\/wp-content\/uploads\/onpage\/op_image_8b395b2651412d1cfe66cc6d6ec6e537e3ec5938.1980x.webp","datePublished":"2025-12-02T10:03:46+00:00","breadcrumb":{"@id":"https:\/\/www.kress.com\/en-gb\/?post_type=product&p=482007#breadcrumb"},"inLanguage":"de-AT","potentialAction":[{"@type":"ReadAction","target":["https:\/\/www.kress.com\/en-gb\/?post_type=product&p=482007"]}]},{"@type":"ImageObject","inLanguage":"de-AT","@id":"https:\/\/www.kress.com\/en-gb\/?post_type=product&p=482007#primaryimage","url":"https:\/\/www.kress.com\/wp-content\/uploads\/onpage\/op_image_8b395b2651412d1cfe66cc6d6ec6e537e3ec5938.1980x.webp","contentUrl":"https:\/\/www.kress.com\/wp-content\/uploads\/onpage\/op_image_8b395b2651412d1cfe66cc6d6ec6e537e3ec5938.1980x.webp","width":1980,"height":1980},{"@type":"BreadcrumbList","@id":"https:\/\/www.kress.com\/en-gb\/?post_type=product&p=482007#breadcrumb","itemListElement":[{"@type":"ListItem","position":1,"name":"Home","item":"https:\/\/www.kress.com\/de-at\/"},{"@type":"ListItem","position":2,"name":"Produits","item":"https:\/\/www.kress.com\/fr-fr\/shop\/"},{"@type":"ListItem","position":3,"name":"KR285E"}]},{"@type":"WebSite","@id":"https:\/\/www.kress.com\/de-de\/#website","url":"https:\/\/www.kress.com\/de-de\/","name":"Kress","description":"","publisher":{"@id":"https:\/\/www.kress.com\/de-de\/#organization"},"potentialAction":[{"@type":"SearchAction","target":{"@type":"EntryPoint","urlTemplate":"https:\/\/www.kress.com\/de-de\/?s={search_term_string}"},"query-input":{"@type":"PropertyValueSpecification","valueRequired":true,"valueName":"search_term_string"}}],"inLanguage":"de-AT"},{"@type":"Organization","@id":"https:\/\/www.kress.com\/de-de\/#organization","name":"Kress","url":"https:\/\/www.kress.com\/de-de\/","logo":{"@type":"ImageObject","inLanguage":"de-AT","@id":"https:\/\/www.kress.com\/de-de\/#\/schema\/logo\/image\/","url":"https:\/\/www.kress.com\/wp-content\/uploads\/2024\/02\/logo.png","contentUrl":"https:\/\/www.kress.com\/wp-content\/uploads\/2024\/02\/logo.png","width":696,"height":696,"caption":"Kress"},"image":{"@id":"https:\/\/www.kress.com\/de-de\/#\/schema\/logo\/image\/"}}]}},"_links":{"self":[{"href":"https:\/\/www.kress.com\/de-at\/wp-json\/wp\/v2\/product\/482023","targetHints":{"allow":["GET"]}}],"collection":[{"href":"https:\/\/www.kress.com\/de-at\/wp-json\/wp\/v2\/product"}],"about":[{"href":"https:\/\/www.kress.com\/de-at\/wp-json\/wp\/v2\/types\/product"}],"wp:featuredmedia":[{"embeddable":true,"href":"https:\/\/www.kress.com\/de-at\/wp-json\/wp\/v2\/media\/522570"}],"wp:attachment":[{"href":"https:\/\/www.kress.com\/de-at\/wp-json\/wp\/v2\/media?parent=482023"}],"wp:term":[{"taxonomy":"product_brand","embeddable":true,"href":"https:\/\/www.kress.com\/de-at\/wp-json\/wp\/v2\/product_brand?post=482023"},{"taxonomy":"product_cat","embeddable":true,"href":"https:\/\/www.kress.com\/de-at\/wp-json\/wp\/v2\/product_cat?post=482023"},{"taxonomy":"product_tag","embeddable":true,"href":"https:\/\/www.kress.com\/de-at\/wp-json\/wp\/v2\/product_tag?post=482023"}],"curies":[{"name":"wp","href":"https:\/\/api.w.org\/{rel}","templated":true}]}}