{"id":415871,"date":"2025-04-10T04:30:27","date_gmt":"2025-04-10T02:30:27","guid":{"rendered":""},"modified":"2025-10-17T10:00:22","modified_gmt":"2025-10-17T10:00:22","slug":"kress-rtk%e2%81%bf-28-000-m%c2%b2-rasenmaehroboter-mit-oas-obstacle-avoidance-system-kr235e","status":"publish","type":"product","link":"https:\/\/www.kress.com\/de-at\/kress-rtk%e2%81%bf-28-000-m%c2%b2-rasenmaehroboter-mit-oas-obstacle-avoidance-system-kr235e\/","title":{"rendered":"Kress RTK\u207f 28.000 m\u00b2 Rasenm\u00e4hroboter mit OAS (Obstacle Avoidance System)"},"content":{"rendered":"<p>Verbesserte Schneidleistung, angetrieben durch einen Hochleistungsmotor<\/p>\n<p>motor angetrieben und mit einer gleitenden Scheibe ausgestattet<\/p>\n<p>effizienz und Pr\u00e4zision beim Trimmen von niedrigem, dichtem Gras.<\/p>\n<p>Mit einer Schnitth\u00f6he von nur 20 mm ist er speziell f\u00fcr<\/p>\n<p>speziell f\u00fcr Fairways entwickelt und liefert konstante, hochwertige<\/p>\n<p>ergebnisse mit erh\u00f6hter Geschwindigkeit und optimierter Leistung.<\/p>\n","protected":false},"excerpt":{"rendered":"<p>Verbesserte Schneidleistung, angetrieben durch einen Hochleistungsmotor motor angetrieben und mit einer gleitenden Scheibe ausgestattet effizienz und Pr\u00e4zision beim Trimmen von niedrigem, dichtem Gras. Mit einer Schnitth\u00f6he von nur 20 mm ist er speziell f\u00fcr speziell f\u00fcr Fairways entwickelt und liefert konstante, hochwertige ergebnisse mit erh\u00f6hter Geschwindigkeit und optimierter Leistung.<\/p>\n","protected":false},"featured_media":0,"template":"","meta":{"_acf_changed":false},"product_brand":[],"product_cat":[],"product_tag":[],"class_list":{"0":"post-415871","1":"product","2":"type-product","3":"status-publish","6":"first","7":"instock","8":"shipping-taxable","9":"purchasable","10":"product-type-simple"},"acf":[],"yoast_head":"<!-- This site is optimized with the Yoast SEO Premium plugin v26.5 (Yoast SEO v27.0) - https:\/\/yoast.com\/product\/yoast-seo-premium-wordpress\/ -->\n<title>Kress RTK\u207f 28.000 m\u00b2 Rasenm\u00e4hroboter mit OAS (Obstacle Avoidance System) | Kress<\/title>\n<meta name=\"robots\" content=\"index, follow, max-snippet:-1, max-image-preview:large, max-video-preview:-1\" \/>\n<meta property=\"og:locale\" content=\"de_DE\" \/>\n<meta property=\"og:type\" content=\"article\" \/>\n<meta property=\"og:title\" content=\"Kress RTK\u207f 28.000 m\u00b2 Rasenm\u00e4hroboter mit OAS (Obstacle Avoidance System)\" \/>\n<meta property=\"og:description\" content=\"Verbesserte Schneidleistung, angetrieben durch einen Hochleistungsmotor motor angetrieben und mit einer gleitenden Scheibe ausgestattet effizienz und Pr\u00e4zision beim Trimmen von niedrigem, dichtem Gras. Mit einer Schnitth\u00f6he von nur 20 mm ist er speziell f\u00fcr speziell f\u00fcr Fairways entwickelt und liefert konstante, hochwertige ergebnisse mit erh\u00f6hter Geschwindigkeit und optimierter Leistung.\" \/>\n<meta property=\"og:url\" content=\"https:\/\/www.kress.com\/de-at\/kress-rtk\u207f-28-000-m\u00b2-rasenmaehroboter-mit-oas-obstacle-avoidance-system-kr235e\/\" \/>\n<meta property=\"og:site_name\" content=\"Kress\" \/>\n<meta property=\"article:modified_time\" content=\"2025-10-17T10:00:22+00:00\" \/>\n<meta property=\"og:image\" content=\"https:\/\/www.kress.com\/wp-content\/uploads\/2024\/02\/logo_long.png\" \/>\n\t<meta property=\"og:image:width\" content=\"1200\" \/>\n\t<meta property=\"og:image:height\" content=\"675\" \/>\n\t<meta property=\"og:image:type\" content=\"image\/png\" \/>\n<meta name=\"twitter:card\" content=\"summary_large_image\" \/>\n<script type=\"application\/ld+json\" class=\"yoast-schema-graph\">{\"@context\":\"https:\/\/schema.org\",\"@graph\":[{\"@type\":\"WebPage\",\"@id\":\"https:\/\/www.kress.com\/de-at\/kress-rtk%e2%81%bf-28-000-m%c2%b2-rasenmaehroboter-mit-oas-obstacle-avoidance-system-kr235e\/\",\"url\":\"https:\/\/www.kress.com\/de-at\/kress-rtk%e2%81%bf-28-000-m%c2%b2-rasenmaehroboter-mit-oas-obstacle-avoidance-system-kr235e\/\",\"name\":\"Kress RTK\u207f 28.000 m\u00b2 Rasenm\u00e4hroboter mit OAS (Obstacle Avoidance System) | Kress\",\"isPartOf\":{\"@id\":\"https:\/\/www.kress.com\/de-de\/#website\"},\"datePublished\":\"2025-04-10T02:30:27+00:00\",\"dateModified\":\"2025-10-17T10:00:22+00:00\",\"breadcrumb\":{\"@id\":\"https:\/\/www.kress.com\/de-at\/kress-rtk%e2%81%bf-28-000-m%c2%b2-rasenmaehroboter-mit-oas-obstacle-avoidance-system-kr235e\/#breadcrumb\"},\"inLanguage\":\"de-AT\",\"potentialAction\":[{\"@type\":\"ReadAction\",\"target\":[\"https:\/\/www.kress.com\/de-at\/kress-rtk%e2%81%bf-28-000-m%c2%b2-rasenmaehroboter-mit-oas-obstacle-avoidance-system-kr235e\/\"]}]},{\"@type\":\"BreadcrumbList\",\"@id\":\"https:\/\/www.kress.com\/de-at\/kress-rtk%e2%81%bf-28-000-m%c2%b2-rasenmaehroboter-mit-oas-obstacle-avoidance-system-kr235e\/#breadcrumb\",\"itemListElement\":[{\"@type\":\"ListItem\",\"position\":1,\"name\":\"Home\",\"item\":\"https:\/\/www.kress.com\/de-at\/\"},{\"@type\":\"ListItem\",\"position\":2,\"name\":\"Produits\",\"item\":\"https:\/\/www.kress.com\/fr-fr\/shop\/\"},{\"@type\":\"ListItem\",\"position\":3,\"name\":\"Kress RTK\u207f 28.000 m\u00b2 Rasenm\u00e4hroboter mit OAS (Obstacle Avoidance System)\"}]},{\"@type\":\"WebSite\",\"@id\":\"https:\/\/www.kress.com\/de-de\/#website\",\"url\":\"https:\/\/www.kress.com\/de-de\/\",\"name\":\"Kress\",\"description\":\"\",\"publisher\":{\"@id\":\"https:\/\/www.kress.com\/de-de\/#organization\"},\"potentialAction\":[{\"@type\":\"SearchAction\",\"target\":{\"@type\":\"EntryPoint\",\"urlTemplate\":\"https:\/\/www.kress.com\/de-de\/?s={search_term_string}\"},\"query-input\":{\"@type\":\"PropertyValueSpecification\",\"valueRequired\":true,\"valueName\":\"search_term_string\"}}],\"inLanguage\":\"de-AT\"},{\"@type\":\"Organization\",\"@id\":\"https:\/\/www.kress.com\/de-de\/#organization\",\"name\":\"Kress\",\"url\":\"https:\/\/www.kress.com\/de-de\/\",\"logo\":{\"@type\":\"ImageObject\",\"inLanguage\":\"de-AT\",\"@id\":\"https:\/\/www.kress.com\/de-de\/#\/schema\/logo\/image\/\",\"url\":\"https:\/\/www.kress.com\/wp-content\/uploads\/2024\/02\/logo.png\",\"contentUrl\":\"https:\/\/www.kress.com\/wp-content\/uploads\/2024\/02\/logo.png\",\"width\":696,\"height\":696,\"caption\":\"Kress\"},\"image\":{\"@id\":\"https:\/\/www.kress.com\/de-de\/#\/schema\/logo\/image\/\"}}]}<\/script>\n<!-- \/ Yoast SEO Premium plugin. -->","yoast_head_json":{"title":"Kress RTK\u207f 28.000 m\u00b2 Rasenm\u00e4hroboter mit OAS (Obstacle Avoidance System) | Kress","robots":{"index":"index","follow":"follow","max-snippet":"max-snippet:-1","max-image-preview":"max-image-preview:large","max-video-preview":"max-video-preview:-1"},"og_locale":"de_DE","og_type":"article","og_title":"Kress RTK\u207f 28.000 m\u00b2 Rasenm\u00e4hroboter mit OAS (Obstacle Avoidance System)","og_description":"Verbesserte Schneidleistung, angetrieben durch einen Hochleistungsmotor motor angetrieben und mit einer gleitenden Scheibe ausgestattet effizienz und Pr\u00e4zision beim Trimmen von niedrigem, dichtem Gras. Mit einer Schnitth\u00f6he von nur 20 mm ist er speziell f\u00fcr speziell f\u00fcr Fairways entwickelt und liefert konstante, hochwertige ergebnisse mit erh\u00f6hter Geschwindigkeit und optimierter Leistung.","og_url":"https:\/\/www.kress.com\/de-at\/kress-rtk\u207f-28-000-m\u00b2-rasenmaehroboter-mit-oas-obstacle-avoidance-system-kr235e\/","og_site_name":"Kress","article_modified_time":"2025-10-17T10:00:22+00:00","og_image":[{"width":1200,"height":675,"url":"https:\/\/www.kress.com\/wp-content\/uploads\/2024\/02\/logo_long.png","type":"image\/png"}],"twitter_card":"summary_large_image","schema":{"@context":"https:\/\/schema.org","@graph":[{"@type":"WebPage","@id":"https:\/\/www.kress.com\/de-at\/kress-rtk%e2%81%bf-28-000-m%c2%b2-rasenmaehroboter-mit-oas-obstacle-avoidance-system-kr235e\/","url":"https:\/\/www.kress.com\/de-at\/kress-rtk%e2%81%bf-28-000-m%c2%b2-rasenmaehroboter-mit-oas-obstacle-avoidance-system-kr235e\/","name":"Kress RTK\u207f 28.000 m\u00b2 Rasenm\u00e4hroboter mit OAS (Obstacle Avoidance System) | Kress","isPartOf":{"@id":"https:\/\/www.kress.com\/de-de\/#website"},"datePublished":"2025-04-10T02:30:27+00:00","dateModified":"2025-10-17T10:00:22+00:00","breadcrumb":{"@id":"https:\/\/www.kress.com\/de-at\/kress-rtk%e2%81%bf-28-000-m%c2%b2-rasenmaehroboter-mit-oas-obstacle-avoidance-system-kr235e\/#breadcrumb"},"inLanguage":"de-AT","potentialAction":[{"@type":"ReadAction","target":["https:\/\/www.kress.com\/de-at\/kress-rtk%e2%81%bf-28-000-m%c2%b2-rasenmaehroboter-mit-oas-obstacle-avoidance-system-kr235e\/"]}]},{"@type":"BreadcrumbList","@id":"https:\/\/www.kress.com\/de-at\/kress-rtk%e2%81%bf-28-000-m%c2%b2-rasenmaehroboter-mit-oas-obstacle-avoidance-system-kr235e\/#breadcrumb","itemListElement":[{"@type":"ListItem","position":1,"name":"Home","item":"https:\/\/www.kress.com\/de-at\/"},{"@type":"ListItem","position":2,"name":"Produits","item":"https:\/\/www.kress.com\/fr-fr\/shop\/"},{"@type":"ListItem","position":3,"name":"Kress RTK\u207f 28.000 m\u00b2 Rasenm\u00e4hroboter mit OAS (Obstacle Avoidance System)"}]},{"@type":"WebSite","@id":"https:\/\/www.kress.com\/de-de\/#website","url":"https:\/\/www.kress.com\/de-de\/","name":"Kress","description":"","publisher":{"@id":"https:\/\/www.kress.com\/de-de\/#organization"},"potentialAction":[{"@type":"SearchAction","target":{"@type":"EntryPoint","urlTemplate":"https:\/\/www.kress.com\/de-de\/?s={search_term_string}"},"query-input":{"@type":"PropertyValueSpecification","valueRequired":true,"valueName":"search_term_string"}}],"inLanguage":"de-AT"},{"@type":"Organization","@id":"https:\/\/www.kress.com\/de-de\/#organization","name":"Kress","url":"https:\/\/www.kress.com\/de-de\/","logo":{"@type":"ImageObject","inLanguage":"de-AT","@id":"https:\/\/www.kress.com\/de-de\/#\/schema\/logo\/image\/","url":"https:\/\/www.kress.com\/wp-content\/uploads\/2024\/02\/logo.png","contentUrl":"https:\/\/www.kress.com\/wp-content\/uploads\/2024\/02\/logo.png","width":696,"height":696,"caption":"Kress"},"image":{"@id":"https:\/\/www.kress.com\/de-de\/#\/schema\/logo\/image\/"}}]}},"_links":{"self":[{"href":"https:\/\/www.kress.com\/de-at\/wp-json\/wp\/v2\/product\/415871","targetHints":{"allow":["GET"]}}],"collection":[{"href":"https:\/\/www.kress.com\/de-at\/wp-json\/wp\/v2\/product"}],"about":[{"href":"https:\/\/www.kress.com\/de-at\/wp-json\/wp\/v2\/types\/product"}],"wp:attachment":[{"href":"https:\/\/www.kress.com\/de-at\/wp-json\/wp\/v2\/media?parent=415871"}],"wp:term":[{"taxonomy":"product_brand","embeddable":true,"href":"https:\/\/www.kress.com\/de-at\/wp-json\/wp\/v2\/product_brand?post=415871"},{"taxonomy":"product_cat","embeddable":true,"href":"https:\/\/www.kress.com\/de-at\/wp-json\/wp\/v2\/product_cat?post=415871"},{"taxonomy":"product_tag","embeddable":true,"href":"https:\/\/www.kress.com\/de-at\/wp-json\/wp\/v2\/product_tag?post=415871"}],"curies":[{"name":"wp","href":"https:\/\/api.w.org\/{rel}","templated":true}]}}