{"id":33008,"date":"2024-03-26T08:16:27","date_gmt":"2024-03-26T08:16:27","guid":{"rendered":""},"modified":"2024-08-28T12:30:12","modified_gmt":"2024-08-28T12:30:12","slug":"kress-60-v-35-cm-buerstenlose-kettensaege-nur-werkzeug-kg367e-9","status":"publish","type":"product","link":"https:\/\/www.kress.com\/de-at\/kress-60-v-35-cm-buerstenlose-kettensaege-nur-werkzeug-kg367e-9\/","title":{"rendered":"Kress 60 V 35 cm b\u00fcrstenlose Kettens\u00e4ge"},"content":{"rendered":"<p>Ausgestattet mit einem b\u00fcrstenlosen Motor ist der KG367E.9 so leistungsstark wie ein Benzinger\u00e4t. Die Hochgeschwindigkeitskette mit bis zu 22 m\/s sorgt f\u00fcr eine h\u00f6here Schnitteffizienz f\u00fcr schnelles, gleichm\u00e4\u00dfiges Schneiden.<\/p>\n","protected":false},"excerpt":{"rendered":"<p>Ausgestattet mit einem b\u00fcrstenlosen Motor ist der KG367E.9 so leistungsstark wie ein Benzinger\u00e4t. Die Hochgeschwindigkeitskette mit bis zu 22 m\/s sorgt f\u00fcr eine h\u00f6here Schnitteffizienz f\u00fcr schnelles, gleichm\u00e4\u00dfiges Schneiden.<\/p>\n","protected":false},"featured_media":0,"template":"","meta":{"_acf_changed":false},"product_brand":[],"product_cat":[],"product_tag":[],"class_list":{"0":"post-33008","1":"product","2":"type-product","3":"status-publish","6":"first","7":"instock","8":"shipping-taxable","9":"purchasable","10":"product-type-simple"},"acf":[],"yoast_head":"<!-- This site is optimized with the Yoast SEO Premium plugin v26.5 (Yoast SEO v27.0) - https:\/\/yoast.com\/product\/yoast-seo-premium-wordpress\/ -->\n<title>Kress 60 V 35 cm b\u00fcrstenlose Kettens\u00e4ge | Kress<\/title>\n<meta name=\"robots\" content=\"index, follow, max-snippet:-1, max-image-preview:large, max-video-preview:-1\" \/>\n<meta property=\"og:locale\" content=\"de_DE\" \/>\n<meta property=\"og:type\" content=\"article\" \/>\n<meta property=\"og:title\" content=\"Kress 60 V 35 cm b\u00fcrstenlose Kettens\u00e4ge\" \/>\n<meta property=\"og:description\" content=\"Ausgestattet mit einem b\u00fcrstenlosen Motor ist der KG367E.9 so leistungsstark wie ein Benzinger\u00e4t. Die Hochgeschwindigkeitskette mit bis zu 22 m\/s sorgt f\u00fcr eine h\u00f6here Schnitteffizienz f\u00fcr schnelles, gleichm\u00e4\u00dfiges Schneiden.\" \/>\n<meta property=\"og:url\" content=\"https:\/\/www.kress.com\/de-at\/kress-60-v-35-cm-buerstenlose-kettensaege-nur-werkzeug-kg367e-9\/\" \/>\n<meta property=\"og:site_name\" content=\"Kress\" \/>\n<meta property=\"article:modified_time\" content=\"2024-08-28T12:30:12+00:00\" \/>\n<meta property=\"og:image\" content=\"https:\/\/www.kress.com\/wp-content\/uploads\/2024\/02\/logo_long.png\" \/>\n\t<meta property=\"og:image:width\" content=\"1200\" \/>\n\t<meta property=\"og:image:height\" content=\"675\" \/>\n\t<meta property=\"og:image:type\" content=\"image\/png\" \/>\n<meta name=\"twitter:card\" content=\"summary_large_image\" \/>\n<script type=\"application\/ld+json\" class=\"yoast-schema-graph\">{\"@context\":\"https:\/\/schema.org\",\"@graph\":[{\"@type\":\"WebPage\",\"@id\":\"https:\/\/www.kress.com\/de-at\/kress-60-v-35-cm-buerstenlose-kettensaege-nur-werkzeug-kg367e-9\/\",\"url\":\"https:\/\/www.kress.com\/de-at\/kress-60-v-35-cm-buerstenlose-kettensaege-nur-werkzeug-kg367e-9\/\",\"name\":\"Kress 60 V 35 cm b\u00fcrstenlose Kettens\u00e4ge | Kress\",\"isPartOf\":{\"@id\":\"https:\/\/www.kress.com\/de-de\/#website\"},\"datePublished\":\"2024-03-26T08:16:27+00:00\",\"dateModified\":\"2024-08-28T12:30:12+00:00\",\"breadcrumb\":{\"@id\":\"https:\/\/www.kress.com\/de-at\/kress-60-v-35-cm-buerstenlose-kettensaege-nur-werkzeug-kg367e-9\/#breadcrumb\"},\"inLanguage\":\"de-AT\",\"potentialAction\":[{\"@type\":\"ReadAction\",\"target\":[\"https:\/\/www.kress.com\/de-at\/kress-60-v-35-cm-buerstenlose-kettensaege-nur-werkzeug-kg367e-9\/\"]}]},{\"@type\":\"BreadcrumbList\",\"@id\":\"https:\/\/www.kress.com\/de-at\/kress-60-v-35-cm-buerstenlose-kettensaege-nur-werkzeug-kg367e-9\/#breadcrumb\",\"itemListElement\":[{\"@type\":\"ListItem\",\"position\":1,\"name\":\"Home\",\"item\":\"https:\/\/www.kress.com\/de-at\/\"},{\"@type\":\"ListItem\",\"position\":2,\"name\":\"Produits\",\"item\":\"https:\/\/www.kress.com\/fr-fr\/shop\/\"},{\"@type\":\"ListItem\",\"position\":3,\"name\":\"Kress 60 V 35 cm b\u00fcrstenlose Kettens\u00e4ge\"}]},{\"@type\":\"WebSite\",\"@id\":\"https:\/\/www.kress.com\/de-de\/#website\",\"url\":\"https:\/\/www.kress.com\/de-de\/\",\"name\":\"Kress\",\"description\":\"\",\"publisher\":{\"@id\":\"https:\/\/www.kress.com\/de-de\/#organization\"},\"potentialAction\":[{\"@type\":\"SearchAction\",\"target\":{\"@type\":\"EntryPoint\",\"urlTemplate\":\"https:\/\/www.kress.com\/de-de\/?s={search_term_string}\"},\"query-input\":{\"@type\":\"PropertyValueSpecification\",\"valueRequired\":true,\"valueName\":\"search_term_string\"}}],\"inLanguage\":\"de-AT\"},{\"@type\":\"Organization\",\"@id\":\"https:\/\/www.kress.com\/de-de\/#organization\",\"name\":\"Kress\",\"url\":\"https:\/\/www.kress.com\/de-de\/\",\"logo\":{\"@type\":\"ImageObject\",\"inLanguage\":\"de-AT\",\"@id\":\"https:\/\/www.kress.com\/de-de\/#\/schema\/logo\/image\/\",\"url\":\"https:\/\/www.kress.com\/wp-content\/uploads\/2024\/02\/logo.png\",\"contentUrl\":\"https:\/\/www.kress.com\/wp-content\/uploads\/2024\/02\/logo.png\",\"width\":696,\"height\":696,\"caption\":\"Kress\"},\"image\":{\"@id\":\"https:\/\/www.kress.com\/de-de\/#\/schema\/logo\/image\/\"}}]}<\/script>\n<!-- \/ Yoast SEO Premium plugin. -->","yoast_head_json":{"title":"Kress 60 V 35 cm b\u00fcrstenlose Kettens\u00e4ge | Kress","robots":{"index":"index","follow":"follow","max-snippet":"max-snippet:-1","max-image-preview":"max-image-preview:large","max-video-preview":"max-video-preview:-1"},"og_locale":"de_DE","og_type":"article","og_title":"Kress 60 V 35 cm b\u00fcrstenlose Kettens\u00e4ge","og_description":"Ausgestattet mit einem b\u00fcrstenlosen Motor ist der KG367E.9 so leistungsstark wie ein Benzinger\u00e4t. Die Hochgeschwindigkeitskette mit bis zu 22 m\/s sorgt f\u00fcr eine h\u00f6here Schnitteffizienz f\u00fcr schnelles, gleichm\u00e4\u00dfiges Schneiden.","og_url":"https:\/\/www.kress.com\/de-at\/kress-60-v-35-cm-buerstenlose-kettensaege-nur-werkzeug-kg367e-9\/","og_site_name":"Kress","article_modified_time":"2024-08-28T12:30:12+00:00","og_image":[{"width":1200,"height":675,"url":"https:\/\/www.kress.com\/wp-content\/uploads\/2024\/02\/logo_long.png","type":"image\/png"}],"twitter_card":"summary_large_image","schema":{"@context":"https:\/\/schema.org","@graph":[{"@type":"WebPage","@id":"https:\/\/www.kress.com\/de-at\/kress-60-v-35-cm-buerstenlose-kettensaege-nur-werkzeug-kg367e-9\/","url":"https:\/\/www.kress.com\/de-at\/kress-60-v-35-cm-buerstenlose-kettensaege-nur-werkzeug-kg367e-9\/","name":"Kress 60 V 35 cm b\u00fcrstenlose Kettens\u00e4ge | Kress","isPartOf":{"@id":"https:\/\/www.kress.com\/de-de\/#website"},"datePublished":"2024-03-26T08:16:27+00:00","dateModified":"2024-08-28T12:30:12+00:00","breadcrumb":{"@id":"https:\/\/www.kress.com\/de-at\/kress-60-v-35-cm-buerstenlose-kettensaege-nur-werkzeug-kg367e-9\/#breadcrumb"},"inLanguage":"de-AT","potentialAction":[{"@type":"ReadAction","target":["https:\/\/www.kress.com\/de-at\/kress-60-v-35-cm-buerstenlose-kettensaege-nur-werkzeug-kg367e-9\/"]}]},{"@type":"BreadcrumbList","@id":"https:\/\/www.kress.com\/de-at\/kress-60-v-35-cm-buerstenlose-kettensaege-nur-werkzeug-kg367e-9\/#breadcrumb","itemListElement":[{"@type":"ListItem","position":1,"name":"Home","item":"https:\/\/www.kress.com\/de-at\/"},{"@type":"ListItem","position":2,"name":"Produits","item":"https:\/\/www.kress.com\/fr-fr\/shop\/"},{"@type":"ListItem","position":3,"name":"Kress 60 V 35 cm b\u00fcrstenlose Kettens\u00e4ge"}]},{"@type":"WebSite","@id":"https:\/\/www.kress.com\/de-de\/#website","url":"https:\/\/www.kress.com\/de-de\/","name":"Kress","description":"","publisher":{"@id":"https:\/\/www.kress.com\/de-de\/#organization"},"potentialAction":[{"@type":"SearchAction","target":{"@type":"EntryPoint","urlTemplate":"https:\/\/www.kress.com\/de-de\/?s={search_term_string}"},"query-input":{"@type":"PropertyValueSpecification","valueRequired":true,"valueName":"search_term_string"}}],"inLanguage":"de-AT"},{"@type":"Organization","@id":"https:\/\/www.kress.com\/de-de\/#organization","name":"Kress","url":"https:\/\/www.kress.com\/de-de\/","logo":{"@type":"ImageObject","inLanguage":"de-AT","@id":"https:\/\/www.kress.com\/de-de\/#\/schema\/logo\/image\/","url":"https:\/\/www.kress.com\/wp-content\/uploads\/2024\/02\/logo.png","contentUrl":"https:\/\/www.kress.com\/wp-content\/uploads\/2024\/02\/logo.png","width":696,"height":696,"caption":"Kress"},"image":{"@id":"https:\/\/www.kress.com\/de-de\/#\/schema\/logo\/image\/"}}]}},"_links":{"self":[{"href":"https:\/\/www.kress.com\/de-at\/wp-json\/wp\/v2\/product\/33008","targetHints":{"allow":["GET"]}}],"collection":[{"href":"https:\/\/www.kress.com\/de-at\/wp-json\/wp\/v2\/product"}],"about":[{"href":"https:\/\/www.kress.com\/de-at\/wp-json\/wp\/v2\/types\/product"}],"wp:attachment":[{"href":"https:\/\/www.kress.com\/de-at\/wp-json\/wp\/v2\/media?parent=33008"}],"wp:term":[{"taxonomy":"product_brand","embeddable":true,"href":"https:\/\/www.kress.com\/de-at\/wp-json\/wp\/v2\/product_brand?post=33008"},{"taxonomy":"product_cat","embeddable":true,"href":"https:\/\/www.kress.com\/de-at\/wp-json\/wp\/v2\/product_cat?post=33008"},{"taxonomy":"product_tag","embeddable":true,"href":"https:\/\/www.kress.com\/de-at\/wp-json\/wp\/v2\/product_tag?post=33008"}],"curies":[{"name":"wp","href":"https:\/\/api.w.org\/{rel}","templated":true}]}}