{"id":424298,"date":"2025-05-19T16:15:53","date_gmt":"2025-05-19T14:15:53","guid":{"rendered":"https:\/\/www.kress.com\/angebote-und-aktionen\/promozione-kress-mega-rtkn\/"},"modified":"2025-12-05T12:00:01","modified_gmt":"2025-12-05T11:00:01","slug":"kress-mega-rtkn-aktion-fussballfelder","status":"publish","type":"page","link":"https:\/\/www.kress.com\/de-at\/angebote-und-aktionen\/kress-mega-rtkn-aktion-fussballfelder\/","title":{"rendered":"Kress Mega RTKn for football fields promotion"},"content":{"rendered":"     <section class=\"section-bkg changebkgmobile tileinside pmobile  tile-background-red  p-50-x p-50 malign-end  \"  data-bkgmobile=\"https:\/\/www.kress.com\/wp-content\/uploads\/2025\/08\/Mobile-DE-2.png\" style=\"background-image:url('https:\/\/www.kress.com\/wp-content\/uploads\/2025\/08\/Desktop-DE-1.png');\">\n            <div class=\"row dflex align-middle malign-end end\">\n                        <div class=\"col-sm-5\" style=\"height: auto;\">\n                                        <div style=\"max-height: 120px;margin-bottom: 15px;\">\n                    <img decoding=\"async\" src=\"https:\/\/www.kress.com\/wp-content\/uploads\/2025\/08\/logo-80.png\"  style=\"max-height: 120px;max-width:250px;object-fit: contain;object-position: left;\"\/>\n                <\/div>\n                                    <h3>\n                Gesunder Rasen, besseres Spiel            <\/h3>\n                             \n            T\u00e4gliches M\u00e4hen verbessert die Rasendichte und sorgt so f\u00fcr schnelleren Ballflug und bessere Traktion. Jetzt exklusive Konditionen f\u00fcr Sportvereine.\n                           \n                                        <a class=\"btn-minisite  bordered\" href=\"#store-locator-anchor\" style=\"margin: 30px 0px 0px;\">H\u00e4ndler in der N\u00e4he finden<\/a>\n                      \n                                        <small style=\"margin-top: 30px;\">* Angebot g\u00fcltig bis 31. Dezember f\u00fcr bestimmte Modelle.<\/small>\n                       \n        <\/div>\n             <\/div>\n          <\/section>\n\n<style>\n\n    .tile-background-white{\n        background-color: #fff !important;\n    }\n\n    section.section-bkg.tile-background-white h3{\n        color: #8D100C !important;\n    }\n\n    section.section-bkg.tile-background-white h4{\n         color: #8D100C !important;font-weight: 800 !important;font-size: 24px !important;\n    }\n\n     section.section-bkg.tile-background-white h6{\n          font-size: 14px !important;\n        line-height: 18px !important;\n        color: #000 !important;\n        font-weight: 400 !important; \n        text-transform: none !important;\n     }\n\n    section.section-bkg.tile-background-white p{\n        color: #000 !important;\n    }\n\n    section.section-bkg.tile-background-white  p,section.section-bkg.tile-background-white  li,section.section-bkg.tile-background-white  ul{\n        color: #000 !important;\n    }\n    \n    \n    section.section-bkg.tile-background-white .btn-minisite {\n        display: block;\n        width: 100%;\n        padding: 20px 30px;\n        font-size: 16px;\n        font-weight: 600;\n        position: relative;\n        cursor: pointer;\n        margin: 40px 0px 30px;\n        border-radius: 100px;\n        border: 1px solid #8D100C !important;\n        color: #8D100C !important;\n        background-size: cover;\n        background-position: center;\n        background-repeat: no-repeat;\n    }\n\n    section.section-bkg.tile-background-white .btn-minisite:after {\n       background-image: url(\/wp-content\/uploads\/custom\/arrow-red.svg) !important;\n        }\n\n\n\n    <\/style>\n\n\n            <section class=\"section-bkg changebkgmobile bkg-mobilecontain notmodmobile maspecunset pmobile p-90-a malign-start\"  data-bkgmobile=\"https:\/\/www.kress.com\/wp-content\/uploads\/2025\/04\/Raggruppa-6459@2x.jpg\" style=\"background-image:url('https:\/\/www.kress.com\/wp-content\/uploads\/2025\/04\/Raggruppa-6454.jpg');padding-top:50px !important;min-height: 600px;\">\n    <div class=\"row dflex center  columnonmobile align-start  \" style=\"height: auto;height: 100%; align-items: self-start!important;gap: 30px;\">\n\n               <div class=\"col-md-5 dflex end\" style=\"height:auto\">\n                \n<img decoding=\"async\" src=\"https:\/\/www.kress.com\/wp-content\/uploads\/2025\/04\/Raggruppa-5828.jpg\" \/>\n\n\n\n\n            <\/div>\n           \n                                    \n                                        <div class=\"col-sm-5 grey\" style=\"height:auto\">\n                    \n<div class=\"white strong\" style=\"font-weight:700;text-align:left\">\n    <p>Vertraut von Profis<\/p>\n<\/div>\n<div class=\"tile-text\" style=\"text-align:left\"><p>Kress-Roboter sind bekannt auf Golfpl\u00e4tzen, Sportanlagen und in Luxusresorts. Jetzt erhalten Sie dieselbe professionelle Qualit\u00e4t f\u00fcr Ihren Rasen \u2013 zum unschlagbaren Preis.<\/p>\n<\/div>\n\n\n\n\n                                    <\/div>\n                        \n                <\/div>\n    <\/section>\n\n\n\n    <section class=\"related-product deals_page\" style=\"display:flex\" id=\"product-promo-block\">\n    <div class=\"row\">\n        <div class=\"container\">\n            \n            <div class=\"row position-relative\">\n                <div class=\"content-listing no-padding-top\" style=\"justify-content: center;\">\n                                                                    \n                                                                           \n                                <div class=\"col-md-4 items-listing\" style=\"cursor: pointer\" >\n                                    <div    class=\"item-img-listing\" >\n                                     \n                                                                               \n                                        <div class=\"box-sku logo4\">\n                                                <h4 class=\"sku-code\">KR230E<\/h4>\n                                        <\/div>\n                                                                                                                                                                <a href=\"https:\/\/www.kress.com\/de-at\/kress-rtk%e2%81%bf-8-000-m%c2%b2-rasenmaeherroboter-mit-oas-obstacle-avoidance-system-kr230e\/\" onclick=\"sendTrack_block('KR230E','Kress RTK\u207f 8.000 m\u00b2 Rasenm\u00e4herroboter mit OAS (Obstacle Avoidance System)','',false)\" class=\"kress_related_listing_image\" style=\"margin-top:0px;margin-bottom:0px\">\n                                            <img decoding=\"async\" src=\"https:\/\/www.kress.com\/wp-content\/plugins\/woocommerce-onpage\/storage\/cache\/8e6cc4ea591caffc1aa6759e771912a78ebf9978.300x450.webp\/KR230E_list.webp\"  style=\"height:100%\">\n                                        <\/a>\n                                      \n                                        <div class=\"dflex txtbundlekit\">\n                                            <div class=\"col-md-12 onlyprice\">\n                                                <p><strong>Kress RTK\u207f 8.000 m\u00b2 Rasenm\u00e4herroboter mit OAS (Obstacle Avoidance System)<\/strong><\/p>\n                                            <\/div>\n                                           \n                                        <\/div>\n\n                                      \n                                        \n                                                                            <\/div>\n                                    <div onclick=\"javascript:event.stopPropagation();sendTrack_block('KR230E','Kress RTK\u207f 8.000 m&sup2; Rasenmaherroboter mit OAS (Obstacle Avoidance System)','')\" class=\"btn-cta\">Finde einen H\u00e4ndler<\/div>\n                                    \n                                <\/div>\n                                            \n                                    \n                                                                           \n                                <div class=\"col-md-4 items-listing\" style=\"cursor: pointer\" >\n                                    <div    class=\"item-img-listing\" >\n                                     \n                                                                               \n                                        <div class=\"box-sku logo4\">\n                                                <h4 class=\"sku-code\">KR233E<\/h4>\n                                        <\/div>\n                                                                                                                                                                <a href=\"https:\/\/www.kress.com\/de-at\/kress-rtk%e2%81%bf-12-000-m%c2%b2-maehroboter-mit-oas-obstacle-avoidance-system-kr233e\/\" onclick=\"sendTrack_block('KR233E','Kress RTK\u207f 12.000 m\u00b2 Rasenm\u00e4herroboter mit OAS (Obstacle Avoidance System)','',false)\" class=\"kress_related_listing_image\" style=\"margin-top:0px;margin-bottom:0px\">\n                                            <img decoding=\"async\" src=\"https:\/\/www.kress.com\/wp-content\/plugins\/woocommerce-onpage\/storage\/cache\/8eb69b60ffcd1716ec82361e7bbaaaea2191daf9.300x450.webp\/KR233E%20KR236E_list.webp\"  style=\"height:100%\">\n                                        <\/a>\n                                      \n                                        <div class=\"dflex txtbundlekit\">\n                                            <div class=\"col-md-12 onlyprice\">\n                                                <p><strong>Kress RTK\u207f 12.000 m\u00b2 Rasenm\u00e4herroboter mit OAS (Obstacle Avoidance System)<\/strong><\/p>\n                                            <\/div>\n                                           \n                                        <\/div>\n\n                                      \n                                        \n                                                                            <\/div>\n                                    <div onclick=\"javascript:event.stopPropagation();sendTrack_block('KR233E','Kress RTK\u207f 12.000 m&sup2; Rasenmaherroboter mit OAS (Obstacle Avoidance System)','')\" class=\"btn-cta\">Finde einen H\u00e4ndler<\/div>\n                                    \n                                <\/div>\n                                            \n                                    \n                                                                           \n                                <div class=\"col-md-4 items-listing\" style=\"cursor: pointer\" >\n                                    <div    class=\"item-img-listing\" >\n                                     \n                                                                               \n                                        <div class=\"box-sku logo4\">\n                                                <h4 class=\"sku-code\">KR235E<\/h4>\n                                        <\/div>\n                                                                                                                                                                <a href=\"https:\/\/www.kress.com\/de-at\/kress-rtk%e2%81%bf-28-000-m%c2%b2-rasenmaehroboter-mit-oas-obstacle-avoidance-system-kr235e\/\" onclick=\"sendTrack_block('KR235E','Kress RTK\u207f 28.000 m\u00b2 Rasenm\u00e4hroboter mit OAS (Obstacle Avoidance System)','',false)\" class=\"kress_related_listing_image\" style=\"margin-top:0px;margin-bottom:0px\">\n                                            <img decoding=\"async\" src=\"https:\/\/www.kress.com\/wp-content\/plugins\/woocommerce-onpage\/storage\/cache\/542316c99d7041cd4b3d14c61041935c2e5c553a.300x450.webp\/KR233E%20KR236E%20KR237E_list.webp\"  style=\"height:100%\">\n                                        <\/a>\n                                      \n                                        <div class=\"dflex txtbundlekit\">\n                                            <div class=\"col-md-12 onlyprice\">\n                                                <p><strong>Kress RTK\u207f 28.000 m\u00b2 Rasenm\u00e4hroboter mit OAS (Obstacle Avoidance System)<\/strong><\/p>\n                                            <\/div>\n                                           \n                                        <\/div>\n\n                                      \n                                        \n                                                                            <\/div>\n                                    <div onclick=\"javascript:event.stopPropagation();sendTrack_block('KR235E','Kress RTK\u207f 28.000 m&sup2; Rasenmahroboter mit OAS (Obstacle Avoidance System)','')\" class=\"btn-cta\">Finde einen H\u00e4ndler<\/div>\n                                    \n                                <\/div>\n                                            \n                                               \n                                <\/div>\n            <\/div>\n        <\/div>\n    <\/div>\n<\/section>\n\n<script>\n    var $activeplatform = '';\n    var $activeproduct = '';\n    var $active = 0;\n\tfunction sendTrack_block(sku,name,price,dealer=true){\n     \n        dataLayer.push({\n\t        event: 'select_item',\n            ecommerce: {\n                currency: \"&#8364;\",\n                items: [\n                    {\n                        item_id: sku,\n                        item_name: name,\n                        sku: sku,\n                        price: price,\n                        stocklevel: null,\n                        stockstatus: \"instock\",\n                        google_business_vertical: \"retail\",\n                        item_category: \"\",\n                        id: sku\n                    }\n                ]\n            }\n        });\n        if(dealer){\n        $('html, body').animate({\n                scrollTop: $(\"#store-locator-anchor\").offset().top\n            }, 200);\n        }\n      \n    }\n<\/script>\n\n\n\n\n        <\/div>\n            <section class=\"section-bkg changebkgmobile bkg-mobilecontain notmodmobile maspecunset pmobile p-90-a malign-start minh\"  data-bkgmobile=\"https:\/\/www.kress.com\/wp-content\/uploads\/2025\/05\/Raggruppa-6452-1.png\" style=\"background-image:url('https:\/\/www.kress.com\/wp-content\/uploads\/2025\/05\/Raggruppa-6473.png');aspect-ratio: 3;\">\n            <div class=\"entry-content section-inner newtemplatekress flexonmobile\" style=\"height:100%;\">\n    <div class=\"row dflex center  columnonmobile align-start  \" style=\"height: auto;gap:40px;    width: 100%;\">\n\n               <div class=\"col-md-4 dflex end\" style=\"height:auto\">\n                \n<img decoding=\"async\" src=\"https:\/\/www.kress.com\/wp-content\/uploads\/2025\/04\/Raggruppa-6468.jpg\" class=\"nomob\"\/>\n    <img decoding=\"async\" src=\"https:\/\/www.kress.com\/wp-content\/uploads\/2025\/04\/Raggruppa-6468-1.jpg\" class=\"onlymob\"\/>\n\n\n\n\n            <\/div>\n           \n                                    \n                                        <div class=\"grey col-md-4 text-left redbtn\" style=\"height:auto\">\n                    \n<div class=\"white strong\" style=\"font-weight:700;text-align:left\">\n    <p>Machen Sie mehr aus Ihrer Rasenpflege<\/p>\n<\/div>\n<div class=\"tile-text\" style=\"text-align:left\"><p>Die Kress M\u00e4hroboter bringen professionelle Qualit\u00e4t in Ihren Garten. Verpassen Sie nicht dieses unschlagbare Angebot \u2013 sparen bis zu 32%, solange der Vorrat reicht!<\/p>\n<\/div>\n\n\n            <a class=\"btn-minisite \" href=\"#store-locator-anchor\" style=\"margin: 30px 0px 0px;\">H\u00e4ndler in der N\u00e4he finden<\/a>\n    \n\n                                    <\/div>\n                        \n                <\/div>\n            <\/div>\n    <\/section>\n    <div class=\"entry-content section-inner newtemplatekress\" style=\"margin-top:80px;\">\n    ","protected":false},"excerpt":{"rendered":"","protected":false},"author":18,"featured_media":0,"parent":392576,"menu_order":0,"comment_status":"closed","ping_status":"closed","template":"","meta":{"_acf_changed":false,"footnotes":""},"class_list":["post-424298","page","type-page","status-publish","hentry"],"acf":[],"yoast_head":"<!-- This site is optimized with the Yoast SEO Premium plugin v26.5 (Yoast SEO v27.0) - https:\/\/yoast.com\/product\/yoast-seo-premium-wordpress\/ -->\n<title>Kress Mega RTKn for football fields promotion | Kress<\/title>\n<meta name=\"robots\" content=\"index, follow, max-snippet:-1, max-image-preview:large, max-video-preview:-1\" \/>\n<meta property=\"og:locale\" content=\"de_DE\" \/>\n<meta property=\"og:type\" content=\"article\" \/>\n<meta property=\"og:title\" content=\"Kress Mega RTKn for football fields promotion\" \/>\n<meta property=\"og:url\" content=\"https:\/\/www.kress.com\/de-at\/angebote-und-aktionen\/kress-mega-rtkn-aktion-fussballfelder\/\" \/>\n<meta property=\"og:site_name\" content=\"Kress\" \/>\n<meta property=\"article:modified_time\" content=\"2025-12-05T11:00:01+00:00\" \/>\n<meta property=\"og:image\" content=\"https:\/\/www.kress.com\/wp-content\/uploads\/2024\/02\/logo_long.png\" \/>\n\t<meta property=\"og:image:width\" content=\"1200\" \/>\n\t<meta property=\"og:image:height\" content=\"675\" \/>\n\t<meta property=\"og:image:type\" content=\"image\/png\" \/>\n<meta name=\"twitter:card\" content=\"summary_large_image\" \/>\n<script type=\"application\/ld+json\" class=\"yoast-schema-graph\">{\"@context\":\"https:\/\/schema.org\",\"@graph\":[{\"@type\":\"WebPage\",\"@id\":\"https:\/\/www.kress.com\/de-at\/angebote-und-aktionen\/kress-mega-rtkn-aktion-fussballfelder\/\",\"url\":\"https:\/\/www.kress.com\/de-at\/angebote-und-aktionen\/kress-mega-rtkn-aktion-fussballfelder\/\",\"name\":\"Kress Mega RTKn for football fields promotion | Kress\",\"isPartOf\":{\"@id\":\"https:\/\/www.kress.com\/de-de\/#website\"},\"datePublished\":\"2025-05-19T14:15:53+00:00\",\"dateModified\":\"2025-12-05T11:00:01+00:00\",\"breadcrumb\":{\"@id\":\"https:\/\/www.kress.com\/de-at\/angebote-und-aktionen\/kress-mega-rtkn-aktion-fussballfelder\/#breadcrumb\"},\"inLanguage\":\"de-AT\",\"potentialAction\":[{\"@type\":\"ReadAction\",\"target\":[\"https:\/\/www.kress.com\/de-at\/angebote-und-aktionen\/kress-mega-rtkn-aktion-fussballfelder\/\"]}]},{\"@type\":\"BreadcrumbList\",\"@id\":\"https:\/\/www.kress.com\/de-at\/angebote-und-aktionen\/kress-mega-rtkn-aktion-fussballfelder\/#breadcrumb\",\"itemListElement\":[{\"@type\":\"ListItem\",\"position\":1,\"name\":\"Home\",\"item\":\"https:\/\/www.kress.com\/de-at\/\"},{\"@type\":\"ListItem\",\"position\":2,\"name\":\"Angebote und aktionen\",\"item\":\"https:\/\/www.kress.com\/de-at\/angebote-und-aktionen\/\"},{\"@type\":\"ListItem\",\"position\":3,\"name\":\"Kress Mega RTKn for football fields promotion\"}]},{\"@type\":\"WebSite\",\"@id\":\"https:\/\/www.kress.com\/de-de\/#website\",\"url\":\"https:\/\/www.kress.com\/de-de\/\",\"name\":\"Kress\",\"description\":\"\",\"publisher\":{\"@id\":\"https:\/\/www.kress.com\/de-de\/#organization\"},\"potentialAction\":[{\"@type\":\"SearchAction\",\"target\":{\"@type\":\"EntryPoint\",\"urlTemplate\":\"https:\/\/www.kress.com\/de-de\/?s={search_term_string}\"},\"query-input\":{\"@type\":\"PropertyValueSpecification\",\"valueRequired\":true,\"valueName\":\"search_term_string\"}}],\"inLanguage\":\"de-AT\"},{\"@type\":\"Organization\",\"@id\":\"https:\/\/www.kress.com\/de-de\/#organization\",\"name\":\"Kress\",\"url\":\"https:\/\/www.kress.com\/de-de\/\",\"logo\":{\"@type\":\"ImageObject\",\"inLanguage\":\"de-AT\",\"@id\":\"https:\/\/www.kress.com\/de-de\/#\/schema\/logo\/image\/\",\"url\":\"https:\/\/www.kress.com\/wp-content\/uploads\/2024\/02\/logo.png\",\"contentUrl\":\"https:\/\/www.kress.com\/wp-content\/uploads\/2024\/02\/logo.png\",\"width\":696,\"height\":696,\"caption\":\"Kress\"},\"image\":{\"@id\":\"https:\/\/www.kress.com\/de-de\/#\/schema\/logo\/image\/\"}}]}<\/script>\n<!-- \/ Yoast SEO Premium plugin. -->","yoast_head_json":{"title":"Kress Mega RTKn for football fields promotion | Kress","robots":{"index":"index","follow":"follow","max-snippet":"max-snippet:-1","max-image-preview":"max-image-preview:large","max-video-preview":"max-video-preview:-1"},"og_locale":"de_DE","og_type":"article","og_title":"Kress Mega RTKn for football fields promotion","og_url":"https:\/\/www.kress.com\/de-at\/angebote-und-aktionen\/kress-mega-rtkn-aktion-fussballfelder\/","og_site_name":"Kress","article_modified_time":"2025-12-05T11:00:01+00:00","og_image":[{"width":1200,"height":675,"url":"https:\/\/www.kress.com\/wp-content\/uploads\/2024\/02\/logo_long.png","type":"image\/png"}],"twitter_card":"summary_large_image","schema":{"@context":"https:\/\/schema.org","@graph":[{"@type":"WebPage","@id":"https:\/\/www.kress.com\/de-at\/angebote-und-aktionen\/kress-mega-rtkn-aktion-fussballfelder\/","url":"https:\/\/www.kress.com\/de-at\/angebote-und-aktionen\/kress-mega-rtkn-aktion-fussballfelder\/","name":"Kress Mega RTKn for football fields promotion | Kress","isPartOf":{"@id":"https:\/\/www.kress.com\/de-de\/#website"},"datePublished":"2025-05-19T14:15:53+00:00","dateModified":"2025-12-05T11:00:01+00:00","breadcrumb":{"@id":"https:\/\/www.kress.com\/de-at\/angebote-und-aktionen\/kress-mega-rtkn-aktion-fussballfelder\/#breadcrumb"},"inLanguage":"de-AT","potentialAction":[{"@type":"ReadAction","target":["https:\/\/www.kress.com\/de-at\/angebote-und-aktionen\/kress-mega-rtkn-aktion-fussballfelder\/"]}]},{"@type":"BreadcrumbList","@id":"https:\/\/www.kress.com\/de-at\/angebote-und-aktionen\/kress-mega-rtkn-aktion-fussballfelder\/#breadcrumb","itemListElement":[{"@type":"ListItem","position":1,"name":"Home","item":"https:\/\/www.kress.com\/de-at\/"},{"@type":"ListItem","position":2,"name":"Angebote und aktionen","item":"https:\/\/www.kress.com\/de-at\/angebote-und-aktionen\/"},{"@type":"ListItem","position":3,"name":"Kress Mega RTKn for football fields promotion"}]},{"@type":"WebSite","@id":"https:\/\/www.kress.com\/de-de\/#website","url":"https:\/\/www.kress.com\/de-de\/","name":"Kress","description":"","publisher":{"@id":"https:\/\/www.kress.com\/de-de\/#organization"},"potentialAction":[{"@type":"SearchAction","target":{"@type":"EntryPoint","urlTemplate":"https:\/\/www.kress.com\/de-de\/?s={search_term_string}"},"query-input":{"@type":"PropertyValueSpecification","valueRequired":true,"valueName":"search_term_string"}}],"inLanguage":"de-AT"},{"@type":"Organization","@id":"https:\/\/www.kress.com\/de-de\/#organization","name":"Kress","url":"https:\/\/www.kress.com\/de-de\/","logo":{"@type":"ImageObject","inLanguage":"de-AT","@id":"https:\/\/www.kress.com\/de-de\/#\/schema\/logo\/image\/","url":"https:\/\/www.kress.com\/wp-content\/uploads\/2024\/02\/logo.png","contentUrl":"https:\/\/www.kress.com\/wp-content\/uploads\/2024\/02\/logo.png","width":696,"height":696,"caption":"Kress"},"image":{"@id":"https:\/\/www.kress.com\/de-de\/#\/schema\/logo\/image\/"}}]}},"_links":{"self":[{"href":"https:\/\/www.kress.com\/de-at\/wp-json\/wp\/v2\/pages\/424298","targetHints":{"allow":["GET"]}}],"collection":[{"href":"https:\/\/www.kress.com\/de-at\/wp-json\/wp\/v2\/pages"}],"about":[{"href":"https:\/\/www.kress.com\/de-at\/wp-json\/wp\/v2\/types\/page"}],"author":[{"embeddable":true,"href":"https:\/\/www.kress.com\/de-at\/wp-json\/wp\/v2\/users\/18"}],"replies":[{"embeddable":true,"href":"https:\/\/www.kress.com\/de-at\/wp-json\/wp\/v2\/comments?post=424298"}],"version-history":[{"count":3,"href":"https:\/\/www.kress.com\/de-at\/wp-json\/wp\/v2\/pages\/424298\/revisions"}],"predecessor-version":[{"id":484385,"href":"https:\/\/www.kress.com\/de-at\/wp-json\/wp\/v2\/pages\/424298\/revisions\/484385"}],"up":[{"embeddable":true,"href":"https:\/\/www.kress.com\/de-at\/wp-json\/wp\/v2\/pages\/392576"}],"wp:attachment":[{"href":"https:\/\/www.kress.com\/de-at\/wp-json\/wp\/v2\/media?parent=424298"}],"curies":[{"name":"wp","href":"https:\/\/api.w.org\/{rel}","templated":true}]}}