{"id":12381,"date":"2022-05-31T12:38:10","date_gmt":"2022-05-31T10:38:10","guid":{"rendered":"https:\/\/www.kress.com\/legal-notice\/"},"modified":"2025-10-29T16:24:36","modified_gmt":"2025-10-29T15:24:36","slug":"impressum","status":"publish","type":"page","link":"https:\/\/www.kress.com\/de-at\/impressum\/","title":{"rendered":"Impressum"},"content":{"rendered":"\n<p><strong>Positec Germany GmbH<\/strong><\/p>\n\n\n\n<p>Schanzenstrasse 22<br>51063 K\u00f6ln<br>Deutschland<\/p>\n\n\n\n<p><strong>Kontakt:<\/strong><br>Telefon: +49 (0) 221 \u2013 130 656 0<br>E-Mail: <strong><a href=\"mailto:kress.info@positecgroup.com\"><strong><a href=\"mailto:kress.info@positecgroup.com\">kress.info@positecgroup.com<\/a><\/strong><\/a><\/strong><\/p>\n\n\n\n<p><strong>CEO:<br><\/strong>Don Zhendong Gao<\/p>\n\n\n\n<p>Registergericht: Amtsgericht K\u00f6ln<br>Registernummer: HRB 71318<br>Umsatzsteuer-Identifikationsnummer gem\u00e4\u00df \u00a7 27 a UStG: DE813921765<\/p>\n","protected":false},"excerpt":{"rendered":"<p>Positec Germany GmbH Schanzenstrasse 2251063 K\u00f6lnDeutschland Kontakt:Telefon: +49 (0) 221 \u2013 130 656 0E-Mail: kress.info@positecgroup.com CEO:Don Zhendong Gao Registergericht: Amtsgericht K\u00f6lnRegisternummer: HRB 71318Umsatzsteuer-Identifikationsnummer gem\u00e4\u00df \u00a7 27 a UStG: DE813921765<\/p>\n","protected":false},"author":18,"featured_media":0,"parent":0,"menu_order":0,"comment_status":"closed","ping_status":"closed","template":"template-page-int.php","meta":{"_acf_changed":false,"footnotes":""},"class_list":["post-12381","page","type-page","status-publish","hentry"],"acf":[],"yoast_head":"<!-- This site is optimized with the Yoast SEO Premium plugin v26.5 (Yoast SEO v27.0) - https:\/\/yoast.com\/product\/yoast-seo-premium-wordpress\/ -->\n<title>Impressum | Kress<\/title>\n<meta name=\"description\" content=\"-1389\" \/>\n<meta name=\"robots\" content=\"index, follow, max-snippet:-1, max-image-preview:large, max-video-preview:-1\" \/>\n<meta property=\"og:locale\" content=\"de_DE\" \/>\n<meta property=\"og:type\" content=\"article\" \/>\n<meta property=\"og:title\" content=\"Impressum\" \/>\n<meta property=\"og:description\" content=\"-1389\" \/>\n<meta property=\"og:url\" content=\"https:\/\/www.kress.com\/de-at\/impressum\/\" \/>\n<meta property=\"og:site_name\" content=\"Kress\" \/>\n<meta property=\"article:modified_time\" content=\"2025-10-29T15:24:36+00:00\" \/>\n<meta property=\"og:image\" content=\"https:\/\/www.kress.com\/wp-content\/uploads\/2024\/02\/logo_long.png\" \/>\n\t<meta property=\"og:image:width\" content=\"1200\" \/>\n\t<meta property=\"og:image:height\" content=\"675\" \/>\n\t<meta property=\"og:image:type\" content=\"image\/png\" \/>\n<meta name=\"twitter:card\" content=\"summary_large_image\" \/>\n<meta name=\"twitter:label1\" content=\"Gesch\u00e4tzte Lesezeit\" \/>\n\t<meta name=\"twitter:data1\" content=\"1 Minute\" \/>\n<script type=\"application\/ld+json\" class=\"yoast-schema-graph\">{\"@context\":\"https:\/\/schema.org\",\"@graph\":[{\"@type\":\"WebPage\",\"@id\":\"https:\/\/www.kress.com\/de-at\/impressum\/\",\"url\":\"https:\/\/www.kress.com\/de-at\/impressum\/\",\"name\":\"Impressum | Kress\",\"isPartOf\":{\"@id\":\"https:\/\/www.kress.com\/de-de\/#website\"},\"datePublished\":\"2022-05-31T10:38:10+00:00\",\"dateModified\":\"2025-10-29T15:24:36+00:00\",\"description\":\"-1389\",\"breadcrumb\":{\"@id\":\"https:\/\/www.kress.com\/de-at\/impressum\/#breadcrumb\"},\"inLanguage\":\"de-AT\",\"potentialAction\":[{\"@type\":\"ReadAction\",\"target\":[\"https:\/\/www.kress.com\/de-at\/impressum\/\"]}]},{\"@type\":\"BreadcrumbList\",\"@id\":\"https:\/\/www.kress.com\/de-at\/impressum\/#breadcrumb\",\"itemListElement\":[{\"@type\":\"ListItem\",\"position\":1,\"name\":\"Home\",\"item\":\"https:\/\/www.kress.com\/de-at\/\"},{\"@type\":\"ListItem\",\"position\":2,\"name\":\"Impressum\"}]},{\"@type\":\"WebSite\",\"@id\":\"https:\/\/www.kress.com\/de-de\/#website\",\"url\":\"https:\/\/www.kress.com\/de-de\/\",\"name\":\"Kress\",\"description\":\"\",\"publisher\":{\"@id\":\"https:\/\/www.kress.com\/de-de\/#organization\"},\"potentialAction\":[{\"@type\":\"SearchAction\",\"target\":{\"@type\":\"EntryPoint\",\"urlTemplate\":\"https:\/\/www.kress.com\/de-de\/?s={search_term_string}\"},\"query-input\":{\"@type\":\"PropertyValueSpecification\",\"valueRequired\":true,\"valueName\":\"search_term_string\"}}],\"inLanguage\":\"de-AT\"},{\"@type\":\"Organization\",\"@id\":\"https:\/\/www.kress.com\/de-de\/#organization\",\"name\":\"Kress\",\"url\":\"https:\/\/www.kress.com\/de-de\/\",\"logo\":{\"@type\":\"ImageObject\",\"inLanguage\":\"de-AT\",\"@id\":\"https:\/\/www.kress.com\/de-de\/#\/schema\/logo\/image\/\",\"url\":\"https:\/\/www.kress.com\/wp-content\/uploads\/2024\/02\/logo.png\",\"contentUrl\":\"https:\/\/www.kress.com\/wp-content\/uploads\/2024\/02\/logo.png\",\"width\":696,\"height\":696,\"caption\":\"Kress\"},\"image\":{\"@id\":\"https:\/\/www.kress.com\/de-de\/#\/schema\/logo\/image\/\"}}]}<\/script>\n<!-- \/ Yoast SEO Premium plugin. -->","yoast_head_json":{"title":"Impressum | Kress","description":"-1389","robots":{"index":"index","follow":"follow","max-snippet":"max-snippet:-1","max-image-preview":"max-image-preview:large","max-video-preview":"max-video-preview:-1"},"og_locale":"de_DE","og_type":"article","og_title":"Impressum","og_description":"-1389","og_url":"https:\/\/www.kress.com\/de-at\/impressum\/","og_site_name":"Kress","article_modified_time":"2025-10-29T15:24:36+00:00","og_image":[{"width":1200,"height":675,"url":"https:\/\/www.kress.com\/wp-content\/uploads\/2024\/02\/logo_long.png","type":"image\/png"}],"twitter_card":"summary_large_image","twitter_misc":{"Gesch\u00e4tzte Lesezeit":"1 Minute"},"schema":{"@context":"https:\/\/schema.org","@graph":[{"@type":"WebPage","@id":"https:\/\/www.kress.com\/de-at\/impressum\/","url":"https:\/\/www.kress.com\/de-at\/impressum\/","name":"Impressum | Kress","isPartOf":{"@id":"https:\/\/www.kress.com\/de-de\/#website"},"datePublished":"2022-05-31T10:38:10+00:00","dateModified":"2025-10-29T15:24:36+00:00","description":"-1389","breadcrumb":{"@id":"https:\/\/www.kress.com\/de-at\/impressum\/#breadcrumb"},"inLanguage":"de-AT","potentialAction":[{"@type":"ReadAction","target":["https:\/\/www.kress.com\/de-at\/impressum\/"]}]},{"@type":"BreadcrumbList","@id":"https:\/\/www.kress.com\/de-at\/impressum\/#breadcrumb","itemListElement":[{"@type":"ListItem","position":1,"name":"Home","item":"https:\/\/www.kress.com\/de-at\/"},{"@type":"ListItem","position":2,"name":"Impressum"}]},{"@type":"WebSite","@id":"https:\/\/www.kress.com\/de-de\/#website","url":"https:\/\/www.kress.com\/de-de\/","name":"Kress","description":"","publisher":{"@id":"https:\/\/www.kress.com\/de-de\/#organization"},"potentialAction":[{"@type":"SearchAction","target":{"@type":"EntryPoint","urlTemplate":"https:\/\/www.kress.com\/de-de\/?s={search_term_string}"},"query-input":{"@type":"PropertyValueSpecification","valueRequired":true,"valueName":"search_term_string"}}],"inLanguage":"de-AT"},{"@type":"Organization","@id":"https:\/\/www.kress.com\/de-de\/#organization","name":"Kress","url":"https:\/\/www.kress.com\/de-de\/","logo":{"@type":"ImageObject","inLanguage":"de-AT","@id":"https:\/\/www.kress.com\/de-de\/#\/schema\/logo\/image\/","url":"https:\/\/www.kress.com\/wp-content\/uploads\/2024\/02\/logo.png","contentUrl":"https:\/\/www.kress.com\/wp-content\/uploads\/2024\/02\/logo.png","width":696,"height":696,"caption":"Kress"},"image":{"@id":"https:\/\/www.kress.com\/de-de\/#\/schema\/logo\/image\/"}}]}},"_links":{"self":[{"href":"https:\/\/www.kress.com\/de-at\/wp-json\/wp\/v2\/pages\/12381","targetHints":{"allow":["GET"]}}],"collection":[{"href":"https:\/\/www.kress.com\/de-at\/wp-json\/wp\/v2\/pages"}],"about":[{"href":"https:\/\/www.kress.com\/de-at\/wp-json\/wp\/v2\/types\/page"}],"author":[{"embeddable":true,"href":"https:\/\/www.kress.com\/de-at\/wp-json\/wp\/v2\/users\/18"}],"replies":[{"embeddable":true,"href":"https:\/\/www.kress.com\/de-at\/wp-json\/wp\/v2\/comments?post=12381"}],"version-history":[{"count":2,"href":"https:\/\/www.kress.com\/de-at\/wp-json\/wp\/v2\/pages\/12381\/revisions"}],"predecessor-version":[{"id":466612,"href":"https:\/\/www.kress.com\/de-at\/wp-json\/wp\/v2\/pages\/12381\/revisions\/466612"}],"wp:attachment":[{"href":"https:\/\/www.kress.com\/de-at\/wp-json\/wp\/v2\/media?parent=12381"}],"curies":[{"name":"wp","href":"https:\/\/api.w.org\/{rel}","templated":true}]}}