{"id":491542,"date":"2026-01-05T10:03:44","date_gmt":"2026-01-05T10:03:44","guid":{"rendered":""},"modified":"2026-01-05T10:00:25","modified_gmt":"2026-01-05T10:00:25","slug":"kc501-9","status":"publish","type":"product","link":"https:\/\/www.kress.com\/da-dk\/kc501-9\/","title":{"rendered":"Commercial 60V. Rygb\u00e5ret l\u00f8vbl\u00e6ser"},"content":{"rendered":"<p>Kress KC501 rygs\u00e6kbl\u00e6ser er designet til landskabsarkitekter, der vedligeholder erhvervsejendomme og kommuner, og leverer den h\u00f8jeste ydeevne i Kress-serien ved at kombinere et enest\u00e5ende effekt\/v\u00e6gt-forhold med komfort hele dagen for operat\u00f8ren ved kr\u00e6vende professionelt arbejde. Med en bl\u00e6sekraft p\u00e5 op til 41 N, en luftstr\u00f8m p\u00e5 1631 m\u00b3\/t og en lufthastighed p\u00e5 102,5 m\/s kan den m\u00e5le sig med avancerede 80 cc benzindrevne bl\u00e6sere og rydder effektivt tykt, v\u00e5dt affald i f\u00e6rre gennemgange. Med en st\u00f8jniveau p\u00e5 kun 62 dB overholder den reglerne for stillezoner, hvilket g\u00f8r den ideel til bymilj\u00f8er og st\u00f8jf\u00f8lsomme omgivelser. Som en del af Kress Commercial CyberSystem leverer den ensartet ydeevne med lavere driftsomkostninger end gas- og andre batterisystemer.<\/p>\n","protected":false},"excerpt":{"rendered":"<p>Kress KC501 rygs\u00e6kbl\u00e6ser er designet til landskabsarkitekter, der vedligeholder erhvervsejendomme og kommuner, og leverer den h\u00f8jeste ydeevne i Kress-serien ved at kombinere et enest\u00e5ende effekt\/v\u00e6gt-forhold med komfort hele dagen for operat\u00f8ren ved kr\u00e6vende professionelt arbejde. Med en bl\u00e6sekraft p\u00e5 op til 41 N, en luftstr\u00f8m p\u00e5 1631 m\u00b3\/t og en lufthastighed p\u00e5 102,5 m\/s kan [&hellip;]<\/p>\n","protected":false},"featured_media":0,"template":"","meta":{"_acf_changed":false},"product_brand":[],"product_cat":[],"product_tag":[],"class_list":{"0":"post-491542","1":"product","2":"type-product","3":"status-publish","6":"first","7":"instock","8":"shipping-taxable","9":"purchasable","10":"product-type-simple"},"acf":[],"yoast_head":"<!-- This site is optimized with the Yoast SEO Premium plugin v26.5 (Yoast SEO v27.0) - https:\/\/yoast.com\/product\/yoast-seo-premium-wordpress\/ -->\n<title>Commercial 60V. Rygb\u00e5ret l\u00f8vbl\u00e6ser | Kress<\/title>\n<meta name=\"robots\" content=\"index, follow, max-snippet:-1, max-image-preview:large, max-video-preview:-1\" \/>\n<meta property=\"og:locale\" content=\"da_DK\" \/>\n<meta property=\"og:type\" content=\"article\" \/>\n<meta property=\"og:title\" content=\"Commercial 60V. Rygb\u00e5ret l\u00f8vbl\u00e6ser\" \/>\n<meta property=\"og:description\" content=\"Kress KC501 rygs\u00e6kbl\u00e6ser er designet til landskabsarkitekter, der vedligeholder erhvervsejendomme og kommuner, og leverer den h\u00f8jeste ydeevne i Kress-serien ved at kombinere et enest\u00e5ende effekt\/v\u00e6gt-forhold med komfort hele dagen for operat\u00f8ren ved kr\u00e6vende professionelt arbejde. Med en bl\u00e6sekraft p\u00e5 op til 41 N, en luftstr\u00f8m p\u00e5 1631 m\u00b3\/t og en lufthastighed p\u00e5 102,5 m\/s kan [&hellip;]\" \/>\n<meta property=\"og:url\" content=\"https:\/\/www.kress.com\/en-gb\/?post_type=product&amp;p=491528\" \/>\n<meta property=\"og:site_name\" content=\"Kress\" \/>\n<meta property=\"og:image\" content=\"https:\/\/www.kress.com\/wp-content\/uploads\/2024\/02\/logo_long.png\" \/>\n\t<meta property=\"og:image:width\" content=\"1200\" \/>\n\t<meta property=\"og:image:height\" content=\"675\" \/>\n\t<meta property=\"og:image:type\" content=\"image\/png\" \/>\n<meta name=\"twitter:card\" content=\"summary_large_image\" \/>\n<meta name=\"twitter:label1\" content=\"Estimeret l\u00e6setid\" \/>\n\t<meta name=\"twitter:data1\" content=\"1 minut\" \/>\n<script type=\"application\/ld+json\" class=\"yoast-schema-graph\">{\"@context\":\"https:\/\/schema.org\",\"@graph\":[{\"@type\":\"WebPage\",\"@id\":\"https:\/\/www.kress.com\/en-gb\/?post_type=product&p=491528\",\"url\":\"https:\/\/www.kress.com\/en-gb\/?post_type=product&p=491528\",\"name\":\"Commercial 60V. Rygb\u00e5ret l\u00f8vbl\u00e6ser | Kress\",\"isPartOf\":{\"@id\":\"https:\/\/www.kress.com\/de-de\/#website\"},\"datePublished\":\"2026-01-05T10:03:44+00:00\",\"breadcrumb\":{\"@id\":\"https:\/\/www.kress.com\/en-gb\/?post_type=product&p=491528#breadcrumb\"},\"inLanguage\":\"da-DK\",\"potentialAction\":[{\"@type\":\"ReadAction\",\"target\":[\"https:\/\/www.kress.com\/en-gb\/?post_type=product&p=491528\"]}]},{\"@type\":\"BreadcrumbList\",\"@id\":\"https:\/\/www.kress.com\/en-gb\/?post_type=product&p=491528#breadcrumb\",\"itemListElement\":[{\"@type\":\"ListItem\",\"position\":1,\"name\":\"Home\",\"item\":\"https:\/\/www.kress.com\/da-dk\/\"},{\"@type\":\"ListItem\",\"position\":2,\"name\":\"Produits\",\"item\":\"https:\/\/www.kress.com\/fr-fr\/shop\/\"},{\"@type\":\"ListItem\",\"position\":3,\"name\":\"KC501.9\"}]},{\"@type\":\"WebSite\",\"@id\":\"https:\/\/www.kress.com\/de-de\/#website\",\"url\":\"https:\/\/www.kress.com\/de-de\/\",\"name\":\"Kress\",\"description\":\"\",\"publisher\":{\"@id\":\"https:\/\/www.kress.com\/de-de\/#organization\"},\"potentialAction\":[{\"@type\":\"SearchAction\",\"target\":{\"@type\":\"EntryPoint\",\"urlTemplate\":\"https:\/\/www.kress.com\/de-de\/?s={search_term_string}\"},\"query-input\":{\"@type\":\"PropertyValueSpecification\",\"valueRequired\":true,\"valueName\":\"search_term_string\"}}],\"inLanguage\":\"da-DK\"},{\"@type\":\"Organization\",\"@id\":\"https:\/\/www.kress.com\/de-de\/#organization\",\"name\":\"Kress\",\"url\":\"https:\/\/www.kress.com\/de-de\/\",\"logo\":{\"@type\":\"ImageObject\",\"inLanguage\":\"da-DK\",\"@id\":\"https:\/\/www.kress.com\/de-de\/#\/schema\/logo\/image\/\",\"url\":\"https:\/\/www.kress.com\/wp-content\/uploads\/2024\/02\/logo.png\",\"contentUrl\":\"https:\/\/www.kress.com\/wp-content\/uploads\/2024\/02\/logo.png\",\"width\":696,\"height\":696,\"caption\":\"Kress\"},\"image\":{\"@id\":\"https:\/\/www.kress.com\/de-de\/#\/schema\/logo\/image\/\"}}]}<\/script>\n<!-- \/ Yoast SEO Premium plugin. -->","yoast_head_json":{"title":"Commercial 60V. Rygb\u00e5ret l\u00f8vbl\u00e6ser | Kress","robots":{"index":"index","follow":"follow","max-snippet":"max-snippet:-1","max-image-preview":"max-image-preview:large","max-video-preview":"max-video-preview:-1"},"og_locale":"da_DK","og_type":"article","og_title":"Commercial 60V. Rygb\u00e5ret l\u00f8vbl\u00e6ser","og_description":"Kress KC501 rygs\u00e6kbl\u00e6ser er designet til landskabsarkitekter, der vedligeholder erhvervsejendomme og kommuner, og leverer den h\u00f8jeste ydeevne i Kress-serien ved at kombinere et enest\u00e5ende effekt\/v\u00e6gt-forhold med komfort hele dagen for operat\u00f8ren ved kr\u00e6vende professionelt arbejde. Med en bl\u00e6sekraft p\u00e5 op til 41 N, en luftstr\u00f8m p\u00e5 1631 m\u00b3\/t og en lufthastighed p\u00e5 102,5 m\/s kan [&hellip;]","og_url":"https:\/\/www.kress.com\/en-gb\/?post_type=product&p=491528","og_site_name":"Kress","og_image":[{"width":1200,"height":675,"url":"https:\/\/www.kress.com\/wp-content\/uploads\/2024\/02\/logo_long.png","type":"image\/png"}],"twitter_card":"summary_large_image","twitter_misc":{"Estimeret l\u00e6setid":"1 minut"},"schema":{"@context":"https:\/\/schema.org","@graph":[{"@type":"WebPage","@id":"https:\/\/www.kress.com\/en-gb\/?post_type=product&p=491528","url":"https:\/\/www.kress.com\/en-gb\/?post_type=product&p=491528","name":"Commercial 60V. Rygb\u00e5ret l\u00f8vbl\u00e6ser | Kress","isPartOf":{"@id":"https:\/\/www.kress.com\/de-de\/#website"},"datePublished":"2026-01-05T10:03:44+00:00","breadcrumb":{"@id":"https:\/\/www.kress.com\/en-gb\/?post_type=product&p=491528#breadcrumb"},"inLanguage":"da-DK","potentialAction":[{"@type":"ReadAction","target":["https:\/\/www.kress.com\/en-gb\/?post_type=product&p=491528"]}]},{"@type":"BreadcrumbList","@id":"https:\/\/www.kress.com\/en-gb\/?post_type=product&p=491528#breadcrumb","itemListElement":[{"@type":"ListItem","position":1,"name":"Home","item":"https:\/\/www.kress.com\/da-dk\/"},{"@type":"ListItem","position":2,"name":"Produits","item":"https:\/\/www.kress.com\/fr-fr\/shop\/"},{"@type":"ListItem","position":3,"name":"KC501.9"}]},{"@type":"WebSite","@id":"https:\/\/www.kress.com\/de-de\/#website","url":"https:\/\/www.kress.com\/de-de\/","name":"Kress","description":"","publisher":{"@id":"https:\/\/www.kress.com\/de-de\/#organization"},"potentialAction":[{"@type":"SearchAction","target":{"@type":"EntryPoint","urlTemplate":"https:\/\/www.kress.com\/de-de\/?s={search_term_string}"},"query-input":{"@type":"PropertyValueSpecification","valueRequired":true,"valueName":"search_term_string"}}],"inLanguage":"da-DK"},{"@type":"Organization","@id":"https:\/\/www.kress.com\/de-de\/#organization","name":"Kress","url":"https:\/\/www.kress.com\/de-de\/","logo":{"@type":"ImageObject","inLanguage":"da-DK","@id":"https:\/\/www.kress.com\/de-de\/#\/schema\/logo\/image\/","url":"https:\/\/www.kress.com\/wp-content\/uploads\/2024\/02\/logo.png","contentUrl":"https:\/\/www.kress.com\/wp-content\/uploads\/2024\/02\/logo.png","width":696,"height":696,"caption":"Kress"},"image":{"@id":"https:\/\/www.kress.com\/de-de\/#\/schema\/logo\/image\/"}}]}},"_links":{"self":[{"href":"https:\/\/www.kress.com\/da-dk\/wp-json\/wp\/v2\/product\/491542","targetHints":{"allow":["GET"]}}],"collection":[{"href":"https:\/\/www.kress.com\/da-dk\/wp-json\/wp\/v2\/product"}],"about":[{"href":"https:\/\/www.kress.com\/da-dk\/wp-json\/wp\/v2\/types\/product"}],"wp:attachment":[{"href":"https:\/\/www.kress.com\/da-dk\/wp-json\/wp\/v2\/media?parent=491542"}],"wp:term":[{"taxonomy":"product_brand","embeddable":true,"href":"https:\/\/www.kress.com\/da-dk\/wp-json\/wp\/v2\/product_brand?post=491542"},{"taxonomy":"product_cat","embeddable":true,"href":"https:\/\/www.kress.com\/da-dk\/wp-json\/wp\/v2\/product_cat?post=491542"},{"taxonomy":"product_tag","embeddable":true,"href":"https:\/\/www.kress.com\/da-dk\/wp-json\/wp\/v2\/product_tag?post=491542"}],"curies":[{"name":"wp","href":"https:\/\/api.w.org\/{rel}","templated":true}]}}