{"id":491488,"date":"2026-01-05T10:03:42","date_gmt":"2026-01-05T10:03:42","guid":{"rendered":""},"modified":"2026-01-05T10:00:25","modified_gmt":"2026-01-05T10:00:25","slug":"kc180-9","status":"publish","type":"product","link":"https:\/\/www.kress.com\/da-dk\/kc180-9\/","title":{"rendered":"Commercial 60V. Buskrydder"},"content":{"rendered":"<p>KC180 er den mest kraftfulde i Kress&#8217; sortiment af buskryddere med en effekt p\u00e5 2,0 kW, der kan sammenlignes med en 50 cc benzinmotor. Den er robust og alsidig, hvilket g\u00f8r den ideel til tunge kommunale og professionelle landskabsarkitekturopgaver, s\u00e5som rydning af h\u00e5rdt gr\u00e6s, findeling af plantev\u00e6kst og f\u00e6ldning af sm\u00e5 tr\u00e6er. Et design med lav vibration forbedrer komforten og stabiliteten ved l\u00e6ngerevarende brug. Som en del af Kress Commercial CyberSystem leverer den h\u00f8j ydeevne med fordelen af lavere driftsomkostninger sammenlignet med benzin- og andre batterisystemer.<\/p>\n","protected":false},"excerpt":{"rendered":"<p>KC180 er den mest kraftfulde i Kress&#8217; sortiment af buskryddere med en effekt p\u00e5 2,0 kW, der kan sammenlignes med en 50 cc benzinmotor. Den er robust og alsidig, hvilket g\u00f8r den ideel til tunge kommunale og professionelle landskabsarkitekturopgaver, s\u00e5som rydning af h\u00e5rdt gr\u00e6s, findeling af plantev\u00e6kst og f\u00e6ldning af sm\u00e5 tr\u00e6er. Et design med [&hellip;]<\/p>\n","protected":false},"featured_media":0,"template":"","meta":{"_acf_changed":false},"product_brand":[],"product_cat":[],"product_tag":[],"class_list":{"0":"post-491488","1":"product","2":"type-product","3":"status-publish","6":"first","7":"instock","8":"shipping-taxable","9":"purchasable","10":"product-type-simple"},"acf":[],"yoast_head":"<!-- This site is optimized with the Yoast SEO Premium plugin v27.5 (Yoast SEO v27.5) - https:\/\/yoast.com\/product\/yoast-seo-premium-wordpress\/ -->\n<title>Commercial 60V. Buskrydder | Kress<\/title>\n<meta name=\"robots\" content=\"index, follow, max-snippet:-1, max-image-preview:large, max-video-preview:-1\" \/>\n<meta property=\"og:locale\" content=\"da_DK\" \/>\n<meta property=\"og:type\" content=\"article\" \/>\n<meta property=\"og:title\" content=\"Commercial 60V. Buskrydder\" \/>\n<meta property=\"og:description\" content=\"KC180 er den mest kraftfulde i Kress&#8217; sortiment af buskryddere med en effekt p\u00e5 2,0 kW, der kan sammenlignes med en 50 cc benzinmotor. Den er robust og alsidig, hvilket g\u00f8r den ideel til tunge kommunale og professionelle landskabsarkitekturopgaver, s\u00e5som rydning af h\u00e5rdt gr\u00e6s, findeling af plantev\u00e6kst og f\u00e6ldning af sm\u00e5 tr\u00e6er. Et design med [&hellip;]\" \/>\n<meta property=\"og:url\" content=\"https:\/\/www.kress.com\/en-gb\/?post_type=product&amp;p=491474\" \/>\n<meta property=\"og:site_name\" content=\"Kress\" \/>\n<meta property=\"og:image\" content=\"https:\/\/www.kress.com\/wp-content\/uploads\/2024\/02\/logo_long.png\" \/>\n\t<meta property=\"og:image:width\" content=\"1200\" \/>\n\t<meta property=\"og:image:height\" content=\"675\" \/>\n\t<meta property=\"og:image:type\" content=\"image\/png\" \/>\n<meta name=\"twitter:card\" content=\"summary_large_image\" \/>\n<script type=\"application\/ld+json\" class=\"yoast-schema-graph\">{\"@context\":\"https:\\\/\\\/schema.org\",\"@graph\":[{\"@type\":\"WebPage\",\"@id\":\"https:\\\/\\\/www.kress.com\\\/en-gb\\\/?post_type=product&p=491474\",\"url\":\"https:\\\/\\\/www.kress.com\\\/en-gb\\\/?post_type=product&p=491474\",\"name\":\"Commercial 60V. Buskrydder | Kress\",\"isPartOf\":{\"@id\":\"https:\\\/\\\/www.kress.com\\\/de-de\\\/#website\"},\"datePublished\":\"2026-01-05T10:03:42+00:00\",\"breadcrumb\":{\"@id\":\"https:\\\/\\\/www.kress.com\\\/en-gb\\\/?post_type=product&p=491474#breadcrumb\"},\"inLanguage\":\"da-DK\",\"potentialAction\":[{\"@type\":\"ReadAction\",\"target\":[\"https:\\\/\\\/www.kress.com\\\/en-gb\\\/?post_type=product&p=491474\"]}]},{\"@type\":\"BreadcrumbList\",\"@id\":\"https:\\\/\\\/www.kress.com\\\/en-gb\\\/?post_type=product&p=491474#breadcrumb\",\"itemListElement\":[{\"@type\":\"ListItem\",\"position\":1,\"name\":\"Home\",\"item\":\"https:\\\/\\\/www.kress.com\\\/da-dk\\\/\"},{\"@type\":\"ListItem\",\"position\":2,\"name\":\"Produits\",\"item\":\"https:\\\/\\\/www.kress.com\\\/fr-fr\\\/shop\\\/\"},{\"@type\":\"ListItem\",\"position\":3,\"name\":\"60 V buskrydder i kommerciel kvalitet\"}]},{\"@type\":\"WebSite\",\"@id\":\"https:\\\/\\\/www.kress.com\\\/de-de\\\/#website\",\"url\":\"https:\\\/\\\/www.kress.com\\\/de-de\\\/\",\"name\":\"Kress\",\"description\":\"\",\"publisher\":{\"@id\":\"https:\\\/\\\/www.kress.com\\\/de-de\\\/#organization\"},\"potentialAction\":[{\"@type\":\"SearchAction\",\"target\":{\"@type\":\"EntryPoint\",\"urlTemplate\":\"https:\\\/\\\/www.kress.com\\\/de-de\\\/?s={search_term_string}\"},\"query-input\":{\"@type\":\"PropertyValueSpecification\",\"valueRequired\":true,\"valueName\":\"search_term_string\"}}],\"inLanguage\":\"da-DK\"},{\"@type\":\"Organization\",\"@id\":\"https:\\\/\\\/www.kress.com\\\/de-de\\\/#organization\",\"name\":\"Kress\",\"url\":\"https:\\\/\\\/www.kress.com\\\/de-de\\\/\",\"logo\":{\"@type\":\"ImageObject\",\"inLanguage\":\"da-DK\",\"@id\":\"https:\\\/\\\/www.kress.com\\\/de-de\\\/#\\\/schema\\\/logo\\\/image\\\/\",\"url\":\"https:\\\/\\\/www.kress.com\\\/wp-content\\\/uploads\\\/2024\\\/02\\\/logo.png\",\"contentUrl\":\"https:\\\/\\\/www.kress.com\\\/wp-content\\\/uploads\\\/2024\\\/02\\\/logo.png\",\"width\":696,\"height\":696,\"caption\":\"Kress\"},\"image\":{\"@id\":\"https:\\\/\\\/www.kress.com\\\/de-de\\\/#\\\/schema\\\/logo\\\/image\\\/\"}}]}<\/script>\n<!-- \/ Yoast SEO Premium plugin. -->","yoast_head_json":{"title":"Commercial 60V. Buskrydder | Kress","robots":{"index":"index","follow":"follow","max-snippet":"max-snippet:-1","max-image-preview":"max-image-preview:large","max-video-preview":"max-video-preview:-1"},"og_locale":"da_DK","og_type":"article","og_title":"Commercial 60V. Buskrydder","og_description":"KC180 er den mest kraftfulde i Kress&#8217; sortiment af buskryddere med en effekt p\u00e5 2,0 kW, der kan sammenlignes med en 50 cc benzinmotor. Den er robust og alsidig, hvilket g\u00f8r den ideel til tunge kommunale og professionelle landskabsarkitekturopgaver, s\u00e5som rydning af h\u00e5rdt gr\u00e6s, findeling af plantev\u00e6kst og f\u00e6ldning af sm\u00e5 tr\u00e6er. Et design med [&hellip;]","og_url":"https:\/\/www.kress.com\/en-gb\/?post_type=product&p=491474","og_site_name":"Kress","og_image":[{"width":1200,"height":675,"url":"https:\/\/www.kress.com\/wp-content\/uploads\/2024\/02\/logo_long.png","type":"image\/png"}],"twitter_card":"summary_large_image","schema":{"@context":"https:\/\/schema.org","@graph":[{"@type":"WebPage","@id":"https:\/\/www.kress.com\/en-gb\/?post_type=product&p=491474","url":"https:\/\/www.kress.com\/en-gb\/?post_type=product&p=491474","name":"Commercial 60V. Buskrydder | Kress","isPartOf":{"@id":"https:\/\/www.kress.com\/de-de\/#website"},"datePublished":"2026-01-05T10:03:42+00:00","breadcrumb":{"@id":"https:\/\/www.kress.com\/en-gb\/?post_type=product&p=491474#breadcrumb"},"inLanguage":"da-DK","potentialAction":[{"@type":"ReadAction","target":["https:\/\/www.kress.com\/en-gb\/?post_type=product&p=491474"]}]},{"@type":"BreadcrumbList","@id":"https:\/\/www.kress.com\/en-gb\/?post_type=product&p=491474#breadcrumb","itemListElement":[{"@type":"ListItem","position":1,"name":"Home","item":"https:\/\/www.kress.com\/da-dk\/"},{"@type":"ListItem","position":2,"name":"Produits","item":"https:\/\/www.kress.com\/fr-fr\/shop\/"},{"@type":"ListItem","position":3,"name":"60 V buskrydder i kommerciel kvalitet"}]},{"@type":"WebSite","@id":"https:\/\/www.kress.com\/de-de\/#website","url":"https:\/\/www.kress.com\/de-de\/","name":"Kress","description":"","publisher":{"@id":"https:\/\/www.kress.com\/de-de\/#organization"},"potentialAction":[{"@type":"SearchAction","target":{"@type":"EntryPoint","urlTemplate":"https:\/\/www.kress.com\/de-de\/?s={search_term_string}"},"query-input":{"@type":"PropertyValueSpecification","valueRequired":true,"valueName":"search_term_string"}}],"inLanguage":"da-DK"},{"@type":"Organization","@id":"https:\/\/www.kress.com\/de-de\/#organization","name":"Kress","url":"https:\/\/www.kress.com\/de-de\/","logo":{"@type":"ImageObject","inLanguage":"da-DK","@id":"https:\/\/www.kress.com\/de-de\/#\/schema\/logo\/image\/","url":"https:\/\/www.kress.com\/wp-content\/uploads\/2024\/02\/logo.png","contentUrl":"https:\/\/www.kress.com\/wp-content\/uploads\/2024\/02\/logo.png","width":696,"height":696,"caption":"Kress"},"image":{"@id":"https:\/\/www.kress.com\/de-de\/#\/schema\/logo\/image\/"}}]}},"_links":{"self":[{"href":"https:\/\/www.kress.com\/da-dk\/wp-json\/wp\/v2\/product\/491488","targetHints":{"allow":["GET"]}}],"collection":[{"href":"https:\/\/www.kress.com\/da-dk\/wp-json\/wp\/v2\/product"}],"about":[{"href":"https:\/\/www.kress.com\/da-dk\/wp-json\/wp\/v2\/types\/product"}],"wp:attachment":[{"href":"https:\/\/www.kress.com\/da-dk\/wp-json\/wp\/v2\/media?parent=491488"}],"wp:term":[{"taxonomy":"product_brand","embeddable":true,"href":"https:\/\/www.kress.com\/da-dk\/wp-json\/wp\/v2\/product_brand?post=491488"},{"taxonomy":"product_cat","embeddable":true,"href":"https:\/\/www.kress.com\/da-dk\/wp-json\/wp\/v2\/product_cat?post=491488"},{"taxonomy":"product_tag","embeddable":true,"href":"https:\/\/www.kress.com\/da-dk\/wp-json\/wp\/v2\/product_tag?post=491488"}],"curies":[{"name":"wp","href":"https:\/\/api.w.org\/{rel}","templated":true}]}}