{"id":481103,"date":"2025-12-01T10:03:35","date_gmt":"2025-12-01T10:03:35","guid":{"rendered":""},"modified":"2025-12-01T10:00:22","modified_gmt":"2025-12-01T10:00:22","slug":"kr273e","status":"publish","type":"product","link":"https:\/\/www.kress.com\/da-dk\/kr273e\/","title":{"rendered":"Kress EyePilot\u00ae RTK\u207f 3000 m\u00b2 robotpl\u00e6neklipper med ZeroTrim"},"content":{"rendered":"<p>Udviklet til pl\u00e6nepleje med pr\u00e6cision p\u00e5 golfbaneniveau bruger Kress EyePilot\u00ae RTK\u207f KR273E RTK\u207f satellitpositionering kombineret med vision-based registrering til at levere stabil og pr\u00e6cis navigation i havemilj\u00f8er \u2014 uden ekstra hardware. RTK\u207f-korrektion leveres over-the-air og forst\u00e6rkes af en redundant positioneringsarkitektur, s\u00e5 klipperen bevarer n\u00f8jagtigheden selv n\u00e5r satellitsignalet er kompromitteret. ZeroTrim klippesystem giver en ren og pr\u00e6cis kantklipning og reducerer behovet for manuel eftertrimning. Klippem\u00f8nstre kan indstilles til definerede striber eller et mere naturligt resultat. EyePilot forbliver p\u00e5lideligt forbundet via det integrerede 4G. 4G forbindelsen er inkluderet i hele maskinens levetid, og skal ikke fornyes. Maskinen er derved altid forbundet, opdateret og sporbar<\/p>\n","protected":false},"excerpt":{"rendered":"<p>Udviklet til pl\u00e6nepleje med pr\u00e6cision p\u00e5 golfbaneniveau bruger Kress EyePilot\u00ae RTK\u207f KR273E RTK\u207f satellitpositionering kombineret med vision-based registrering til at levere stabil og pr\u00e6cis navigation i havemilj\u00f8er \u2014 uden ekstra hardware. RTK\u207f-korrektion leveres over-the-air og forst\u00e6rkes af en redundant positioneringsarkitektur, s\u00e5 klipperen bevarer n\u00f8jagtigheden selv n\u00e5r satellitsignalet er kompromitteret. ZeroTrim klippesystem giver en ren og [&hellip;]<\/p>\n","protected":false},"featured_media":522466,"template":"","meta":{"_acf_changed":false},"product_brand":[],"product_cat":[],"product_tag":[],"class_list":{"0":"post-481103","1":"product","2":"type-product","3":"status-publish","4":"has-post-thumbnail","7":"first","8":"instock","9":"shipping-taxable","10":"purchasable","11":"product-type-simple"},"acf":[],"yoast_head":"<!-- This site is optimized with the Yoast SEO Premium plugin v26.5 (Yoast SEO v27.0) - https:\/\/yoast.com\/product\/yoast-seo-premium-wordpress\/ -->\n<title>Kress EyePilot\u00ae RTK\u207f 3000 m\u00b2 robotpl\u00e6neklipper med ZeroTrim | Kress<\/title>\n<meta name=\"robots\" content=\"index, follow, max-snippet:-1, max-image-preview:large, max-video-preview:-1\" \/>\n<meta property=\"og:locale\" content=\"da_DK\" \/>\n<meta property=\"og:type\" content=\"article\" \/>\n<meta property=\"og:title\" content=\"Kress EyePilot\u00ae RTK\u207f 3000 m\u00b2 robotpl\u00e6neklipper med ZeroTrim\" \/>\n<meta property=\"og:description\" content=\"Udviklet til pl\u00e6nepleje med pr\u00e6cision p\u00e5 golfbaneniveau bruger Kress EyePilot\u00ae RTK\u207f KR273E RTK\u207f satellitpositionering kombineret med vision-based registrering til at levere stabil og pr\u00e6cis navigation i havemilj\u00f8er \u2014 uden ekstra hardware. RTK\u207f-korrektion leveres over-the-air og forst\u00e6rkes af en redundant positioneringsarkitektur, s\u00e5 klipperen bevarer n\u00f8jagtigheden selv n\u00e5r satellitsignalet er kompromitteret. ZeroTrim klippesystem giver en ren og [&hellip;]\" \/>\n<meta property=\"og:url\" content=\"https:\/\/www.kress.com\/en-gb\/?post_type=product&amp;p=481089\" \/>\n<meta property=\"og:site_name\" content=\"Kress\" \/>\n<meta property=\"og:image\" content=\"https:\/\/www.kress.com\/wp-content\/uploads\/2024\/02\/logo_long.png\" \/>\n\t<meta property=\"og:image:width\" content=\"1200\" \/>\n\t<meta property=\"og:image:height\" content=\"675\" \/>\n\t<meta property=\"og:image:type\" content=\"image\/png\" \/>\n<meta name=\"twitter:card\" content=\"summary_large_image\" \/>\n<meta name=\"twitter:label1\" content=\"Estimeret l\u00e6setid\" \/>\n\t<meta name=\"twitter:data1\" content=\"1 minut\" \/>\n<script type=\"application\/ld+json\" class=\"yoast-schema-graph\">{\"@context\":\"https:\/\/schema.org\",\"@graph\":[{\"@type\":\"WebPage\",\"@id\":\"https:\/\/www.kress.com\/en-gb\/?post_type=product&p=481089\",\"url\":\"https:\/\/www.kress.com\/en-gb\/?post_type=product&p=481089\",\"name\":\"Kress EyePilot\u00ae RTK\u207f 3000 m\u00b2 robotpl\u00e6neklipper med ZeroTrim | Kress\",\"isPartOf\":{\"@id\":\"https:\/\/www.kress.com\/de-de\/#website\"},\"primaryImageOfPage\":{\"@id\":\"https:\/\/www.kress.com\/en-gb\/?post_type=product&p=481089#primaryimage\"},\"image\":{\"@id\":\"https:\/\/www.kress.com\/en-gb\/?post_type=product&p=481089#primaryimage\"},\"thumbnailUrl\":\"https:\/\/www.kress.com\/wp-content\/uploads\/onpage\/op_image_c90d7327007fe4bc9e97c7c7df690d28d8940c93.1980x.webp\",\"datePublished\":\"2025-12-01T10:03:35+00:00\",\"breadcrumb\":{\"@id\":\"https:\/\/www.kress.com\/en-gb\/?post_type=product&p=481089#breadcrumb\"},\"inLanguage\":\"da-DK\",\"potentialAction\":[{\"@type\":\"ReadAction\",\"target\":[\"https:\/\/www.kress.com\/en-gb\/?post_type=product&p=481089\"]}]},{\"@type\":\"ImageObject\",\"inLanguage\":\"da-DK\",\"@id\":\"https:\/\/www.kress.com\/en-gb\/?post_type=product&p=481089#primaryimage\",\"url\":\"https:\/\/www.kress.com\/wp-content\/uploads\/onpage\/op_image_c90d7327007fe4bc9e97c7c7df690d28d8940c93.1980x.webp\",\"contentUrl\":\"https:\/\/www.kress.com\/wp-content\/uploads\/onpage\/op_image_c90d7327007fe4bc9e97c7c7df690d28d8940c93.1980x.webp\",\"width\":1980,\"height\":1980},{\"@type\":\"BreadcrumbList\",\"@id\":\"https:\/\/www.kress.com\/en-gb\/?post_type=product&p=481089#breadcrumb\",\"itemListElement\":[{\"@type\":\"ListItem\",\"position\":1,\"name\":\"Home\",\"item\":\"https:\/\/www.kress.com\/da-dk\/\"},{\"@type\":\"ListItem\",\"position\":2,\"name\":\"Produits\",\"item\":\"https:\/\/www.kress.com\/fr-fr\/shop\/\"},{\"@type\":\"ListItem\",\"position\":3,\"name\":\"KR273E\"}]},{\"@type\":\"WebSite\",\"@id\":\"https:\/\/www.kress.com\/de-de\/#website\",\"url\":\"https:\/\/www.kress.com\/de-de\/\",\"name\":\"Kress\",\"description\":\"\",\"publisher\":{\"@id\":\"https:\/\/www.kress.com\/de-de\/#organization\"},\"potentialAction\":[{\"@type\":\"SearchAction\",\"target\":{\"@type\":\"EntryPoint\",\"urlTemplate\":\"https:\/\/www.kress.com\/de-de\/?s={search_term_string}\"},\"query-input\":{\"@type\":\"PropertyValueSpecification\",\"valueRequired\":true,\"valueName\":\"search_term_string\"}}],\"inLanguage\":\"da-DK\"},{\"@type\":\"Organization\",\"@id\":\"https:\/\/www.kress.com\/de-de\/#organization\",\"name\":\"Kress\",\"url\":\"https:\/\/www.kress.com\/de-de\/\",\"logo\":{\"@type\":\"ImageObject\",\"inLanguage\":\"da-DK\",\"@id\":\"https:\/\/www.kress.com\/de-de\/#\/schema\/logo\/image\/\",\"url\":\"https:\/\/www.kress.com\/wp-content\/uploads\/2024\/02\/logo.png\",\"contentUrl\":\"https:\/\/www.kress.com\/wp-content\/uploads\/2024\/02\/logo.png\",\"width\":696,\"height\":696,\"caption\":\"Kress\"},\"image\":{\"@id\":\"https:\/\/www.kress.com\/de-de\/#\/schema\/logo\/image\/\"}}]}<\/script>\n<!-- \/ Yoast SEO Premium plugin. -->","yoast_head_json":{"title":"Kress EyePilot\u00ae RTK\u207f 3000 m\u00b2 robotpl\u00e6neklipper med ZeroTrim | Kress","robots":{"index":"index","follow":"follow","max-snippet":"max-snippet:-1","max-image-preview":"max-image-preview:large","max-video-preview":"max-video-preview:-1"},"og_locale":"da_DK","og_type":"article","og_title":"Kress EyePilot\u00ae RTK\u207f 3000 m\u00b2 robotpl\u00e6neklipper med ZeroTrim","og_description":"Udviklet til pl\u00e6nepleje med pr\u00e6cision p\u00e5 golfbaneniveau bruger Kress EyePilot\u00ae RTK\u207f KR273E RTK\u207f satellitpositionering kombineret med vision-based registrering til at levere stabil og pr\u00e6cis navigation i havemilj\u00f8er \u2014 uden ekstra hardware. RTK\u207f-korrektion leveres over-the-air og forst\u00e6rkes af en redundant positioneringsarkitektur, s\u00e5 klipperen bevarer n\u00f8jagtigheden selv n\u00e5r satellitsignalet er kompromitteret. ZeroTrim klippesystem giver en ren og [&hellip;]","og_url":"https:\/\/www.kress.com\/en-gb\/?post_type=product&p=481089","og_site_name":"Kress","og_image":[{"width":1200,"height":675,"url":"https:\/\/www.kress.com\/wp-content\/uploads\/2024\/02\/logo_long.png","type":"image\/png"}],"twitter_card":"summary_large_image","twitter_misc":{"Estimeret l\u00e6setid":"1 minut"},"schema":{"@context":"https:\/\/schema.org","@graph":[{"@type":"WebPage","@id":"https:\/\/www.kress.com\/en-gb\/?post_type=product&p=481089","url":"https:\/\/www.kress.com\/en-gb\/?post_type=product&p=481089","name":"Kress EyePilot\u00ae RTK\u207f 3000 m\u00b2 robotpl\u00e6neklipper med ZeroTrim | Kress","isPartOf":{"@id":"https:\/\/www.kress.com\/de-de\/#website"},"primaryImageOfPage":{"@id":"https:\/\/www.kress.com\/en-gb\/?post_type=product&p=481089#primaryimage"},"image":{"@id":"https:\/\/www.kress.com\/en-gb\/?post_type=product&p=481089#primaryimage"},"thumbnailUrl":"https:\/\/www.kress.com\/wp-content\/uploads\/onpage\/op_image_c90d7327007fe4bc9e97c7c7df690d28d8940c93.1980x.webp","datePublished":"2025-12-01T10:03:35+00:00","breadcrumb":{"@id":"https:\/\/www.kress.com\/en-gb\/?post_type=product&p=481089#breadcrumb"},"inLanguage":"da-DK","potentialAction":[{"@type":"ReadAction","target":["https:\/\/www.kress.com\/en-gb\/?post_type=product&p=481089"]}]},{"@type":"ImageObject","inLanguage":"da-DK","@id":"https:\/\/www.kress.com\/en-gb\/?post_type=product&p=481089#primaryimage","url":"https:\/\/www.kress.com\/wp-content\/uploads\/onpage\/op_image_c90d7327007fe4bc9e97c7c7df690d28d8940c93.1980x.webp","contentUrl":"https:\/\/www.kress.com\/wp-content\/uploads\/onpage\/op_image_c90d7327007fe4bc9e97c7c7df690d28d8940c93.1980x.webp","width":1980,"height":1980},{"@type":"BreadcrumbList","@id":"https:\/\/www.kress.com\/en-gb\/?post_type=product&p=481089#breadcrumb","itemListElement":[{"@type":"ListItem","position":1,"name":"Home","item":"https:\/\/www.kress.com\/da-dk\/"},{"@type":"ListItem","position":2,"name":"Produits","item":"https:\/\/www.kress.com\/fr-fr\/shop\/"},{"@type":"ListItem","position":3,"name":"KR273E"}]},{"@type":"WebSite","@id":"https:\/\/www.kress.com\/de-de\/#website","url":"https:\/\/www.kress.com\/de-de\/","name":"Kress","description":"","publisher":{"@id":"https:\/\/www.kress.com\/de-de\/#organization"},"potentialAction":[{"@type":"SearchAction","target":{"@type":"EntryPoint","urlTemplate":"https:\/\/www.kress.com\/de-de\/?s={search_term_string}"},"query-input":{"@type":"PropertyValueSpecification","valueRequired":true,"valueName":"search_term_string"}}],"inLanguage":"da-DK"},{"@type":"Organization","@id":"https:\/\/www.kress.com\/de-de\/#organization","name":"Kress","url":"https:\/\/www.kress.com\/de-de\/","logo":{"@type":"ImageObject","inLanguage":"da-DK","@id":"https:\/\/www.kress.com\/de-de\/#\/schema\/logo\/image\/","url":"https:\/\/www.kress.com\/wp-content\/uploads\/2024\/02\/logo.png","contentUrl":"https:\/\/www.kress.com\/wp-content\/uploads\/2024\/02\/logo.png","width":696,"height":696,"caption":"Kress"},"image":{"@id":"https:\/\/www.kress.com\/de-de\/#\/schema\/logo\/image\/"}}]}},"_links":{"self":[{"href":"https:\/\/www.kress.com\/da-dk\/wp-json\/wp\/v2\/product\/481103","targetHints":{"allow":["GET"]}}],"collection":[{"href":"https:\/\/www.kress.com\/da-dk\/wp-json\/wp\/v2\/product"}],"about":[{"href":"https:\/\/www.kress.com\/da-dk\/wp-json\/wp\/v2\/types\/product"}],"wp:featuredmedia":[{"embeddable":true,"href":"https:\/\/www.kress.com\/da-dk\/wp-json\/wp\/v2\/media\/522466"}],"wp:attachment":[{"href":"https:\/\/www.kress.com\/da-dk\/wp-json\/wp\/v2\/media?parent=481103"}],"wp:term":[{"taxonomy":"product_brand","embeddable":true,"href":"https:\/\/www.kress.com\/da-dk\/wp-json\/wp\/v2\/product_brand?post=481103"},{"taxonomy":"product_cat","embeddable":true,"href":"https:\/\/www.kress.com\/da-dk\/wp-json\/wp\/v2\/product_cat?post=481103"},{"taxonomy":"product_tag","embeddable":true,"href":"https:\/\/www.kress.com\/da-dk\/wp-json\/wp\/v2\/product_tag?post=481103"}],"curies":[{"name":"wp","href":"https:\/\/api.w.org\/{rel}","templated":true}]}}