{"id":44682,"date":"2024-03-26T08:17:23","date_gmt":"2024-03-26T08:17:23","guid":{"rendered":""},"modified":"2025-10-17T10:00:22","modified_gmt":"2025-10-17T10:00:22","slug":"kress-commercial-powertrain-power-hub-kombimotor-kac104","status":"publish","type":"product","link":"https:\/\/www.kress.com\/da-dk\/kress-commercial-powertrain-power-hub-kombimotor-kac104\/","title":{"rendered":"Kress Commercial PowerTrain\u2122 Motorenhed"},"content":{"rendered":"<p>Med en effekt p\u00e5 1,3 kW leverer Kress PowerTrain\u2122 multiv\u00e6rkt\u00f8jet den alsidighed og styrke, der kr\u00e6ves for at l\u00f8se en lang r\u00e6kke opgaver med pr\u00e6cision. Det er problemfrit designet til at blive integreret med Kress-redskaber og sikrer uovertruffen ydeevne til enhver opgave.<\/p>\n","protected":false},"excerpt":{"rendered":"<p>Med en effekt p\u00e5 1,3 kW leverer Kress PowerTrain\u2122 multiv\u00e6rkt\u00f8jet den alsidighed og styrke, der kr\u00e6ves for at l\u00f8se en lang r\u00e6kke opgaver med pr\u00e6cision. Det er problemfrit designet til at blive integreret med Kress-redskaber og sikrer uovertruffen ydeevne til enhver opgave.<\/p>\n","protected":false},"featured_media":411448,"template":"","meta":{"_acf_changed":false},"product_brand":[],"product_cat":[],"product_tag":[],"class_list":{"0":"post-44682","1":"product","2":"type-product","3":"status-publish","4":"has-post-thumbnail","7":"first","8":"instock","9":"shipping-taxable","10":"purchasable","11":"product-type-simple"},"acf":[],"yoast_head":"<!-- This site is optimized with the Yoast SEO Premium plugin v26.5 (Yoast SEO v27.0) - https:\/\/yoast.com\/product\/yoast-seo-premium-wordpress\/ -->\n<title>Kress Commercial PowerTrain\u2122 Motorenhed | Kress<\/title>\n<meta name=\"robots\" content=\"index, follow, max-snippet:-1, max-image-preview:large, max-video-preview:-1\" \/>\n<meta property=\"og:locale\" content=\"da_DK\" \/>\n<meta property=\"og:type\" content=\"article\" \/>\n<meta property=\"og:title\" content=\"Kress Commercial PowerTrain\u2122 Motorenhed\" \/>\n<meta property=\"og:description\" content=\"Med en effekt p\u00e5 1,3 kW leverer Kress PowerTrain\u2122 multiv\u00e6rkt\u00f8jet den alsidighed og styrke, der kr\u00e6ves for at l\u00f8se en lang r\u00e6kke opgaver med pr\u00e6cision. Det er problemfrit designet til at blive integreret med Kress-redskaber og sikrer uovertruffen ydeevne til enhver opgave.\" \/>\n<meta property=\"og:url\" content=\"https:\/\/www.kress.com\/da-dk\/kress-commercial-powertrain-power-hub-kombimotor-kac104\/\" \/>\n<meta property=\"og:site_name\" content=\"Kress\" \/>\n<meta property=\"article:modified_time\" content=\"2025-10-17T10:00:22+00:00\" \/>\n<meta property=\"og:image\" content=\"https:\/\/www.kress.com\/wp-content\/uploads\/onpage\/op_image_d76fa3d5e5261efba26de49e5ecff8d1799ca6fd.1980x.webp\" \/>\n\t<meta property=\"og:image:width\" content=\"1980\" \/>\n\t<meta property=\"og:image:height\" content=\"1980\" \/>\n\t<meta property=\"og:image:type\" content=\"image\/webp\" \/>\n<meta name=\"twitter:card\" content=\"summary_large_image\" \/>\n<script type=\"application\/ld+json\" class=\"yoast-schema-graph\">{\"@context\":\"https:\/\/schema.org\",\"@graph\":[{\"@type\":\"WebPage\",\"@id\":\"https:\/\/www.kress.com\/da-dk\/kress-commercial-powertrain-power-hub-kombimotor-kac104\/\",\"url\":\"https:\/\/www.kress.com\/da-dk\/kress-commercial-powertrain-power-hub-kombimotor-kac104\/\",\"name\":\"Kress Commercial PowerTrain\u2122 Motorenhed | Kress\",\"isPartOf\":{\"@id\":\"https:\/\/www.kress.com\/de-de\/#website\"},\"primaryImageOfPage\":{\"@id\":\"https:\/\/www.kress.com\/da-dk\/kress-commercial-powertrain-power-hub-kombimotor-kac104\/#primaryimage\"},\"image\":{\"@id\":\"https:\/\/www.kress.com\/da-dk\/kress-commercial-powertrain-power-hub-kombimotor-kac104\/#primaryimage\"},\"thumbnailUrl\":\"https:\/\/www.kress.com\/wp-content\/uploads\/onpage\/op_image_d76fa3d5e5261efba26de49e5ecff8d1799ca6fd.1980x.webp\",\"datePublished\":\"2024-03-26T08:17:23+00:00\",\"dateModified\":\"2025-10-17T10:00:22+00:00\",\"breadcrumb\":{\"@id\":\"https:\/\/www.kress.com\/da-dk\/kress-commercial-powertrain-power-hub-kombimotor-kac104\/#breadcrumb\"},\"inLanguage\":\"da-DK\",\"potentialAction\":[{\"@type\":\"ReadAction\",\"target\":[\"https:\/\/www.kress.com\/da-dk\/kress-commercial-powertrain-power-hub-kombimotor-kac104\/\"]}]},{\"@type\":\"ImageObject\",\"inLanguage\":\"da-DK\",\"@id\":\"https:\/\/www.kress.com\/da-dk\/kress-commercial-powertrain-power-hub-kombimotor-kac104\/#primaryimage\",\"url\":\"https:\/\/www.kress.com\/wp-content\/uploads\/onpage\/op_image_d76fa3d5e5261efba26de49e5ecff8d1799ca6fd.1980x.webp\",\"contentUrl\":\"https:\/\/www.kress.com\/wp-content\/uploads\/onpage\/op_image_d76fa3d5e5261efba26de49e5ecff8d1799ca6fd.1980x.webp\",\"width\":1980,\"height\":1980},{\"@type\":\"BreadcrumbList\",\"@id\":\"https:\/\/www.kress.com\/da-dk\/kress-commercial-powertrain-power-hub-kombimotor-kac104\/#breadcrumb\",\"itemListElement\":[{\"@type\":\"ListItem\",\"position\":1,\"name\":\"Home\",\"item\":\"https:\/\/www.kress.com\/da-dk\/\"},{\"@type\":\"ListItem\",\"position\":2,\"name\":\"Produits\",\"item\":\"https:\/\/www.kress.com\/fr-fr\/shop\/\"},{\"@type\":\"ListItem\",\"position\":3,\"name\":\"Kress Commercial PowerTrain\u2122 power hub kombimotor\"}]},{\"@type\":\"WebSite\",\"@id\":\"https:\/\/www.kress.com\/de-de\/#website\",\"url\":\"https:\/\/www.kress.com\/de-de\/\",\"name\":\"Kress\",\"description\":\"\",\"publisher\":{\"@id\":\"https:\/\/www.kress.com\/de-de\/#organization\"},\"potentialAction\":[{\"@type\":\"SearchAction\",\"target\":{\"@type\":\"EntryPoint\",\"urlTemplate\":\"https:\/\/www.kress.com\/de-de\/?s={search_term_string}\"},\"query-input\":{\"@type\":\"PropertyValueSpecification\",\"valueRequired\":true,\"valueName\":\"search_term_string\"}}],\"inLanguage\":\"da-DK\"},{\"@type\":\"Organization\",\"@id\":\"https:\/\/www.kress.com\/de-de\/#organization\",\"name\":\"Kress\",\"url\":\"https:\/\/www.kress.com\/de-de\/\",\"logo\":{\"@type\":\"ImageObject\",\"inLanguage\":\"da-DK\",\"@id\":\"https:\/\/www.kress.com\/de-de\/#\/schema\/logo\/image\/\",\"url\":\"https:\/\/www.kress.com\/wp-content\/uploads\/2024\/02\/logo.png\",\"contentUrl\":\"https:\/\/www.kress.com\/wp-content\/uploads\/2024\/02\/logo.png\",\"width\":696,\"height\":696,\"caption\":\"Kress\"},\"image\":{\"@id\":\"https:\/\/www.kress.com\/de-de\/#\/schema\/logo\/image\/\"}}]}<\/script>\n<!-- \/ Yoast SEO Premium plugin. -->","yoast_head_json":{"title":"Kress Commercial PowerTrain\u2122 Motorenhed | Kress","robots":{"index":"index","follow":"follow","max-snippet":"max-snippet:-1","max-image-preview":"max-image-preview:large","max-video-preview":"max-video-preview:-1"},"og_locale":"da_DK","og_type":"article","og_title":"Kress Commercial PowerTrain\u2122 Motorenhed","og_description":"Med en effekt p\u00e5 1,3 kW leverer Kress PowerTrain\u2122 multiv\u00e6rkt\u00f8jet den alsidighed og styrke, der kr\u00e6ves for at l\u00f8se en lang r\u00e6kke opgaver med pr\u00e6cision. Det er problemfrit designet til at blive integreret med Kress-redskaber og sikrer uovertruffen ydeevne til enhver opgave.","og_url":"https:\/\/www.kress.com\/da-dk\/kress-commercial-powertrain-power-hub-kombimotor-kac104\/","og_site_name":"Kress","article_modified_time":"2025-10-17T10:00:22+00:00","og_image":[{"width":1980,"height":1980,"url":"https:\/\/www.kress.com\/wp-content\/uploads\/onpage\/op_image_d76fa3d5e5261efba26de49e5ecff8d1799ca6fd.1980x.webp","type":"image\/webp"}],"twitter_card":"summary_large_image","schema":{"@context":"https:\/\/schema.org","@graph":[{"@type":"WebPage","@id":"https:\/\/www.kress.com\/da-dk\/kress-commercial-powertrain-power-hub-kombimotor-kac104\/","url":"https:\/\/www.kress.com\/da-dk\/kress-commercial-powertrain-power-hub-kombimotor-kac104\/","name":"Kress Commercial PowerTrain\u2122 Motorenhed | Kress","isPartOf":{"@id":"https:\/\/www.kress.com\/de-de\/#website"},"primaryImageOfPage":{"@id":"https:\/\/www.kress.com\/da-dk\/kress-commercial-powertrain-power-hub-kombimotor-kac104\/#primaryimage"},"image":{"@id":"https:\/\/www.kress.com\/da-dk\/kress-commercial-powertrain-power-hub-kombimotor-kac104\/#primaryimage"},"thumbnailUrl":"https:\/\/www.kress.com\/wp-content\/uploads\/onpage\/op_image_d76fa3d5e5261efba26de49e5ecff8d1799ca6fd.1980x.webp","datePublished":"2024-03-26T08:17:23+00:00","dateModified":"2025-10-17T10:00:22+00:00","breadcrumb":{"@id":"https:\/\/www.kress.com\/da-dk\/kress-commercial-powertrain-power-hub-kombimotor-kac104\/#breadcrumb"},"inLanguage":"da-DK","potentialAction":[{"@type":"ReadAction","target":["https:\/\/www.kress.com\/da-dk\/kress-commercial-powertrain-power-hub-kombimotor-kac104\/"]}]},{"@type":"ImageObject","inLanguage":"da-DK","@id":"https:\/\/www.kress.com\/da-dk\/kress-commercial-powertrain-power-hub-kombimotor-kac104\/#primaryimage","url":"https:\/\/www.kress.com\/wp-content\/uploads\/onpage\/op_image_d76fa3d5e5261efba26de49e5ecff8d1799ca6fd.1980x.webp","contentUrl":"https:\/\/www.kress.com\/wp-content\/uploads\/onpage\/op_image_d76fa3d5e5261efba26de49e5ecff8d1799ca6fd.1980x.webp","width":1980,"height":1980},{"@type":"BreadcrumbList","@id":"https:\/\/www.kress.com\/da-dk\/kress-commercial-powertrain-power-hub-kombimotor-kac104\/#breadcrumb","itemListElement":[{"@type":"ListItem","position":1,"name":"Home","item":"https:\/\/www.kress.com\/da-dk\/"},{"@type":"ListItem","position":2,"name":"Produits","item":"https:\/\/www.kress.com\/fr-fr\/shop\/"},{"@type":"ListItem","position":3,"name":"Kress Commercial PowerTrain\u2122 power hub kombimotor"}]},{"@type":"WebSite","@id":"https:\/\/www.kress.com\/de-de\/#website","url":"https:\/\/www.kress.com\/de-de\/","name":"Kress","description":"","publisher":{"@id":"https:\/\/www.kress.com\/de-de\/#organization"},"potentialAction":[{"@type":"SearchAction","target":{"@type":"EntryPoint","urlTemplate":"https:\/\/www.kress.com\/de-de\/?s={search_term_string}"},"query-input":{"@type":"PropertyValueSpecification","valueRequired":true,"valueName":"search_term_string"}}],"inLanguage":"da-DK"},{"@type":"Organization","@id":"https:\/\/www.kress.com\/de-de\/#organization","name":"Kress","url":"https:\/\/www.kress.com\/de-de\/","logo":{"@type":"ImageObject","inLanguage":"da-DK","@id":"https:\/\/www.kress.com\/de-de\/#\/schema\/logo\/image\/","url":"https:\/\/www.kress.com\/wp-content\/uploads\/2024\/02\/logo.png","contentUrl":"https:\/\/www.kress.com\/wp-content\/uploads\/2024\/02\/logo.png","width":696,"height":696,"caption":"Kress"},"image":{"@id":"https:\/\/www.kress.com\/de-de\/#\/schema\/logo\/image\/"}}]}},"_links":{"self":[{"href":"https:\/\/www.kress.com\/da-dk\/wp-json\/wp\/v2\/product\/44682","targetHints":{"allow":["GET"]}}],"collection":[{"href":"https:\/\/www.kress.com\/da-dk\/wp-json\/wp\/v2\/product"}],"about":[{"href":"https:\/\/www.kress.com\/da-dk\/wp-json\/wp\/v2\/types\/product"}],"wp:featuredmedia":[{"embeddable":true,"href":"https:\/\/www.kress.com\/da-dk\/wp-json\/wp\/v2\/media\/411448"}],"wp:attachment":[{"href":"https:\/\/www.kress.com\/da-dk\/wp-json\/wp\/v2\/media?parent=44682"}],"wp:term":[{"taxonomy":"product_brand","embeddable":true,"href":"https:\/\/www.kress.com\/da-dk\/wp-json\/wp\/v2\/product_brand?post=44682"},{"taxonomy":"product_cat","embeddable":true,"href":"https:\/\/www.kress.com\/da-dk\/wp-json\/wp\/v2\/product_cat?post=44682"},{"taxonomy":"product_tag","embeddable":true,"href":"https:\/\/www.kress.com\/da-dk\/wp-json\/wp\/v2\/product_tag?post=44682"}],"curies":[{"name":"wp","href":"https:\/\/api.w.org\/{rel}","templated":true}]}}