{"id":42834,"date":"2024-03-26T08:17:14","date_gmt":"2024-03-26T08:17:14","guid":{"rendered":""},"modified":"2025-10-17T10:00:22","modified_gmt":"2025-10-17T10:00:22","slug":"kommerciel-60-v-stanghaekkeklipper-kc270-9","status":"publish","type":"product","link":"https:\/\/www.kress.com\/da-dk\/kommerciel-60-v-stanghaekkeklipper-kc270-9\/","title":{"rendered":"Commercial 60V. Stangh\u00e6kklipper &#8211; Langt skaft, leddelt hoved"},"content":{"rendered":"<p>Kress Commercial h\u00e6kkeklipper med langt skaft er designet til landskabsplejevirksomheder og kommuner, der \u00f8nsker at integrere b\u00e6redygtig praksis i deres drift, og har en robust effekt fra en 1 kW motor, der er p\u00e5 niveau med en traditionel 25 cc benzintrimmer. Det 145\u00b0 leddelte hoved og et 246 cm langt skaft giver alsidige klippevinkler og overlegen r\u00e6kkevidde til komplekse landskabsplejeopgaver. Som en del af Kress Commercial CyberSystem leverer den high-end ydeevne med fordelen af lavere driftsomkostninger sammenlignet med benzin og andre batterisystemer.<\/p>\n","protected":false},"excerpt":{"rendered":"<p>Kress Commercial h\u00e6kkeklipper med langt skaft er designet til landskabsplejevirksomheder og kommuner, der \u00f8nsker at integrere b\u00e6redygtig praksis i deres drift, og har en robust effekt fra en 1 kW motor, der er p\u00e5 niveau med en traditionel 25 cc benzintrimmer. Det 145\u00b0 leddelte hoved og et 246 cm langt skaft giver alsidige klippevinkler og [&hellip;]<\/p>\n","protected":false},"featured_media":410704,"template":"","meta":{"_acf_changed":false},"product_brand":[],"product_cat":[],"product_tag":[],"class_list":{"0":"post-42834","1":"product","2":"type-product","3":"status-publish","4":"has-post-thumbnail","7":"first","8":"instock","9":"shipping-taxable","10":"purchasable","11":"product-type-simple"},"acf":[],"yoast_head":"<!-- This site is optimized with the Yoast SEO Premium plugin v26.5 (Yoast SEO v27.0) - https:\/\/yoast.com\/product\/yoast-seo-premium-wordpress\/ -->\n<title>Commercial 60V. Stangh\u00e6kklipper - Langt skaft, leddelt hoved | Kress<\/title>\n<meta name=\"robots\" content=\"index, follow, max-snippet:-1, max-image-preview:large, max-video-preview:-1\" \/>\n<meta property=\"og:locale\" content=\"da_DK\" \/>\n<meta property=\"og:type\" content=\"article\" \/>\n<meta property=\"og:title\" content=\"Commercial 60V. Stangh\u00e6kklipper - Langt skaft, leddelt hoved\" \/>\n<meta property=\"og:description\" content=\"Kress Commercial h\u00e6kkeklipper med langt skaft er designet til landskabsplejevirksomheder og kommuner, der \u00f8nsker at integrere b\u00e6redygtig praksis i deres drift, og har en robust effekt fra en 1 kW motor, der er p\u00e5 niveau med en traditionel 25 cc benzintrimmer. Det 145\u00b0 leddelte hoved og et 246 cm langt skaft giver alsidige klippevinkler og [&hellip;]\" \/>\n<meta property=\"og:url\" content=\"https:\/\/www.kress.com\/da-dk\/kommerciel-60-v-stanghaekkeklipper-kc270-9\/\" \/>\n<meta property=\"og:site_name\" content=\"Kress\" \/>\n<meta property=\"article:modified_time\" content=\"2025-10-17T10:00:22+00:00\" \/>\n<meta property=\"og:image\" content=\"https:\/\/www.kress.com\/wp-content\/uploads\/onpage\/op_image_532d6b0f006f5374f0bc2c2f49bd50e42fedad90.1980x.webp\" \/>\n\t<meta property=\"og:image:width\" content=\"1980\" \/>\n\t<meta property=\"og:image:height\" content=\"1980\" \/>\n\t<meta property=\"og:image:type\" content=\"image\/webp\" \/>\n<meta name=\"twitter:card\" content=\"summary_large_image\" \/>\n<script type=\"application\/ld+json\" class=\"yoast-schema-graph\">{\"@context\":\"https:\/\/schema.org\",\"@graph\":[{\"@type\":\"WebPage\",\"@id\":\"https:\/\/www.kress.com\/da-dk\/kommerciel-60-v-stanghaekkeklipper-kc270-9\/\",\"url\":\"https:\/\/www.kress.com\/da-dk\/kommerciel-60-v-stanghaekkeklipper-kc270-9\/\",\"name\":\"Commercial 60V. Stangh\u00e6kklipper - Langt skaft, leddelt hoved | Kress\",\"isPartOf\":{\"@id\":\"https:\/\/www.kress.com\/de-de\/#website\"},\"primaryImageOfPage\":{\"@id\":\"https:\/\/www.kress.com\/da-dk\/kommerciel-60-v-stanghaekkeklipper-kc270-9\/#primaryimage\"},\"image\":{\"@id\":\"https:\/\/www.kress.com\/da-dk\/kommerciel-60-v-stanghaekkeklipper-kc270-9\/#primaryimage\"},\"thumbnailUrl\":\"https:\/\/www.kress.com\/wp-content\/uploads\/onpage\/op_image_532d6b0f006f5374f0bc2c2f49bd50e42fedad90.1980x.webp\",\"datePublished\":\"2024-03-26T08:17:14+00:00\",\"dateModified\":\"2025-10-17T10:00:22+00:00\",\"breadcrumb\":{\"@id\":\"https:\/\/www.kress.com\/da-dk\/kommerciel-60-v-stanghaekkeklipper-kc270-9\/#breadcrumb\"},\"inLanguage\":\"da-DK\",\"potentialAction\":[{\"@type\":\"ReadAction\",\"target\":[\"https:\/\/www.kress.com\/da-dk\/kommerciel-60-v-stanghaekkeklipper-kc270-9\/\"]}]},{\"@type\":\"ImageObject\",\"inLanguage\":\"da-DK\",\"@id\":\"https:\/\/www.kress.com\/da-dk\/kommerciel-60-v-stanghaekkeklipper-kc270-9\/#primaryimage\",\"url\":\"https:\/\/www.kress.com\/wp-content\/uploads\/onpage\/op_image_532d6b0f006f5374f0bc2c2f49bd50e42fedad90.1980x.webp\",\"contentUrl\":\"https:\/\/www.kress.com\/wp-content\/uploads\/onpage\/op_image_532d6b0f006f5374f0bc2c2f49bd50e42fedad90.1980x.webp\",\"width\":1980,\"height\":1980},{\"@type\":\"BreadcrumbList\",\"@id\":\"https:\/\/www.kress.com\/da-dk\/kommerciel-60-v-stanghaekkeklipper-kc270-9\/#breadcrumb\",\"itemListElement\":[{\"@type\":\"ListItem\",\"position\":1,\"name\":\"Home\",\"item\":\"https:\/\/www.kress.com\/da-dk\/\"},{\"@type\":\"ListItem\",\"position\":2,\"name\":\"Produits\",\"item\":\"https:\/\/www.kress.com\/fr-fr\/shop\/\"},{\"@type\":\"ListItem\",\"position\":3,\"name\":\"Kommerciel 60 V stangh\u00e6kkeklipper\"}]},{\"@type\":\"WebSite\",\"@id\":\"https:\/\/www.kress.com\/de-de\/#website\",\"url\":\"https:\/\/www.kress.com\/de-de\/\",\"name\":\"Kress\",\"description\":\"\",\"publisher\":{\"@id\":\"https:\/\/www.kress.com\/de-de\/#organization\"},\"potentialAction\":[{\"@type\":\"SearchAction\",\"target\":{\"@type\":\"EntryPoint\",\"urlTemplate\":\"https:\/\/www.kress.com\/de-de\/?s={search_term_string}\"},\"query-input\":{\"@type\":\"PropertyValueSpecification\",\"valueRequired\":true,\"valueName\":\"search_term_string\"}}],\"inLanguage\":\"da-DK\"},{\"@type\":\"Organization\",\"@id\":\"https:\/\/www.kress.com\/de-de\/#organization\",\"name\":\"Kress\",\"url\":\"https:\/\/www.kress.com\/de-de\/\",\"logo\":{\"@type\":\"ImageObject\",\"inLanguage\":\"da-DK\",\"@id\":\"https:\/\/www.kress.com\/de-de\/#\/schema\/logo\/image\/\",\"url\":\"https:\/\/www.kress.com\/wp-content\/uploads\/2024\/02\/logo.png\",\"contentUrl\":\"https:\/\/www.kress.com\/wp-content\/uploads\/2024\/02\/logo.png\",\"width\":696,\"height\":696,\"caption\":\"Kress\"},\"image\":{\"@id\":\"https:\/\/www.kress.com\/de-de\/#\/schema\/logo\/image\/\"}}]}<\/script>\n<!-- \/ Yoast SEO Premium plugin. -->","yoast_head_json":{"title":"Commercial 60V. Stangh\u00e6kklipper - Langt skaft, leddelt hoved | Kress","robots":{"index":"index","follow":"follow","max-snippet":"max-snippet:-1","max-image-preview":"max-image-preview:large","max-video-preview":"max-video-preview:-1"},"og_locale":"da_DK","og_type":"article","og_title":"Commercial 60V. Stangh\u00e6kklipper - Langt skaft, leddelt hoved","og_description":"Kress Commercial h\u00e6kkeklipper med langt skaft er designet til landskabsplejevirksomheder og kommuner, der \u00f8nsker at integrere b\u00e6redygtig praksis i deres drift, og har en robust effekt fra en 1 kW motor, der er p\u00e5 niveau med en traditionel 25 cc benzintrimmer. Det 145\u00b0 leddelte hoved og et 246 cm langt skaft giver alsidige klippevinkler og [&hellip;]","og_url":"https:\/\/www.kress.com\/da-dk\/kommerciel-60-v-stanghaekkeklipper-kc270-9\/","og_site_name":"Kress","article_modified_time":"2025-10-17T10:00:22+00:00","og_image":[{"width":1980,"height":1980,"url":"https:\/\/www.kress.com\/wp-content\/uploads\/onpage\/op_image_532d6b0f006f5374f0bc2c2f49bd50e42fedad90.1980x.webp","type":"image\/webp"}],"twitter_card":"summary_large_image","schema":{"@context":"https:\/\/schema.org","@graph":[{"@type":"WebPage","@id":"https:\/\/www.kress.com\/da-dk\/kommerciel-60-v-stanghaekkeklipper-kc270-9\/","url":"https:\/\/www.kress.com\/da-dk\/kommerciel-60-v-stanghaekkeklipper-kc270-9\/","name":"Commercial 60V. Stangh\u00e6kklipper - Langt skaft, leddelt hoved | Kress","isPartOf":{"@id":"https:\/\/www.kress.com\/de-de\/#website"},"primaryImageOfPage":{"@id":"https:\/\/www.kress.com\/da-dk\/kommerciel-60-v-stanghaekkeklipper-kc270-9\/#primaryimage"},"image":{"@id":"https:\/\/www.kress.com\/da-dk\/kommerciel-60-v-stanghaekkeklipper-kc270-9\/#primaryimage"},"thumbnailUrl":"https:\/\/www.kress.com\/wp-content\/uploads\/onpage\/op_image_532d6b0f006f5374f0bc2c2f49bd50e42fedad90.1980x.webp","datePublished":"2024-03-26T08:17:14+00:00","dateModified":"2025-10-17T10:00:22+00:00","breadcrumb":{"@id":"https:\/\/www.kress.com\/da-dk\/kommerciel-60-v-stanghaekkeklipper-kc270-9\/#breadcrumb"},"inLanguage":"da-DK","potentialAction":[{"@type":"ReadAction","target":["https:\/\/www.kress.com\/da-dk\/kommerciel-60-v-stanghaekkeklipper-kc270-9\/"]}]},{"@type":"ImageObject","inLanguage":"da-DK","@id":"https:\/\/www.kress.com\/da-dk\/kommerciel-60-v-stanghaekkeklipper-kc270-9\/#primaryimage","url":"https:\/\/www.kress.com\/wp-content\/uploads\/onpage\/op_image_532d6b0f006f5374f0bc2c2f49bd50e42fedad90.1980x.webp","contentUrl":"https:\/\/www.kress.com\/wp-content\/uploads\/onpage\/op_image_532d6b0f006f5374f0bc2c2f49bd50e42fedad90.1980x.webp","width":1980,"height":1980},{"@type":"BreadcrumbList","@id":"https:\/\/www.kress.com\/da-dk\/kommerciel-60-v-stanghaekkeklipper-kc270-9\/#breadcrumb","itemListElement":[{"@type":"ListItem","position":1,"name":"Home","item":"https:\/\/www.kress.com\/da-dk\/"},{"@type":"ListItem","position":2,"name":"Produits","item":"https:\/\/www.kress.com\/fr-fr\/shop\/"},{"@type":"ListItem","position":3,"name":"Kommerciel 60 V stangh\u00e6kkeklipper"}]},{"@type":"WebSite","@id":"https:\/\/www.kress.com\/de-de\/#website","url":"https:\/\/www.kress.com\/de-de\/","name":"Kress","description":"","publisher":{"@id":"https:\/\/www.kress.com\/de-de\/#organization"},"potentialAction":[{"@type":"SearchAction","target":{"@type":"EntryPoint","urlTemplate":"https:\/\/www.kress.com\/de-de\/?s={search_term_string}"},"query-input":{"@type":"PropertyValueSpecification","valueRequired":true,"valueName":"search_term_string"}}],"inLanguage":"da-DK"},{"@type":"Organization","@id":"https:\/\/www.kress.com\/de-de\/#organization","name":"Kress","url":"https:\/\/www.kress.com\/de-de\/","logo":{"@type":"ImageObject","inLanguage":"da-DK","@id":"https:\/\/www.kress.com\/de-de\/#\/schema\/logo\/image\/","url":"https:\/\/www.kress.com\/wp-content\/uploads\/2024\/02\/logo.png","contentUrl":"https:\/\/www.kress.com\/wp-content\/uploads\/2024\/02\/logo.png","width":696,"height":696,"caption":"Kress"},"image":{"@id":"https:\/\/www.kress.com\/de-de\/#\/schema\/logo\/image\/"}}]}},"_links":{"self":[{"href":"https:\/\/www.kress.com\/da-dk\/wp-json\/wp\/v2\/product\/42834","targetHints":{"allow":["GET"]}}],"collection":[{"href":"https:\/\/www.kress.com\/da-dk\/wp-json\/wp\/v2\/product"}],"about":[{"href":"https:\/\/www.kress.com\/da-dk\/wp-json\/wp\/v2\/types\/product"}],"wp:featuredmedia":[{"embeddable":true,"href":"https:\/\/www.kress.com\/da-dk\/wp-json\/wp\/v2\/media\/410704"}],"wp:attachment":[{"href":"https:\/\/www.kress.com\/da-dk\/wp-json\/wp\/v2\/media?parent=42834"}],"wp:term":[{"taxonomy":"product_brand","embeddable":true,"href":"https:\/\/www.kress.com\/da-dk\/wp-json\/wp\/v2\/product_brand?post=42834"},{"taxonomy":"product_cat","embeddable":true,"href":"https:\/\/www.kress.com\/da-dk\/wp-json\/wp\/v2\/product_cat?post=42834"},{"taxonomy":"product_tag","embeddable":true,"href":"https:\/\/www.kress.com\/da-dk\/wp-json\/wp\/v2\/product_tag?post=42834"}],"curies":[{"name":"wp","href":"https:\/\/api.w.org\/{rel}","templated":true}]}}