{"id":419341,"date":"2025-04-21T04:30:49","date_gmt":"2025-04-21T02:30:49","guid":{"rendered":""},"modified":"2025-10-17T10:00:22","modified_gmt":"2025-10-17T10:00:22","slug":"60-v-motorsav-i-kommerciel-kvalitet-kc340-9","status":"publish","type":"product","link":"https:\/\/www.kress.com\/da-dk\/60-v-motorsav-i-kommerciel-kvalitet-kc340-9\/","title":{"rendered":"Commercial 60V. K\u00e6desav"},"content":{"rendered":"<p>Denne Kress Commercial-k\u00e6desav er designet til anl\u00e6gsgartnerfirmaer og kommuner, der \u00f8nsker at integrere b\u00e6redygtige metoder i deres drift, og den er den mest kraftfulde i vores sortiment. Den leverer et massivt output p\u00e5 3,8 kW &#8211; svarende til en 70 cc benzinsav. Men i mods\u00e6tning til benzinmotorer, der mister drejningsmoment under belastning, giver den et \u00f8jeblikkeligt, ensartet drejningsmoment, der overg\u00e5r benzinsave, pr\u00e6cis n\u00e5r det betyder mest: f\u00e6ldning af l\u00f8vtr\u00e6 med stor diameter og kr\u00e6vende fjernelsesopgaver. Som en del af Kress Commercial CyberSystem leverer den high-end performance med fordelen af lavere driftsomkostninger sammenlignet med benzin og andre batterisystemer.<\/p>\n","protected":false},"excerpt":{"rendered":"<p>Denne Kress Commercial-k\u00e6desav er designet til anl\u00e6gsgartnerfirmaer og kommuner, der \u00f8nsker at integrere b\u00e6redygtige metoder i deres drift, og den er den mest kraftfulde i vores sortiment. Den leverer et massivt output p\u00e5 3,8 kW &#8211; svarende til en 70 cc benzinsav. Men i mods\u00e6tning til benzinmotorer, der mister drejningsmoment under belastning, giver den et [&hellip;]<\/p>\n","protected":false},"featured_media":0,"template":"","meta":{"_acf_changed":false},"product_brand":[],"product_cat":[],"product_tag":[],"class_list":{"0":"post-419341","1":"product","2":"type-product","3":"status-publish","6":"first","7":"instock","8":"shipping-taxable","9":"purchasable","10":"product-type-simple"},"acf":[],"yoast_head":"<!-- This site is optimized with the Yoast SEO Premium plugin v26.5 (Yoast SEO v27.0) - https:\/\/yoast.com\/product\/yoast-seo-premium-wordpress\/ -->\n<title>Commercial 60V. K\u00e6desav | Kress<\/title>\n<meta name=\"robots\" content=\"index, follow, max-snippet:-1, max-image-preview:large, max-video-preview:-1\" \/>\n<meta property=\"og:locale\" content=\"da_DK\" \/>\n<meta property=\"og:type\" content=\"article\" \/>\n<meta property=\"og:title\" content=\"Commercial 60V. K\u00e6desav\" \/>\n<meta property=\"og:description\" content=\"Denne Kress Commercial-k\u00e6desav er designet til anl\u00e6gsgartnerfirmaer og kommuner, der \u00f8nsker at integrere b\u00e6redygtige metoder i deres drift, og den er den mest kraftfulde i vores sortiment. Den leverer et massivt output p\u00e5 3,8 kW &#8211; svarende til en 70 cc benzinsav. Men i mods\u00e6tning til benzinmotorer, der mister drejningsmoment under belastning, giver den et [&hellip;]\" \/>\n<meta property=\"og:url\" content=\"https:\/\/www.kress.com\/da-dk\/60-v-motorsav-i-kommerciel-kvalitet-kc340-9\/\" \/>\n<meta property=\"og:site_name\" content=\"Kress\" \/>\n<meta property=\"article:modified_time\" content=\"2025-10-17T10:00:22+00:00\" \/>\n<meta property=\"og:image\" content=\"https:\/\/www.kress.com\/wp-content\/uploads\/2024\/02\/logo_long.png\" \/>\n\t<meta property=\"og:image:width\" content=\"1200\" \/>\n\t<meta property=\"og:image:height\" content=\"675\" \/>\n\t<meta property=\"og:image:type\" content=\"image\/png\" \/>\n<meta name=\"twitter:card\" content=\"summary_large_image\" \/>\n<meta name=\"twitter:label1\" content=\"Estimeret l\u00e6setid\" \/>\n\t<meta name=\"twitter:data1\" content=\"1 minut\" \/>\n<script type=\"application\/ld+json\" class=\"yoast-schema-graph\">{\"@context\":\"https:\/\/schema.org\",\"@graph\":[{\"@type\":\"WebPage\",\"@id\":\"https:\/\/www.kress.com\/da-dk\/60-v-motorsav-i-kommerciel-kvalitet-kc340-9\/\",\"url\":\"https:\/\/www.kress.com\/da-dk\/60-v-motorsav-i-kommerciel-kvalitet-kc340-9\/\",\"name\":\"Commercial 60V. K\u00e6desav | Kress\",\"isPartOf\":{\"@id\":\"https:\/\/www.kress.com\/de-de\/#website\"},\"datePublished\":\"2025-04-21T02:30:49+00:00\",\"dateModified\":\"2025-10-17T10:00:22+00:00\",\"breadcrumb\":{\"@id\":\"https:\/\/www.kress.com\/da-dk\/60-v-motorsav-i-kommerciel-kvalitet-kc340-9\/#breadcrumb\"},\"inLanguage\":\"da-DK\",\"potentialAction\":[{\"@type\":\"ReadAction\",\"target\":[\"https:\/\/www.kress.com\/da-dk\/60-v-motorsav-i-kommerciel-kvalitet-kc340-9\/\"]}]},{\"@type\":\"BreadcrumbList\",\"@id\":\"https:\/\/www.kress.com\/da-dk\/60-v-motorsav-i-kommerciel-kvalitet-kc340-9\/#breadcrumb\",\"itemListElement\":[{\"@type\":\"ListItem\",\"position\":1,\"name\":\"Home\",\"item\":\"https:\/\/www.kress.com\/da-dk\/\"},{\"@type\":\"ListItem\",\"position\":2,\"name\":\"Produits\",\"item\":\"https:\/\/www.kress.com\/fr-fr\/shop\/\"},{\"@type\":\"ListItem\",\"position\":3,\"name\":\"60 V motorsav i kommerciel kvalitet\"}]},{\"@type\":\"WebSite\",\"@id\":\"https:\/\/www.kress.com\/de-de\/#website\",\"url\":\"https:\/\/www.kress.com\/de-de\/\",\"name\":\"Kress\",\"description\":\"\",\"publisher\":{\"@id\":\"https:\/\/www.kress.com\/de-de\/#organization\"},\"potentialAction\":[{\"@type\":\"SearchAction\",\"target\":{\"@type\":\"EntryPoint\",\"urlTemplate\":\"https:\/\/www.kress.com\/de-de\/?s={search_term_string}\"},\"query-input\":{\"@type\":\"PropertyValueSpecification\",\"valueRequired\":true,\"valueName\":\"search_term_string\"}}],\"inLanguage\":\"da-DK\"},{\"@type\":\"Organization\",\"@id\":\"https:\/\/www.kress.com\/de-de\/#organization\",\"name\":\"Kress\",\"url\":\"https:\/\/www.kress.com\/de-de\/\",\"logo\":{\"@type\":\"ImageObject\",\"inLanguage\":\"da-DK\",\"@id\":\"https:\/\/www.kress.com\/de-de\/#\/schema\/logo\/image\/\",\"url\":\"https:\/\/www.kress.com\/wp-content\/uploads\/2024\/02\/logo.png\",\"contentUrl\":\"https:\/\/www.kress.com\/wp-content\/uploads\/2024\/02\/logo.png\",\"width\":696,\"height\":696,\"caption\":\"Kress\"},\"image\":{\"@id\":\"https:\/\/www.kress.com\/de-de\/#\/schema\/logo\/image\/\"}}]}<\/script>\n<!-- \/ Yoast SEO Premium plugin. -->","yoast_head_json":{"title":"Commercial 60V. K\u00e6desav | Kress","robots":{"index":"index","follow":"follow","max-snippet":"max-snippet:-1","max-image-preview":"max-image-preview:large","max-video-preview":"max-video-preview:-1"},"og_locale":"da_DK","og_type":"article","og_title":"Commercial 60V. K\u00e6desav","og_description":"Denne Kress Commercial-k\u00e6desav er designet til anl\u00e6gsgartnerfirmaer og kommuner, der \u00f8nsker at integrere b\u00e6redygtige metoder i deres drift, og den er den mest kraftfulde i vores sortiment. Den leverer et massivt output p\u00e5 3,8 kW &#8211; svarende til en 70 cc benzinsav. Men i mods\u00e6tning til benzinmotorer, der mister drejningsmoment under belastning, giver den et [&hellip;]","og_url":"https:\/\/www.kress.com\/da-dk\/60-v-motorsav-i-kommerciel-kvalitet-kc340-9\/","og_site_name":"Kress","article_modified_time":"2025-10-17T10:00:22+00:00","og_image":[{"width":1200,"height":675,"url":"https:\/\/www.kress.com\/wp-content\/uploads\/2024\/02\/logo_long.png","type":"image\/png"}],"twitter_card":"summary_large_image","twitter_misc":{"Estimeret l\u00e6setid":"1 minut"},"schema":{"@context":"https:\/\/schema.org","@graph":[{"@type":"WebPage","@id":"https:\/\/www.kress.com\/da-dk\/60-v-motorsav-i-kommerciel-kvalitet-kc340-9\/","url":"https:\/\/www.kress.com\/da-dk\/60-v-motorsav-i-kommerciel-kvalitet-kc340-9\/","name":"Commercial 60V. K\u00e6desav | Kress","isPartOf":{"@id":"https:\/\/www.kress.com\/de-de\/#website"},"datePublished":"2025-04-21T02:30:49+00:00","dateModified":"2025-10-17T10:00:22+00:00","breadcrumb":{"@id":"https:\/\/www.kress.com\/da-dk\/60-v-motorsav-i-kommerciel-kvalitet-kc340-9\/#breadcrumb"},"inLanguage":"da-DK","potentialAction":[{"@type":"ReadAction","target":["https:\/\/www.kress.com\/da-dk\/60-v-motorsav-i-kommerciel-kvalitet-kc340-9\/"]}]},{"@type":"BreadcrumbList","@id":"https:\/\/www.kress.com\/da-dk\/60-v-motorsav-i-kommerciel-kvalitet-kc340-9\/#breadcrumb","itemListElement":[{"@type":"ListItem","position":1,"name":"Home","item":"https:\/\/www.kress.com\/da-dk\/"},{"@type":"ListItem","position":2,"name":"Produits","item":"https:\/\/www.kress.com\/fr-fr\/shop\/"},{"@type":"ListItem","position":3,"name":"60 V motorsav i kommerciel kvalitet"}]},{"@type":"WebSite","@id":"https:\/\/www.kress.com\/de-de\/#website","url":"https:\/\/www.kress.com\/de-de\/","name":"Kress","description":"","publisher":{"@id":"https:\/\/www.kress.com\/de-de\/#organization"},"potentialAction":[{"@type":"SearchAction","target":{"@type":"EntryPoint","urlTemplate":"https:\/\/www.kress.com\/de-de\/?s={search_term_string}"},"query-input":{"@type":"PropertyValueSpecification","valueRequired":true,"valueName":"search_term_string"}}],"inLanguage":"da-DK"},{"@type":"Organization","@id":"https:\/\/www.kress.com\/de-de\/#organization","name":"Kress","url":"https:\/\/www.kress.com\/de-de\/","logo":{"@type":"ImageObject","inLanguage":"da-DK","@id":"https:\/\/www.kress.com\/de-de\/#\/schema\/logo\/image\/","url":"https:\/\/www.kress.com\/wp-content\/uploads\/2024\/02\/logo.png","contentUrl":"https:\/\/www.kress.com\/wp-content\/uploads\/2024\/02\/logo.png","width":696,"height":696,"caption":"Kress"},"image":{"@id":"https:\/\/www.kress.com\/de-de\/#\/schema\/logo\/image\/"}}]}},"_links":{"self":[{"href":"https:\/\/www.kress.com\/da-dk\/wp-json\/wp\/v2\/product\/419341","targetHints":{"allow":["GET"]}}],"collection":[{"href":"https:\/\/www.kress.com\/da-dk\/wp-json\/wp\/v2\/product"}],"about":[{"href":"https:\/\/www.kress.com\/da-dk\/wp-json\/wp\/v2\/types\/product"}],"wp:attachment":[{"href":"https:\/\/www.kress.com\/da-dk\/wp-json\/wp\/v2\/media?parent=419341"}],"wp:term":[{"taxonomy":"product_brand","embeddable":true,"href":"https:\/\/www.kress.com\/da-dk\/wp-json\/wp\/v2\/product_brand?post=419341"},{"taxonomy":"product_cat","embeddable":true,"href":"https:\/\/www.kress.com\/da-dk\/wp-json\/wp\/v2\/product_cat?post=419341"},{"taxonomy":"product_tag","embeddable":true,"href":"https:\/\/www.kress.com\/da-dk\/wp-json\/wp\/v2\/product_tag?post=419341"}],"curies":[{"name":"wp","href":"https:\/\/api.w.org\/{rel}","templated":true}]}}